{"id":577,"date":"2020-08-11T18:03:42","date_gmt":"2020-08-11T16:03:42","guid":{"rendered":"https:\/\/www.sgn-berlin.de\/?page_id=577"},"modified":"2021-02-02T10:23:39","modified_gmt":"2021-02-02T09:23:39","slug":"die-laserbehandlung-fuer-vaginale-gesundheit","status":"publish","type":"page","link":"https:\/\/www.sgn-berlin.de\/en\/vaginal-rejuvenation-monalisa-touch\/","title":{"rendered":"Vaginal Rejuvenation with MonaLisa Touch\u00ae"},"content":{"rendered":"","protected":false},"excerpt":{"rendered":"","protected":false},"author":1,"featured_media":475,"parent":0,"menu_order":0,"comment_status":"closed","ping_status":"closed","template":"","meta":{"_locale":"en_US","_original_post":"447","footnotes":""},"class_list":["post-577","page","type-page","status-publish","has-post-thumbnail","hentry","en-US"],"yoast_head":"<!-- This site is optimized with the Yoast SEO plugin v26.7 - https:\/\/yoast.com\/wordpress\/plugins\/seo\/ -->\n<title>Vaginal rejuvenation with MonaLisa Touch\u00ae | SGN Berlin<\/title>\n<meta name=\"description\" content=\"Discover vaginal rejuvenation with MonaLisa Touch\u00ae! | Better feeling, more fun with sex &amp; more fulfilling partnership! T +49 (0)30 30 10 91 93\" \/>\n<meta name=\"robots\" content=\"index, follow, max-snippet:-1, max-image-preview:large, max-video-preview:-1\" \/>\n<link rel=\"canonical\" href=\"https:\/\/www.sgn-berlin.de\/en\/vaginal-rejuvenation-monalisa-touch\/\" \/>\n<meta property=\"og:locale\" content=\"en_US\" \/>\n<meta property=\"og:type\" content=\"article\" \/>\n<meta property=\"og:title\" content=\"Vaginal rejuvenation with MonaLisa Touch\u00ae | SGN Berlin\" \/>\n<meta property=\"og:description\" content=\"Discover vaginal rejuvenation with MonaLisa Touch\u00ae! | Better feeling, more fun with sex &amp; more fulfilling partnership! T +49 (0)30 30 10 91 93\" \/>\n<meta property=\"og:url\" content=\"https:\/\/www.sgn-berlin.de\/en\/vaginal-rejuvenation-monalisa-touch\/\" \/>\n<meta property=\"og:site_name\" content=\"SGN Berlin\" \/>\n<meta property=\"article:modified_time\" content=\"2021-02-02T09:23:39+00:00\" \/>\n<meta property=\"og:image\" content=\"https:\/\/www.sgn-berlin.de\/wp-content\/uploads\/2018\/03\/sng_MonaLisaTouch.png\" \/>\n\t<meta property=\"og:image:width\" content=\"1440\" \/>\n\t<meta property=\"og:image:height\" content=\"777\" \/>\n\t<meta property=\"og:image:type\" content=\"image\/png\" \/>\n<meta name=\"twitter:card\" content=\"summary_large_image\" \/>\n<script type=\"application\/ld+json\" class=\"yoast-schema-graph\">{\"@context\":\"https:\/\/schema.org\",\"@graph\":[{\"@type\":\"WebPage\",\"@id\":\"https:\/\/www.sgn-berlin.de\/en\/vaginal-rejuvenation-monalisa-touch\/\",\"url\":\"https:\/\/www.sgn-berlin.de\/en\/vaginal-rejuvenation-monalisa-touch\/\",\"name\":\"Vaginal rejuvenation with MonaLisa Touch\u00ae | SGN Berlin\",\"isPartOf\":{\"@id\":\"https:\/\/www.sgn-berlin.de\/#website\"},\"primaryImageOfPage\":{\"@id\":\"https:\/\/www.sgn-berlin.de\/en\/vaginal-rejuvenation-monalisa-touch\/#primaryimage\"},\"image\":{\"@id\":\"https:\/\/www.sgn-berlin.de\/en\/vaginal-rejuvenation-monalisa-touch\/#primaryimage\"},\"thumbnailUrl\":\"https:\/\/www.sgn-berlin.de\/wp-content\/uploads\/2018\/03\/sng_MonaLisaTouch.png\",\"datePublished\":\"2020-08-11T16:03:42+00:00\",\"dateModified\":\"2021-02-02T09:23:39+00:00\",\"description\":\"Discover vaginal rejuvenation with MonaLisa Touch\u00ae! | Better feeling, more fun with sex & more fulfilling partnership! T +49 (0)30 30 10 91 93\",\"breadcrumb\":{\"@id\":\"https:\/\/www.sgn-berlin.de\/en\/vaginal-rejuvenation-monalisa-touch\/#breadcrumb\"},\"inLanguage\":\"en-US\",\"potentialAction\":[{\"@type\":\"ReadAction\",\"target\":[\"https:\/\/www.sgn-berlin.de\/en\/vaginal-rejuvenation-monalisa-touch\/\"]}]},{\"@type\":\"ImageObject\",\"inLanguage\":\"en-US\",\"@id\":\"https:\/\/www.sgn-berlin.de\/en\/vaginal-rejuvenation-monalisa-touch\/#primaryimage\",\"url\":\"https:\/\/www.sgn-berlin.de\/wp-content\/uploads\/2018\/03\/sng_MonaLisaTouch.png\",\"contentUrl\":\"https:\/\/www.sgn-berlin.de\/wp-content\/uploads\/2018\/03\/sng_MonaLisaTouch.png\",\"width\":1440,\"height\":777,\"caption\":\"Laserbehandlung gegen Scheidentrockenheit\"},{\"@type\":\"BreadcrumbList\",\"@id\":\"https:\/\/www.sgn-berlin.de\/en\/vaginal-rejuvenation-monalisa-touch\/#breadcrumb\",\"itemListElement\":[{\"@type\":\"ListItem\",\"position\":1,\"name\":\"Home\",\"item\":\"https:\/\/www.sgn-berlin.de\/en\/\"},{\"@type\":\"ListItem\",\"position\":2,\"name\":\"Vaginal Rejuvenation with MonaLisa Touch\u00ae\"}]},{\"@type\":\"WebSite\",\"@id\":\"https:\/\/www.sgn-berlin.de\/#website\",\"url\":\"https:\/\/www.sgn-berlin.de\/\",\"name\":\"SGN Berlin\",\"description\":\"\",\"publisher\":{\"@id\":\"https:\/\/www.sgn-berlin.de\/#organization\"},\"potentialAction\":[{\"@type\":\"SearchAction\",\"target\":{\"@type\":\"EntryPoint\",\"urlTemplate\":\"https:\/\/www.sgn-berlin.de\/?s={search_term_string}\"},\"query-input\":{\"@type\":\"PropertyValueSpecification\",\"valueRequired\":true,\"valueName\":\"search_term_string\"}}],\"inLanguage\":\"en-US\"},{\"@type\":\"Organization\",\"@id\":\"https:\/\/www.sgn-berlin.de\/#organization\",\"name\":\"Dr. med. Sybille G\u00f6rlitz-Novakovic | Fach\u00e4rztin f\u00fcr Gyn\u00e4kologie und Geburtshilfe\",\"url\":\"https:\/\/www.sgn-berlin.de\/\",\"logo\":{\"@type\":\"ImageObject\",\"inLanguage\":\"en-US\",\"@id\":\"https:\/\/www.sgn-berlin.de\/#\/schema\/logo\/image\/\",\"url\":\"https:\/\/www.sgn-berlin.de\/wp-content\/uploads\/2022\/05\/Bildschirmfoto-2022-05-31-um-15.48.37.png\",\"contentUrl\":\"https:\/\/www.sgn-berlin.de\/wp-content\/uploads\/2022\/05\/Bildschirmfoto-2022-05-31-um-15.48.37.png\",\"width\":228,\"height\":107,\"caption\":\"Dr. med. Sybille G\u00f6rlitz-Novakovic | Fach\u00e4rztin f\u00fcr Gyn\u00e4kologie und Geburtshilfe\"},\"image\":{\"@id\":\"https:\/\/www.sgn-berlin.de\/#\/schema\/logo\/image\/\"}}]}<\/script>\n<!-- \/ Yoast SEO plugin. -->","yoast_head_json":{"title":"Vaginal rejuvenation with MonaLisa Touch\u00ae | SGN Berlin","description":"Discover vaginal rejuvenation with MonaLisa Touch\u00ae! | Better feeling, more fun with sex & more fulfilling partnership! T +49 (0)30 30 10 91 93","robots":{"index":"index","follow":"follow","max-snippet":"max-snippet:-1","max-image-preview":"max-image-preview:large","max-video-preview":"max-video-preview:-1"},"canonical":"https:\/\/www.sgn-berlin.de\/en\/vaginal-rejuvenation-monalisa-touch\/","og_locale":"en_US","og_type":"article","og_title":"Vaginal rejuvenation with MonaLisa Touch\u00ae | SGN Berlin","og_description":"Discover vaginal rejuvenation with MonaLisa Touch\u00ae! | Better feeling, more fun with sex & more fulfilling partnership! T +49 (0)30 30 10 91 93","og_url":"https:\/\/www.sgn-berlin.de\/en\/vaginal-rejuvenation-monalisa-touch\/","og_site_name":"SGN Berlin","article_modified_time":"2021-02-02T09:23:39+00:00","og_image":[{"width":1440,"height":777,"url":"https:\/\/www.sgn-berlin.de\/wp-content\/uploads\/2018\/03\/sng_MonaLisaTouch.png","type":"image\/png"}],"twitter_card":"summary_large_image","schema":{"@context":"https:\/\/schema.org","@graph":[{"@type":"WebPage","@id":"https:\/\/www.sgn-berlin.de\/en\/vaginal-rejuvenation-monalisa-touch\/","url":"https:\/\/www.sgn-berlin.de\/en\/vaginal-rejuvenation-monalisa-touch\/","name":"Vaginal rejuvenation with MonaLisa Touch\u00ae | SGN Berlin","isPartOf":{"@id":"https:\/\/www.sgn-berlin.de\/#website"},"primaryImageOfPage":{"@id":"https:\/\/www.sgn-berlin.de\/en\/vaginal-rejuvenation-monalisa-touch\/#primaryimage"},"image":{"@id":"https:\/\/www.sgn-berlin.de\/en\/vaginal-rejuvenation-monalisa-touch\/#primaryimage"},"thumbnailUrl":"https:\/\/www.sgn-berlin.de\/wp-content\/uploads\/2018\/03\/sng_MonaLisaTouch.png","datePublished":"2020-08-11T16:03:42+00:00","dateModified":"2021-02-02T09:23:39+00:00","description":"Discover vaginal rejuvenation with MonaLisa Touch\u00ae! | Better feeling, more fun with sex & more fulfilling partnership! T +49 (0)30 30 10 91 93","breadcrumb":{"@id":"https:\/\/www.sgn-berlin.de\/en\/vaginal-rejuvenation-monalisa-touch\/#breadcrumb"},"inLanguage":"en-US","potentialAction":[{"@type":"ReadAction","target":["https:\/\/www.sgn-berlin.de\/en\/vaginal-rejuvenation-monalisa-touch\/"]}]},{"@type":"ImageObject","inLanguage":"en-US","@id":"https:\/\/www.sgn-berlin.de\/en\/vaginal-rejuvenation-monalisa-touch\/#primaryimage","url":"https:\/\/www.sgn-berlin.de\/wp-content\/uploads\/2018\/03\/sng_MonaLisaTouch.png","contentUrl":"https:\/\/www.sgn-berlin.de\/wp-content\/uploads\/2018\/03\/sng_MonaLisaTouch.png","width":1440,"height":777,"caption":"Laserbehandlung gegen Scheidentrockenheit"},{"@type":"BreadcrumbList","@id":"https:\/\/www.sgn-berlin.de\/en\/vaginal-rejuvenation-monalisa-touch\/#breadcrumb","itemListElement":[{"@type":"ListItem","position":1,"name":"Home","item":"https:\/\/www.sgn-berlin.de\/en\/"},{"@type":"ListItem","position":2,"name":"Vaginal Rejuvenation with MonaLisa Touch\u00ae"}]},{"@type":"WebSite","@id":"https:\/\/www.sgn-berlin.de\/#website","url":"https:\/\/www.sgn-berlin.de\/","name":"SGN Berlin","description":"","publisher":{"@id":"https:\/\/www.sgn-berlin.de\/#organization"},"potentialAction":[{"@type":"SearchAction","target":{"@type":"EntryPoint","urlTemplate":"https:\/\/www.sgn-berlin.de\/?s={search_term_string}"},"query-input":{"@type":"PropertyValueSpecification","valueRequired":true,"valueName":"search_term_string"}}],"inLanguage":"en-US"},{"@type":"Organization","@id":"https:\/\/www.sgn-berlin.de\/#organization","name":"Dr. med. Sybille G\u00f6rlitz-Novakovic | Fach\u00e4rztin f\u00fcr Gyn\u00e4kologie und Geburtshilfe","url":"https:\/\/www.sgn-berlin.de\/","logo":{"@type":"ImageObject","inLanguage":"en-US","@id":"https:\/\/www.sgn-berlin.de\/#\/schema\/logo\/image\/","url":"https:\/\/www.sgn-berlin.de\/wp-content\/uploads\/2022\/05\/Bildschirmfoto-2022-05-31-um-15.48.37.png","contentUrl":"https:\/\/www.sgn-berlin.de\/wp-content\/uploads\/2022\/05\/Bildschirmfoto-2022-05-31-um-15.48.37.png","width":228,"height":107,"caption":"Dr. med. Sybille G\u00f6rlitz-Novakovic | Fach\u00e4rztin f\u00fcr Gyn\u00e4kologie und Geburtshilfe"},"image":{"@id":"https:\/\/www.sgn-berlin.de\/#\/schema\/logo\/image\/"}}]}},"_links":{"self":[{"href":"https:\/\/www.sgn-berlin.de\/wp-json\/wp\/v2\/pages\/577","targetHints":{"allow":["GET"]}}],"collection":[{"href":"https:\/\/www.sgn-berlin.de\/wp-json\/wp\/v2\/pages"}],"about":[{"href":"https:\/\/www.sgn-berlin.de\/wp-json\/wp\/v2\/types\/page"}],"author":[{"embeddable":true,"href":"https:\/\/www.sgn-berlin.de\/wp-json\/wp\/v2\/users\/1"}],"replies":[{"embeddable":true,"href":"https:\/\/www.sgn-berlin.de\/wp-json\/wp\/v2\/comments?post=577"}],"version-history":[{"count":2,"href":"https:\/\/www.sgn-berlin.de\/wp-json\/wp\/v2\/pages\/577\/revisions"}],"predecessor-version":[{"id":1307,"href":"https:\/\/www.sgn-berlin.de\/wp-json\/wp\/v2\/pages\/577\/revisions\/1307"}],"wp:featuredmedia":[{"embeddable":true,"href":"https:\/\/www.sgn-berlin.de\/wp-json\/wp\/v2\/media\/475"}],"wp:attachment":[{"href":"https:\/\/www.sgn-berlin.de\/wp-json\/wp\/v2\/media?parent=577"}],"curies":[{"name":"wp","href":"https:\/\/api.w.org\/{rel}","templated":true}]}}