{"id":580,"date":"2020-08-12T10:30:39","date_gmt":"2020-08-12T08:30:39","guid":{"rendered":"https:\/\/www.sgn-berlin.de\/?page_id=580"},"modified":"2021-02-02T10:23:08","modified_gmt":"2021-02-02T09:23:08","slug":"monalisa-touch-info","status":"publish","type":"page","link":"https:\/\/www.sgn-berlin.de\/en\/the-laser-treatment-for-vaginal-health\/","title":{"rendered":"The Laser Treatment for Vaginal Health"},"content":{"rendered":"<p>MonaLisa Touch\u00ae is a simple, safe, and clinically proven laser treatment for painful vulvovaginal symptoms of menopause, including intimacy. The MonaLisa Touch delivers gentle CO2 laser energy to the vaginal tissue wall that stimulates a healing response.<\/p>\n","protected":false},"excerpt":{"rendered":"<p>MonaLisa Touch\u00ae is a simple, safe, and clinically proven laser treatment for painful vulvovaginal symptoms of menopause, including intimacy. The MonaLisa Touch delivers gentle CO2 laser energy to the vaginal tissue wall that stimulates a healing response.<\/p>\n","protected":false},"author":1,"featured_media":0,"parent":577,"menu_order":1,"comment_status":"closed","ping_status":"closed","template":"","meta":{"_locale":"en_US","_original_post":"485","footnotes":""},"class_list":["post-580","page","type-page","status-publish","hentry","en-US"],"yoast_head":"<!-- This site is optimized with the Yoast SEO plugin v26.7 - https:\/\/yoast.com\/wordpress\/plugins\/seo\/ -->\n<title>Laser treatment for vaginal health | SGN Berlin [video]<\/title>\n<meta name=\"description\" content=\"Discover the MonaLisa Touch\u00ae laser treatment! | Help with vaginal complaints after birth or during menopause | T +49 (0)30 30 10 91 93\" \/>\n<meta name=\"robots\" content=\"index, follow, max-snippet:-1, max-image-preview:large, max-video-preview:-1\" \/>\n<link rel=\"canonical\" href=\"https:\/\/www.sgn-berlin.de\/en\/the-laser-treatment-for-vaginal-health\/\" \/>\n<meta property=\"og:locale\" content=\"en_US\" \/>\n<meta property=\"og:type\" content=\"article\" \/>\n<meta property=\"og:title\" content=\"Laser treatment for vaginal health | SGN Berlin [video]\" \/>\n<meta property=\"og:description\" content=\"Discover the MonaLisa Touch\u00ae laser treatment! | Help with vaginal complaints after birth or during menopause | T +49 (0)30 30 10 91 93\" \/>\n<meta property=\"og:url\" content=\"https:\/\/www.sgn-berlin.de\/en\/the-laser-treatment-for-vaginal-health\/\" \/>\n<meta property=\"og:site_name\" content=\"SGN Berlin\" \/>\n<meta property=\"article:modified_time\" content=\"2021-02-02T09:23:08+00:00\" \/>\n<meta name=\"twitter:card\" content=\"summary_large_image\" \/>\n<script type=\"application\/ld+json\" class=\"yoast-schema-graph\">{\"@context\":\"https:\/\/schema.org\",\"@graph\":[{\"@type\":\"WebPage\",\"@id\":\"https:\/\/www.sgn-berlin.de\/en\/the-laser-treatment-for-vaginal-health\/\",\"url\":\"https:\/\/www.sgn-berlin.de\/en\/the-laser-treatment-for-vaginal-health\/\",\"name\":\"Laser treatment for vaginal health | SGN Berlin [video]\",\"isPartOf\":{\"@id\":\"https:\/\/www.sgn-berlin.de\/#website\"},\"datePublished\":\"2020-08-12T08:30:39+00:00\",\"dateModified\":\"2021-02-02T09:23:08+00:00\",\"description\":\"Discover the MonaLisa Touch\u00ae laser treatment! | Help with vaginal complaints after birth or during menopause | T +49 (0)30 30 10 91 93\",\"breadcrumb\":{\"@id\":\"https:\/\/www.sgn-berlin.de\/en\/the-laser-treatment-for-vaginal-health\/#breadcrumb\"},\"inLanguage\":\"en-US\",\"potentialAction\":[{\"@type\":\"ReadAction\",\"target\":[\"https:\/\/www.sgn-berlin.de\/en\/the-laser-treatment-for-vaginal-health\/\"]}]},{\"@type\":\"BreadcrumbList\",\"@id\":\"https:\/\/www.sgn-berlin.de\/en\/the-laser-treatment-for-vaginal-health\/#breadcrumb\",\"itemListElement\":[{\"@type\":\"ListItem\",\"position\":1,\"name\":\"Home\",\"item\":\"https:\/\/www.sgn-berlin.de\/en\/\"},{\"@type\":\"ListItem\",\"position\":2,\"name\":\"Vaginal Rejuvenation with MonaLisa Touch\u00ae\",\"item\":\"https:\/\/www.sgn-berlin.de\/en\/vaginal-rejuvenation-monalisa-touch\/\"},{\"@type\":\"ListItem\",\"position\":3,\"name\":\"The Laser Treatment for Vaginal Health\"}]},{\"@type\":\"WebSite\",\"@id\":\"https:\/\/www.sgn-berlin.de\/#website\",\"url\":\"https:\/\/www.sgn-berlin.de\/\",\"name\":\"SGN Berlin\",\"description\":\"\",\"publisher\":{\"@id\":\"https:\/\/www.sgn-berlin.de\/#organization\"},\"potentialAction\":[{\"@type\":\"SearchAction\",\"target\":{\"@type\":\"EntryPoint\",\"urlTemplate\":\"https:\/\/www.sgn-berlin.de\/?s={search_term_string}\"},\"query-input\":{\"@type\":\"PropertyValueSpecification\",\"valueRequired\":true,\"valueName\":\"search_term_string\"}}],\"inLanguage\":\"en-US\"},{\"@type\":\"Organization\",\"@id\":\"https:\/\/www.sgn-berlin.de\/#organization\",\"name\":\"Dr. med. Sybille G\u00f6rlitz-Novakovic | Fach\u00e4rztin f\u00fcr Gyn\u00e4kologie und Geburtshilfe\",\"url\":\"https:\/\/www.sgn-berlin.de\/\",\"logo\":{\"@type\":\"ImageObject\",\"inLanguage\":\"en-US\",\"@id\":\"https:\/\/www.sgn-berlin.de\/#\/schema\/logo\/image\/\",\"url\":\"https:\/\/www.sgn-berlin.de\/wp-content\/uploads\/2022\/05\/Bildschirmfoto-2022-05-31-um-15.48.37.png\",\"contentUrl\":\"https:\/\/www.sgn-berlin.de\/wp-content\/uploads\/2022\/05\/Bildschirmfoto-2022-05-31-um-15.48.37.png\",\"width\":228,\"height\":107,\"caption\":\"Dr. med. Sybille G\u00f6rlitz-Novakovic | Fach\u00e4rztin f\u00fcr Gyn\u00e4kologie und Geburtshilfe\"},\"image\":{\"@id\":\"https:\/\/www.sgn-berlin.de\/#\/schema\/logo\/image\/\"}}]}<\/script>\n<!-- \/ Yoast SEO plugin. -->","yoast_head_json":{"title":"Laser treatment for vaginal health | SGN Berlin [video]","description":"Discover the MonaLisa Touch\u00ae laser treatment! | Help with vaginal complaints after birth or during menopause | T +49 (0)30 30 10 91 93","robots":{"index":"index","follow":"follow","max-snippet":"max-snippet:-1","max-image-preview":"max-image-preview:large","max-video-preview":"max-video-preview:-1"},"canonical":"https:\/\/www.sgn-berlin.de\/en\/the-laser-treatment-for-vaginal-health\/","og_locale":"en_US","og_type":"article","og_title":"Laser treatment for vaginal health | SGN Berlin [video]","og_description":"Discover the MonaLisa Touch\u00ae laser treatment! | Help with vaginal complaints after birth or during menopause | T +49 (0)30 30 10 91 93","og_url":"https:\/\/www.sgn-berlin.de\/en\/the-laser-treatment-for-vaginal-health\/","og_site_name":"SGN Berlin","article_modified_time":"2021-02-02T09:23:08+00:00","twitter_card":"summary_large_image","schema":{"@context":"https:\/\/schema.org","@graph":[{"@type":"WebPage","@id":"https:\/\/www.sgn-berlin.de\/en\/the-laser-treatment-for-vaginal-health\/","url":"https:\/\/www.sgn-berlin.de\/en\/the-laser-treatment-for-vaginal-health\/","name":"Laser treatment for vaginal health | SGN Berlin [video]","isPartOf":{"@id":"https:\/\/www.sgn-berlin.de\/#website"},"datePublished":"2020-08-12T08:30:39+00:00","dateModified":"2021-02-02T09:23:08+00:00","description":"Discover the MonaLisa Touch\u00ae laser treatment! | Help with vaginal complaints after birth or during menopause | T +49 (0)30 30 10 91 93","breadcrumb":{"@id":"https:\/\/www.sgn-berlin.de\/en\/the-laser-treatment-for-vaginal-health\/#breadcrumb"},"inLanguage":"en-US","potentialAction":[{"@type":"ReadAction","target":["https:\/\/www.sgn-berlin.de\/en\/the-laser-treatment-for-vaginal-health\/"]}]},{"@type":"BreadcrumbList","@id":"https:\/\/www.sgn-berlin.de\/en\/the-laser-treatment-for-vaginal-health\/#breadcrumb","itemListElement":[{"@type":"ListItem","position":1,"name":"Home","item":"https:\/\/www.sgn-berlin.de\/en\/"},{"@type":"ListItem","position":2,"name":"Vaginal Rejuvenation with MonaLisa Touch\u00ae","item":"https:\/\/www.sgn-berlin.de\/en\/vaginal-rejuvenation-monalisa-touch\/"},{"@type":"ListItem","position":3,"name":"The Laser Treatment for Vaginal Health"}]},{"@type":"WebSite","@id":"https:\/\/www.sgn-berlin.de\/#website","url":"https:\/\/www.sgn-berlin.de\/","name":"SGN Berlin","description":"","publisher":{"@id":"https:\/\/www.sgn-berlin.de\/#organization"},"potentialAction":[{"@type":"SearchAction","target":{"@type":"EntryPoint","urlTemplate":"https:\/\/www.sgn-berlin.de\/?s={search_term_string}"},"query-input":{"@type":"PropertyValueSpecification","valueRequired":true,"valueName":"search_term_string"}}],"inLanguage":"en-US"},{"@type":"Organization","@id":"https:\/\/www.sgn-berlin.de\/#organization","name":"Dr. med. Sybille G\u00f6rlitz-Novakovic | Fach\u00e4rztin f\u00fcr Gyn\u00e4kologie und Geburtshilfe","url":"https:\/\/www.sgn-berlin.de\/","logo":{"@type":"ImageObject","inLanguage":"en-US","@id":"https:\/\/www.sgn-berlin.de\/#\/schema\/logo\/image\/","url":"https:\/\/www.sgn-berlin.de\/wp-content\/uploads\/2022\/05\/Bildschirmfoto-2022-05-31-um-15.48.37.png","contentUrl":"https:\/\/www.sgn-berlin.de\/wp-content\/uploads\/2022\/05\/Bildschirmfoto-2022-05-31-um-15.48.37.png","width":228,"height":107,"caption":"Dr. med. Sybille G\u00f6rlitz-Novakovic | Fach\u00e4rztin f\u00fcr Gyn\u00e4kologie und Geburtshilfe"},"image":{"@id":"https:\/\/www.sgn-berlin.de\/#\/schema\/logo\/image\/"}}]}},"_links":{"self":[{"href":"https:\/\/www.sgn-berlin.de\/wp-json\/wp\/v2\/pages\/580","targetHints":{"allow":["GET"]}}],"collection":[{"href":"https:\/\/www.sgn-berlin.de\/wp-json\/wp\/v2\/pages"}],"about":[{"href":"https:\/\/www.sgn-berlin.de\/wp-json\/wp\/v2\/types\/page"}],"author":[{"embeddable":true,"href":"https:\/\/www.sgn-berlin.de\/wp-json\/wp\/v2\/users\/1"}],"replies":[{"embeddable":true,"href":"https:\/\/www.sgn-berlin.de\/wp-json\/wp\/v2\/comments?post=580"}],"version-history":[{"count":6,"href":"https:\/\/www.sgn-berlin.de\/wp-json\/wp\/v2\/pages\/580\/revisions"}],"predecessor-version":[{"id":1308,"href":"https:\/\/www.sgn-berlin.de\/wp-json\/wp\/v2\/pages\/580\/revisions\/1308"}],"up":[{"embeddable":true,"href":"https:\/\/www.sgn-berlin.de\/wp-json\/wp\/v2\/pages\/577"}],"wp:attachment":[{"href":"https:\/\/www.sgn-berlin.de\/wp-json\/wp\/v2\/media?parent=580"}],"curies":[{"name":"wp","href":"https:\/\/api.w.org\/{rel}","templated":true}]}}