{"id":614,"date":"2020-08-16T11:52:20","date_gmt":"2020-08-16T09:52:20","guid":{"rendered":"https:\/\/www.sgn-berlin.de\/?page_id=614"},"modified":"2021-02-02T10:22:07","modified_gmt":"2021-02-02T09:22:07","slug":"fragen-zu-monalisa-touch","status":"publish","type":"page","link":"https:\/\/www.sgn-berlin.de\/en\/questions-on-monalisa-touch\/","title":{"rendered":"Questions"},"content":{"rendered":"<h5 style=\"text-align: left;\">Who is the MonaLisa Touch for?<\/h5>\n<ul>\n<li style=\"text-align: left;\">Post-menopausal women experiencing painful symptoms of menopause and challenges with intimacy.<\/li>\n<li style=\"text-align: left;\">Any female that has undergone chemically or surgically induced menopause.<\/li>\n<\/ul>\n<h5 style=\"text-align: left;\">What to expect with procedure?<\/h5>\n<p style=\"text-align: left;\">The in-office procedure is virtually painless, and typically lasts about 5 minutes.<\/p>\n<h5 style=\"text-align: left;\">How many treatments are needed?<\/h5>\n<p style=\"text-align: left;\">Patients receive three 5 minute in-office treatments that are spaced six weeks apart.<\/p>\n<h5 style=\"text-align: left;\">When will I see results?<\/h5>\n<p style=\"text-align: left;\">Many MonaLisa Touch patients feel improvement after the very first treatment, although the procedure calls for three.<\/p>\n<h5 style=\"text-align: left;\">What arte the side effects?<\/h5>\n<p style=\"text-align: left;\">There are virtually no side effects or discomfort with this treatment..<\/p>\n<h5 style=\"text-align: left;\">What happens after treatment?<\/h5>\n<p style=\"text-align: left;\">Patients can return to normal activities after the treatment, but should refrain from sexual activity for 2-3 days. Your doctor will determine a post-procedure regimen that is right for you.<\/p>\n<p style=\"text-align: left;\">Further information on MonaLisa Touch you find under \u00a0<a href=\"http:\/\/www.monalisatouch.de\">www.monalisatouch.de<\/a> und <a href=\"http:\/\/www.cynosure.de\">www.cynosure.de<\/a><\/p>\n","protected":false},"excerpt":{"rendered":"<p>Who is the MonaLisa Touch for? Post-menopausal women experiencing painful symptoms of menopause and challenges with intimacy. Any female that has undergone chemically or surgically induced menopause. What to expect with procedure? The in-office procedure is virtually painless, and typically lasts about 5 minutes. How many treatments are needed? Patients receive three 5 minute in-office [&hellip;]<\/p>\n","protected":false},"author":1,"featured_media":0,"parent":577,"menu_order":4,"comment_status":"closed","ping_status":"closed","template":"","meta":{"_locale":"en_US","_original_post":"506","footnotes":""},"class_list":["post-614","page","type-page","status-publish","hentry","en-US"],"yoast_head":"<!-- This site is optimized with the Yoast SEO plugin v26.7 - https:\/\/yoast.com\/wordpress\/plugins\/seo\/ -->\n<title>The most important questions about MonaLisa Touch\u00ae | SGN Berlin<\/title>\n<meta name=\"description\" content=\"Learn more about vaginal rejuvenation with MonaLisa Touch\u00ae! | Better feeling for both and a happier partnership! T +49 (0)30 30 10 91 93\" \/>\n<meta name=\"robots\" content=\"index, follow, max-snippet:-1, max-image-preview:large, max-video-preview:-1\" \/>\n<link rel=\"canonical\" href=\"https:\/\/www.sgn-berlin.de\/en\/questions-on-monalisa-touch\/\" \/>\n<meta property=\"og:locale\" content=\"en_US\" \/>\n<meta property=\"og:type\" content=\"article\" \/>\n<meta property=\"og:title\" content=\"The most important questions about MonaLisa Touch\u00ae | SGN Berlin\" \/>\n<meta property=\"og:description\" content=\"Learn more about vaginal rejuvenation with MonaLisa Touch\u00ae! | Better feeling for both and a happier partnership! T +49 (0)30 30 10 91 93\" \/>\n<meta property=\"og:url\" content=\"https:\/\/www.sgn-berlin.de\/en\/questions-on-monalisa-touch\/\" \/>\n<meta property=\"og:site_name\" content=\"SGN Berlin\" \/>\n<meta property=\"article:modified_time\" content=\"2021-02-02T09:22:07+00:00\" \/>\n<meta name=\"twitter:card\" content=\"summary_large_image\" \/>\n<meta name=\"twitter:label1\" content=\"Est. reading time\" \/>\n\t<meta name=\"twitter:data1\" content=\"1 minute\" \/>\n<script type=\"application\/ld+json\" class=\"yoast-schema-graph\">{\"@context\":\"https:\/\/schema.org\",\"@graph\":[{\"@type\":\"WebPage\",\"@id\":\"https:\/\/www.sgn-berlin.de\/en\/questions-on-monalisa-touch\/\",\"url\":\"https:\/\/www.sgn-berlin.de\/en\/questions-on-monalisa-touch\/\",\"name\":\"The most important questions about MonaLisa Touch\u00ae | SGN Berlin\",\"isPartOf\":{\"@id\":\"https:\/\/www.sgn-berlin.de\/#website\"},\"datePublished\":\"2020-08-16T09:52:20+00:00\",\"dateModified\":\"2021-02-02T09:22:07+00:00\",\"description\":\"Learn more about vaginal rejuvenation with MonaLisa Touch\u00ae! | Better feeling for both and a happier partnership! T +49 (0)30 30 10 91 93\",\"breadcrumb\":{\"@id\":\"https:\/\/www.sgn-berlin.de\/en\/questions-on-monalisa-touch\/#breadcrumb\"},\"inLanguage\":\"en-US\",\"potentialAction\":[{\"@type\":\"ReadAction\",\"target\":[\"https:\/\/www.sgn-berlin.de\/en\/questions-on-monalisa-touch\/\"]}]},{\"@type\":\"BreadcrumbList\",\"@id\":\"https:\/\/www.sgn-berlin.de\/en\/questions-on-monalisa-touch\/#breadcrumb\",\"itemListElement\":[{\"@type\":\"ListItem\",\"position\":1,\"name\":\"Home\",\"item\":\"https:\/\/www.sgn-berlin.de\/en\/\"},{\"@type\":\"ListItem\",\"position\":2,\"name\":\"Vaginal Rejuvenation with MonaLisa Touch\u00ae\",\"item\":\"https:\/\/www.sgn-berlin.de\/en\/vaginal-rejuvenation-monalisa-touch\/\"},{\"@type\":\"ListItem\",\"position\":3,\"name\":\"Questions\"}]},{\"@type\":\"WebSite\",\"@id\":\"https:\/\/www.sgn-berlin.de\/#website\",\"url\":\"https:\/\/www.sgn-berlin.de\/\",\"name\":\"SGN Berlin\",\"description\":\"\",\"publisher\":{\"@id\":\"https:\/\/www.sgn-berlin.de\/#organization\"},\"potentialAction\":[{\"@type\":\"SearchAction\",\"target\":{\"@type\":\"EntryPoint\",\"urlTemplate\":\"https:\/\/www.sgn-berlin.de\/?s={search_term_string}\"},\"query-input\":{\"@type\":\"PropertyValueSpecification\",\"valueRequired\":true,\"valueName\":\"search_term_string\"}}],\"inLanguage\":\"en-US\"},{\"@type\":\"Organization\",\"@id\":\"https:\/\/www.sgn-berlin.de\/#organization\",\"name\":\"Dr. med. Sybille G\u00f6rlitz-Novakovic | Fach\u00e4rztin f\u00fcr Gyn\u00e4kologie und Geburtshilfe\",\"url\":\"https:\/\/www.sgn-berlin.de\/\",\"logo\":{\"@type\":\"ImageObject\",\"inLanguage\":\"en-US\",\"@id\":\"https:\/\/www.sgn-berlin.de\/#\/schema\/logo\/image\/\",\"url\":\"https:\/\/www.sgn-berlin.de\/wp-content\/uploads\/2022\/05\/Bildschirmfoto-2022-05-31-um-15.48.37.png\",\"contentUrl\":\"https:\/\/www.sgn-berlin.de\/wp-content\/uploads\/2022\/05\/Bildschirmfoto-2022-05-31-um-15.48.37.png\",\"width\":228,\"height\":107,\"caption\":\"Dr. med. Sybille G\u00f6rlitz-Novakovic | Fach\u00e4rztin f\u00fcr Gyn\u00e4kologie und Geburtshilfe\"},\"image\":{\"@id\":\"https:\/\/www.sgn-berlin.de\/#\/schema\/logo\/image\/\"}}]}<\/script>\n<!-- \/ Yoast SEO plugin. -->","yoast_head_json":{"title":"The most important questions about MonaLisa Touch\u00ae | SGN Berlin","description":"Learn more about vaginal rejuvenation with MonaLisa Touch\u00ae! | Better feeling for both and a happier partnership! T +49 (0)30 30 10 91 93","robots":{"index":"index","follow":"follow","max-snippet":"max-snippet:-1","max-image-preview":"max-image-preview:large","max-video-preview":"max-video-preview:-1"},"canonical":"https:\/\/www.sgn-berlin.de\/en\/questions-on-monalisa-touch\/","og_locale":"en_US","og_type":"article","og_title":"The most important questions about MonaLisa Touch\u00ae | SGN Berlin","og_description":"Learn more about vaginal rejuvenation with MonaLisa Touch\u00ae! | Better feeling for both and a happier partnership! T +49 (0)30 30 10 91 93","og_url":"https:\/\/www.sgn-berlin.de\/en\/questions-on-monalisa-touch\/","og_site_name":"SGN Berlin","article_modified_time":"2021-02-02T09:22:07+00:00","twitter_card":"summary_large_image","twitter_misc":{"Est. reading time":"1 minute"},"schema":{"@context":"https:\/\/schema.org","@graph":[{"@type":"WebPage","@id":"https:\/\/www.sgn-berlin.de\/en\/questions-on-monalisa-touch\/","url":"https:\/\/www.sgn-berlin.de\/en\/questions-on-monalisa-touch\/","name":"The most important questions about MonaLisa Touch\u00ae | SGN Berlin","isPartOf":{"@id":"https:\/\/www.sgn-berlin.de\/#website"},"datePublished":"2020-08-16T09:52:20+00:00","dateModified":"2021-02-02T09:22:07+00:00","description":"Learn more about vaginal rejuvenation with MonaLisa Touch\u00ae! | Better feeling for both and a happier partnership! T +49 (0)30 30 10 91 93","breadcrumb":{"@id":"https:\/\/www.sgn-berlin.de\/en\/questions-on-monalisa-touch\/#breadcrumb"},"inLanguage":"en-US","potentialAction":[{"@type":"ReadAction","target":["https:\/\/www.sgn-berlin.de\/en\/questions-on-monalisa-touch\/"]}]},{"@type":"BreadcrumbList","@id":"https:\/\/www.sgn-berlin.de\/en\/questions-on-monalisa-touch\/#breadcrumb","itemListElement":[{"@type":"ListItem","position":1,"name":"Home","item":"https:\/\/www.sgn-berlin.de\/en\/"},{"@type":"ListItem","position":2,"name":"Vaginal Rejuvenation with MonaLisa Touch\u00ae","item":"https:\/\/www.sgn-berlin.de\/en\/vaginal-rejuvenation-monalisa-touch\/"},{"@type":"ListItem","position":3,"name":"Questions"}]},{"@type":"WebSite","@id":"https:\/\/www.sgn-berlin.de\/#website","url":"https:\/\/www.sgn-berlin.de\/","name":"SGN Berlin","description":"","publisher":{"@id":"https:\/\/www.sgn-berlin.de\/#organization"},"potentialAction":[{"@type":"SearchAction","target":{"@type":"EntryPoint","urlTemplate":"https:\/\/www.sgn-berlin.de\/?s={search_term_string}"},"query-input":{"@type":"PropertyValueSpecification","valueRequired":true,"valueName":"search_term_string"}}],"inLanguage":"en-US"},{"@type":"Organization","@id":"https:\/\/www.sgn-berlin.de\/#organization","name":"Dr. med. Sybille G\u00f6rlitz-Novakovic | Fach\u00e4rztin f\u00fcr Gyn\u00e4kologie und Geburtshilfe","url":"https:\/\/www.sgn-berlin.de\/","logo":{"@type":"ImageObject","inLanguage":"en-US","@id":"https:\/\/www.sgn-berlin.de\/#\/schema\/logo\/image\/","url":"https:\/\/www.sgn-berlin.de\/wp-content\/uploads\/2022\/05\/Bildschirmfoto-2022-05-31-um-15.48.37.png","contentUrl":"https:\/\/www.sgn-berlin.de\/wp-content\/uploads\/2022\/05\/Bildschirmfoto-2022-05-31-um-15.48.37.png","width":228,"height":107,"caption":"Dr. med. Sybille G\u00f6rlitz-Novakovic | Fach\u00e4rztin f\u00fcr Gyn\u00e4kologie und Geburtshilfe"},"image":{"@id":"https:\/\/www.sgn-berlin.de\/#\/schema\/logo\/image\/"}}]}},"_links":{"self":[{"href":"https:\/\/www.sgn-berlin.de\/wp-json\/wp\/v2\/pages\/614","targetHints":{"allow":["GET"]}}],"collection":[{"href":"https:\/\/www.sgn-berlin.de\/wp-json\/wp\/v2\/pages"}],"about":[{"href":"https:\/\/www.sgn-berlin.de\/wp-json\/wp\/v2\/types\/page"}],"author":[{"embeddable":true,"href":"https:\/\/www.sgn-berlin.de\/wp-json\/wp\/v2\/users\/1"}],"replies":[{"embeddable":true,"href":"https:\/\/www.sgn-berlin.de\/wp-json\/wp\/v2\/comments?post=614"}],"version-history":[{"count":2,"href":"https:\/\/www.sgn-berlin.de\/wp-json\/wp\/v2\/pages\/614\/revisions"}],"predecessor-version":[{"id":616,"href":"https:\/\/www.sgn-berlin.de\/wp-json\/wp\/v2\/pages\/614\/revisions\/616"}],"up":[{"embeddable":true,"href":"https:\/\/www.sgn-berlin.de\/wp-json\/wp\/v2\/pages\/577"}],"wp:attachment":[{"href":"https:\/\/www.sgn-berlin.de\/wp-json\/wp\/v2\/media?parent=614"}],"curies":[{"name":"wp","href":"https:\/\/api.w.org\/{rel}","templated":true}]}}