{"id":70,"date":"2021-01-03T13:03:25","date_gmt":"2021-01-03T12:03:25","guid":{"rendered":"https:\/\/www.sgn-berlin.de\/?page_id=70"},"modified":"2021-02-02T10:20:29","modified_gmt":"2021-02-02T09:20:29","slug":"dear-patients","status":"publish","type":"page","link":"https:\/\/www.sgn-berlin.de\/en\/dear-patients\/","title":{"rendered":"Dear patients,"},"content":{"rendered":"<p>We are delighted you found us. Our practice for gynaecology and obstetrics offers a comprehensive spectrum of services at the highest level. Please schedule an <a href=\"https:\/\/www.doctolib.de\/gemeinschaftspraxis\/berlin\/frauenarztpraxis-dr-goerlitz-novakovic\">appointment<\/a> or send us an email. We speak German, English and French.<\/p>\n<p>We look forward to meeting you.<br \/>\nDr. med. Sybille G\u00f6rlitz-Novakovic and her Team<\/p>\n<p>&nbsp;<\/p>\n<p>&nbsp;<\/p>\n<div id='gallery-1' class='gallery galleryid-70 gallery-columns-3 gallery-size-medium'><figure class='gallery-item'>\n\t\t\t<div class='gallery-icon landscape'>\n\t\t\t\t<img loading=\"lazy\" decoding=\"async\" width=\"600\" height=\"528\" src=\"https:\/\/www.sgn-berlin.de\/wp-content\/uploads\/2018\/11\/IMG_0056-Bearbeitet_k-600x528.jpg\" class=\"attachment-medium size-medium\" alt=\"Wartezimmer | SGN Berlin\" \/>\n\t\t\t<\/div><\/figure><figure class='gallery-item'>\n\t\t\t<div class='gallery-icon landscape'>\n\t\t\t\t<img loading=\"lazy\" decoding=\"async\" width=\"600\" height=\"528\" src=\"https:\/\/www.sgn-berlin.de\/wp-content\/uploads\/2017\/06\/smith-sgn-home-praxisfoto-2-170612-600x528.jpg\" class=\"attachment-medium size-medium\" alt=\"Praxis | SGN Berlin\" \/>\n\t\t\t<\/div><\/figure><figure class='gallery-item'>\n\t\t\t<div class='gallery-icon landscape'>\n\t\t\t\t<img loading=\"lazy\" decoding=\"async\" width=\"600\" height=\"528\" src=\"https:\/\/www.sgn-berlin.de\/wp-content\/uploads\/2017\/06\/smith-sgn-home-praxisfoto-1-170612-600x528.jpg\" class=\"attachment-medium size-medium\" alt=\"Praxis | SGN Berlin\" \/>\n\t\t\t<\/div><\/figure>\n\t\t<\/div>\n\n<p>&nbsp;<\/p>\n<p><a href=\"https:\/\/www.doctolib.de\/frauenarzt-gynaekologe\/berlin\/sybille-gorlitz-novakovic\">Schedule an appointment online<\/a><\/p>\n","protected":false},"excerpt":{"rendered":"<p>We are delighted you found us. Our practice for gynaecology and obstetrics offers a comprehensive spectrum of services at the highest level. Please schedule an appointment or send us an email. We speak German, English and French. We look forward to meeting you. Dr. med. Sybille G\u00f6rlitz-Novakovic and her Team &nbsp; &nbsp; &nbsp; Schedule an [&hellip;]<\/p>\n","protected":false},"author":1,"featured_media":0,"parent":68,"menu_order":0,"comment_status":"closed","ping_status":"closed","template":"","meta":{"_locale":"en_US","_original_post":"8","footnotes":""},"class_list":["post-70","page","type-page","status-publish","hentry","en-US"],"yoast_head":"<!-- This site is optimized with the Yoast SEO plugin v26.7 - https:\/\/yoast.com\/wordpress\/plugins\/seo\/ -->\n<title>Presentation | gynecologist practice | Dr. med. SGN Berlin<\/title>\n<meta name=\"description\" content=\"Practice for gynecology and obstetrics | Dr. med. Sybille G\u00f6rlitz-Novakovic and Team | We speak German, English and French!\" \/>\n<meta name=\"robots\" content=\"index, follow, max-snippet:-1, max-image-preview:large, max-video-preview:-1\" \/>\n<link rel=\"canonical\" href=\"https:\/\/www.sgn-berlin.de\/en\/dear-patients\/\" \/>\n<meta property=\"og:locale\" content=\"en_US\" \/>\n<meta property=\"og:type\" content=\"article\" \/>\n<meta property=\"og:title\" content=\"Presentation | gynecologist practice | Dr. med. SGN Berlin\" \/>\n<meta property=\"og:description\" content=\"Practice for gynecology and obstetrics | Dr. med. Sybille G\u00f6rlitz-Novakovic and Team | We speak German, English and French!\" \/>\n<meta property=\"og:url\" content=\"https:\/\/www.sgn-berlin.de\/en\/dear-patients\/\" \/>\n<meta property=\"og:site_name\" content=\"SGN Berlin\" \/>\n<meta property=\"article:modified_time\" content=\"2021-02-02T09:20:29+00:00\" \/>\n<meta property=\"og:image\" content=\"https:\/\/www.sgn-berlin.de\/wp-content\/uploads\/2018\/11\/IMG_0056-Bearbeitet_k-600x528.jpg\" \/>\n<meta name=\"twitter:card\" content=\"summary_large_image\" \/>\n<script type=\"application\/ld+json\" class=\"yoast-schema-graph\">{\"@context\":\"https:\/\/schema.org\",\"@graph\":[{\"@type\":\"WebPage\",\"@id\":\"https:\/\/www.sgn-berlin.de\/en\/dear-patients\/\",\"url\":\"https:\/\/www.sgn-berlin.de\/en\/dear-patients\/\",\"name\":\"Presentation | gynecologist practice | Dr. med. SGN Berlin\",\"isPartOf\":{\"@id\":\"https:\/\/www.sgn-berlin.de\/#website\"},\"datePublished\":\"2021-01-03T12:03:25+00:00\",\"dateModified\":\"2021-02-02T09:20:29+00:00\",\"description\":\"Practice for gynecology and obstetrics | Dr. med. Sybille G\u00f6rlitz-Novakovic and Team | We speak German, English and French!\",\"breadcrumb\":{\"@id\":\"https:\/\/www.sgn-berlin.de\/en\/dear-patients\/#breadcrumb\"},\"inLanguage\":\"en-US\",\"potentialAction\":[{\"@type\":\"ReadAction\",\"target\":[\"https:\/\/www.sgn-berlin.de\/en\/dear-patients\/\"]}]},{\"@type\":\"BreadcrumbList\",\"@id\":\"https:\/\/www.sgn-berlin.de\/en\/dear-patients\/#breadcrumb\",\"itemListElement\":[{\"@type\":\"ListItem\",\"position\":1,\"name\":\"Home\",\"item\":\"https:\/\/www.sgn-berlin.de\/en\/\"},{\"@type\":\"ListItem\",\"position\":2,\"name\":\"Welcome to our gynaecological practice\",\"item\":\"https:\/\/www.sgn-berlin.de\/en\/\"},{\"@type\":\"ListItem\",\"position\":3,\"name\":\"Dear patients,\"}]},{\"@type\":\"WebSite\",\"@id\":\"https:\/\/www.sgn-berlin.de\/#website\",\"url\":\"https:\/\/www.sgn-berlin.de\/\",\"name\":\"SGN Berlin\",\"description\":\"\",\"publisher\":{\"@id\":\"https:\/\/www.sgn-berlin.de\/#organization\"},\"potentialAction\":[{\"@type\":\"SearchAction\",\"target\":{\"@type\":\"EntryPoint\",\"urlTemplate\":\"https:\/\/www.sgn-berlin.de\/?s={search_term_string}\"},\"query-input\":{\"@type\":\"PropertyValueSpecification\",\"valueRequired\":true,\"valueName\":\"search_term_string\"}}],\"inLanguage\":\"en-US\"},{\"@type\":\"Organization\",\"@id\":\"https:\/\/www.sgn-berlin.de\/#organization\",\"name\":\"Dr. med. Sybille G\u00f6rlitz-Novakovic | Fach\u00e4rztin f\u00fcr Gyn\u00e4kologie und Geburtshilfe\",\"url\":\"https:\/\/www.sgn-berlin.de\/\",\"logo\":{\"@type\":\"ImageObject\",\"inLanguage\":\"en-US\",\"@id\":\"https:\/\/www.sgn-berlin.de\/#\/schema\/logo\/image\/\",\"url\":\"https:\/\/www.sgn-berlin.de\/wp-content\/uploads\/2022\/05\/Bildschirmfoto-2022-05-31-um-15.48.37.png\",\"contentUrl\":\"https:\/\/www.sgn-berlin.de\/wp-content\/uploads\/2022\/05\/Bildschirmfoto-2022-05-31-um-15.48.37.png\",\"width\":228,\"height\":107,\"caption\":\"Dr. med. Sybille G\u00f6rlitz-Novakovic | Fach\u00e4rztin f\u00fcr Gyn\u00e4kologie und Geburtshilfe\"},\"image\":{\"@id\":\"https:\/\/www.sgn-berlin.de\/#\/schema\/logo\/image\/\"}}]}<\/script>\n<!-- \/ Yoast SEO plugin. -->","yoast_head_json":{"title":"Presentation | gynecologist practice | Dr. med. SGN Berlin","description":"Practice for gynecology and obstetrics | Dr. med. Sybille G\u00f6rlitz-Novakovic and Team | We speak German, English and French!","robots":{"index":"index","follow":"follow","max-snippet":"max-snippet:-1","max-image-preview":"max-image-preview:large","max-video-preview":"max-video-preview:-1"},"canonical":"https:\/\/www.sgn-berlin.de\/en\/dear-patients\/","og_locale":"en_US","og_type":"article","og_title":"Presentation | gynecologist practice | Dr. med. SGN Berlin","og_description":"Practice for gynecology and obstetrics | Dr. med. Sybille G\u00f6rlitz-Novakovic and Team | We speak German, English and French!","og_url":"https:\/\/www.sgn-berlin.de\/en\/dear-patients\/","og_site_name":"SGN Berlin","article_modified_time":"2021-02-02T09:20:29+00:00","og_image":[{"url":"https:\/\/www.sgn-berlin.de\/wp-content\/uploads\/2018\/11\/IMG_0056-Bearbeitet_k-600x528.jpg","type":"","width":"","height":""}],"twitter_card":"summary_large_image","schema":{"@context":"https:\/\/schema.org","@graph":[{"@type":"WebPage","@id":"https:\/\/www.sgn-berlin.de\/en\/dear-patients\/","url":"https:\/\/www.sgn-berlin.de\/en\/dear-patients\/","name":"Presentation | gynecologist practice | Dr. med. SGN Berlin","isPartOf":{"@id":"https:\/\/www.sgn-berlin.de\/#website"},"datePublished":"2021-01-03T12:03:25+00:00","dateModified":"2021-02-02T09:20:29+00:00","description":"Practice for gynecology and obstetrics | Dr. med. Sybille G\u00f6rlitz-Novakovic and Team | We speak German, English and French!","breadcrumb":{"@id":"https:\/\/www.sgn-berlin.de\/en\/dear-patients\/#breadcrumb"},"inLanguage":"en-US","potentialAction":[{"@type":"ReadAction","target":["https:\/\/www.sgn-berlin.de\/en\/dear-patients\/"]}]},{"@type":"BreadcrumbList","@id":"https:\/\/www.sgn-berlin.de\/en\/dear-patients\/#breadcrumb","itemListElement":[{"@type":"ListItem","position":1,"name":"Home","item":"https:\/\/www.sgn-berlin.de\/en\/"},{"@type":"ListItem","position":2,"name":"Welcome to our gynaecological practice","item":"https:\/\/www.sgn-berlin.de\/en\/"},{"@type":"ListItem","position":3,"name":"Dear patients,"}]},{"@type":"WebSite","@id":"https:\/\/www.sgn-berlin.de\/#website","url":"https:\/\/www.sgn-berlin.de\/","name":"SGN Berlin","description":"","publisher":{"@id":"https:\/\/www.sgn-berlin.de\/#organization"},"potentialAction":[{"@type":"SearchAction","target":{"@type":"EntryPoint","urlTemplate":"https:\/\/www.sgn-berlin.de\/?s={search_term_string}"},"query-input":{"@type":"PropertyValueSpecification","valueRequired":true,"valueName":"search_term_string"}}],"inLanguage":"en-US"},{"@type":"Organization","@id":"https:\/\/www.sgn-berlin.de\/#organization","name":"Dr. med. Sybille G\u00f6rlitz-Novakovic | Fach\u00e4rztin f\u00fcr Gyn\u00e4kologie und Geburtshilfe","url":"https:\/\/www.sgn-berlin.de\/","logo":{"@type":"ImageObject","inLanguage":"en-US","@id":"https:\/\/www.sgn-berlin.de\/#\/schema\/logo\/image\/","url":"https:\/\/www.sgn-berlin.de\/wp-content\/uploads\/2022\/05\/Bildschirmfoto-2022-05-31-um-15.48.37.png","contentUrl":"https:\/\/www.sgn-berlin.de\/wp-content\/uploads\/2022\/05\/Bildschirmfoto-2022-05-31-um-15.48.37.png","width":228,"height":107,"caption":"Dr. med. Sybille G\u00f6rlitz-Novakovic | Fach\u00e4rztin f\u00fcr Gyn\u00e4kologie und Geburtshilfe"},"image":{"@id":"https:\/\/www.sgn-berlin.de\/#\/schema\/logo\/image\/"}}]}},"_links":{"self":[{"href":"https:\/\/www.sgn-berlin.de\/wp-json\/wp\/v2\/pages\/70","targetHints":{"allow":["GET"]}}],"collection":[{"href":"https:\/\/www.sgn-berlin.de\/wp-json\/wp\/v2\/pages"}],"about":[{"href":"https:\/\/www.sgn-berlin.de\/wp-json\/wp\/v2\/types\/page"}],"author":[{"embeddable":true,"href":"https:\/\/www.sgn-berlin.de\/wp-json\/wp\/v2\/users\/1"}],"replies":[{"embeddable":true,"href":"https:\/\/www.sgn-berlin.de\/wp-json\/wp\/v2\/comments?post=70"}],"version-history":[{"count":9,"href":"https:\/\/www.sgn-berlin.de\/wp-json\/wp\/v2\/pages\/70\/revisions"}],"predecessor-version":[{"id":1222,"href":"https:\/\/www.sgn-berlin.de\/wp-json\/wp\/v2\/pages\/70\/revisions\/1222"}],"up":[{"embeddable":true,"href":"https:\/\/www.sgn-berlin.de\/wp-json\/wp\/v2\/pages\/68"}],"wp:attachment":[{"href":"https:\/\/www.sgn-berlin.de\/wp-json\/wp\/v2\/media?parent=70"}],"curies":[{"name":"wp","href":"https:\/\/api.w.org\/{rel}","templated":true}]}}