{"id":73,"date":"2021-01-03T13:06:06","date_gmt":"2021-01-03T12:06:06","guid":{"rendered":"https:\/\/www.sgn-berlin.de\/?page_id=73"},"modified":"2021-02-02T10:19:59","modified_gmt":"2021-02-02T09:19:59","slug":"curriculum-vitae","status":"publish","type":"page","link":"https:\/\/www.sgn-berlin.de\/en\/curriculum-vitae\/","title":{"rendered":"Curriculum vitae"},"content":{"rendered":"<div class=\"columns columns-2\" data-columns=\"2\">\n<div class=\"column column-1\">\n<p><img loading=\"lazy\" decoding=\"async\" class=\"alignnone wp-image-15 size-medium_large\" src=\"https:\/\/www.sgn-berlin.de\/wp-content\/uploads\/2017\/04\/Dr-med-Sybille-Goerlitz-Novakovic-460x624.jpg\" alt=\"\" width=\"460\" height=\"624\" srcset=\"https:\/\/www.sgn-berlin.de\/wp-content\/uploads\/2017\/04\/Dr-med-Sybille-Goerlitz-Novakovic-460x624.jpg 460w, https:\/\/www.sgn-berlin.de\/wp-content\/uploads\/2017\/04\/Dr-med-Sybille-Goerlitz-Novakovic-755x1024.jpg 755w, https:\/\/www.sgn-berlin.de\/wp-content\/uploads\/2017\/04\/Dr-med-Sybille-Goerlitz-Novakovic.jpg 920w\" sizes=\"auto, (max-width: 460px) 100vw, 460px\" \/><\/p>\n<\/div>\n<div class=\"column column-2\">\n<p><strong>Dr. med. Sybille G\u00f6rlitz-Novakovic<\/strong><\/p>\n<table>\n<tbody>\n<tr>\n<td>1992\u20131998<\/td>\n<td>Medical studies, Freie Universit\u00e4t Berlin<\/td>\n<\/tr>\n<tr>\n<td>1998<\/td>\n<td>Student assistant, Clinic for Radiation Oncology Kantonsspital St. Gallen, Switzerland<\/td>\n<\/tr>\n<tr>\n<td>1999<\/td>\n<td>Assistant doctor, Clinic for General Surgery Clara-Spital Basel, Switzerland<\/td>\n<\/tr>\n<tr>\n<td>1999\u20132001<\/td>\n<td>Doctor in training, Clinic for General Surgery Auguste-Viktoria-Krankenhaus, Berlin<\/td>\n<\/tr>\n<tr>\n<td>2001<\/td>\n<td>Assistant doctor, Clinic for Radiotherapy Charit\u00e9, Berlin<\/td>\n<\/tr>\n<tr>\n<td>2001\u20132014<\/td>\n<td>Specialist training in the Clinic for Gynaecology and Obstetrics Klinikum Ernst von Bergmann, Potsdam<\/td>\n<\/tr>\n<tr>\n<td>2014\u20132015<\/td>\n<td>Assistant doctor, Gynaecological Practice of Friedrich Schmidt-Bleek, Berlin-Wilmersdorf<\/td>\n<\/tr>\n<tr>\n<td>2016<\/td>\n<td>Work at various practices in Berlin<\/td>\n<\/tr>\n<tr>\n<td>since 2017<\/td>\n<td>Personal practice for Gynaecology and Obstetrics, Berlin-Charlottenburg<\/td>\n<\/tr>\n<tr>\n<td>Other<\/td>\n<td>2008-2010 residency in Paris, married, three daughters<\/td>\n<\/tr>\n<tr>\n<td>Professional Societies<\/td>\n<td>Deutsche Gesellschaft f\u00fcr Gyn\u00e4kologie und<br \/>\nGeburtshilfe (DGGG), Berufsverband der Frauen\u00e4rzte<\/td>\n<\/tr>\n<\/tbody>\n<\/table>\n<\/div>\n<\/div>\n","protected":false},"excerpt":{"rendered":"<p>Dr. med. Sybille G\u00f6rlitz-Novakovic 1992\u20131998 Medical studies, Freie Universit\u00e4t Berlin 1998 Student assistant, Clinic for Radiation Oncology Kantonsspital St. Gallen, Switzerland 1999 Assistant doctor, Clinic for General Surgery Clara-Spital Basel, Switzerland 1999\u20132001 Doctor in training, Clinic for General Surgery Auguste-Viktoria-Krankenhaus, Berlin 2001 Assistant doctor, Clinic for Radiotherapy Charit\u00e9, Berlin 2001\u20132014 Specialist training in the Clinic [&hellip;]<\/p>\n","protected":false},"author":1,"featured_media":0,"parent":68,"menu_order":10,"comment_status":"closed","ping_status":"closed","template":"","meta":{"_locale":"en_US","_original_post":"14","footnotes":""},"class_list":["post-73","page","type-page","status-publish","hentry","en-US"],"yoast_head":"<!-- This site is optimized with the Yoast SEO plugin v26.7 - https:\/\/yoast.com\/wordpress\/plugins\/seo\/ -->\n<title>About me | Curriculum vitae | Dr. med. G\u00f6rlitz-Novakovic Berlin<\/title>\n<meta name=\"description\" content=\"Dr. med. Sybille G\u00f6rlitz-Novakovic | Specialist in gynecology and obstetrics | Berlin Charlottenburg | T +49 (0) 30 30 10 91 93\" \/>\n<meta name=\"robots\" content=\"index, follow, max-snippet:-1, max-image-preview:large, max-video-preview:-1\" \/>\n<link rel=\"canonical\" href=\"https:\/\/www.sgn-berlin.de\/en\/curriculum-vitae\/\" \/>\n<meta property=\"og:locale\" content=\"en_US\" \/>\n<meta property=\"og:type\" content=\"article\" \/>\n<meta property=\"og:title\" content=\"About me | Curriculum vitae | Dr. med. G\u00f6rlitz-Novakovic Berlin\" \/>\n<meta property=\"og:description\" content=\"Dr. med. Sybille G\u00f6rlitz-Novakovic | Specialist in gynecology and obstetrics | Berlin Charlottenburg | T +49 (0) 30 30 10 91 93\" \/>\n<meta property=\"og:url\" content=\"https:\/\/www.sgn-berlin.de\/en\/curriculum-vitae\/\" \/>\n<meta property=\"og:site_name\" content=\"SGN Berlin\" \/>\n<meta property=\"article:modified_time\" content=\"2021-02-02T09:19:59+00:00\" \/>\n<meta property=\"og:image\" content=\"https:\/\/www.sgn-berlin.de\/wp-content\/uploads\/2017\/04\/Dr-med-Sybille-Goerlitz-Novakovic-460x624.jpg\" \/>\n<meta name=\"twitter:card\" content=\"summary_large_image\" \/>\n<meta name=\"twitter:label1\" content=\"Est. reading time\" \/>\n\t<meta name=\"twitter:data1\" content=\"1 minute\" \/>\n<script type=\"application\/ld+json\" class=\"yoast-schema-graph\">{\"@context\":\"https:\/\/schema.org\",\"@graph\":[{\"@type\":\"WebPage\",\"@id\":\"https:\/\/www.sgn-berlin.de\/en\/curriculum-vitae\/\",\"url\":\"https:\/\/www.sgn-berlin.de\/en\/curriculum-vitae\/\",\"name\":\"About me | Curriculum vitae | Dr. med. G\u00f6rlitz-Novakovic Berlin\",\"isPartOf\":{\"@id\":\"https:\/\/www.sgn-berlin.de\/#website\"},\"primaryImageOfPage\":{\"@id\":\"https:\/\/www.sgn-berlin.de\/en\/curriculum-vitae\/#primaryimage\"},\"image\":{\"@id\":\"https:\/\/www.sgn-berlin.de\/en\/curriculum-vitae\/#primaryimage\"},\"thumbnailUrl\":\"https:\/\/www.sgn-berlin.de\/wp-content\/uploads\/2017\/04\/Dr-med-Sybille-Goerlitz-Novakovic-460x624.jpg\",\"datePublished\":\"2021-01-03T12:06:06+00:00\",\"dateModified\":\"2021-02-02T09:19:59+00:00\",\"description\":\"Dr. med. Sybille G\u00f6rlitz-Novakovic | Specialist in gynecology and obstetrics | Berlin Charlottenburg | T +49 (0) 30 30 10 91 93\",\"breadcrumb\":{\"@id\":\"https:\/\/www.sgn-berlin.de\/en\/curriculum-vitae\/#breadcrumb\"},\"inLanguage\":\"en-US\",\"potentialAction\":[{\"@type\":\"ReadAction\",\"target\":[\"https:\/\/www.sgn-berlin.de\/en\/curriculum-vitae\/\"]}]},{\"@type\":\"ImageObject\",\"inLanguage\":\"en-US\",\"@id\":\"https:\/\/www.sgn-berlin.de\/en\/curriculum-vitae\/#primaryimage\",\"url\":\"https:\/\/www.sgn-berlin.de\/wp-content\/uploads\/2017\/04\/Dr-med-Sybille-Goerlitz-Novakovic.jpg\",\"contentUrl\":\"https:\/\/www.sgn-berlin.de\/wp-content\/uploads\/2017\/04\/Dr-med-Sybille-Goerlitz-Novakovic.jpg\",\"width\":920,\"height\":1248,\"caption\":\"Dr. med. Sybille Goerlitz-Novakovic Fachaerztin f\u00fcr Gynaekologie und Geburtshilfe\"},{\"@type\":\"BreadcrumbList\",\"@id\":\"https:\/\/www.sgn-berlin.de\/en\/curriculum-vitae\/#breadcrumb\",\"itemListElement\":[{\"@type\":\"ListItem\",\"position\":1,\"name\":\"Home\",\"item\":\"https:\/\/www.sgn-berlin.de\/en\/\"},{\"@type\":\"ListItem\",\"position\":2,\"name\":\"Welcome to our gynaecological practice\",\"item\":\"https:\/\/www.sgn-berlin.de\/en\/\"},{\"@type\":\"ListItem\",\"position\":3,\"name\":\"Curriculum vitae\"}]},{\"@type\":\"WebSite\",\"@id\":\"https:\/\/www.sgn-berlin.de\/#website\",\"url\":\"https:\/\/www.sgn-berlin.de\/\",\"name\":\"SGN Berlin\",\"description\":\"\",\"publisher\":{\"@id\":\"https:\/\/www.sgn-berlin.de\/#organization\"},\"potentialAction\":[{\"@type\":\"SearchAction\",\"target\":{\"@type\":\"EntryPoint\",\"urlTemplate\":\"https:\/\/www.sgn-berlin.de\/?s={search_term_string}\"},\"query-input\":{\"@type\":\"PropertyValueSpecification\",\"valueRequired\":true,\"valueName\":\"search_term_string\"}}],\"inLanguage\":\"en-US\"},{\"@type\":\"Organization\",\"@id\":\"https:\/\/www.sgn-berlin.de\/#organization\",\"name\":\"Dr. med. Sybille G\u00f6rlitz-Novakovic | Fach\u00e4rztin f\u00fcr Gyn\u00e4kologie und Geburtshilfe\",\"url\":\"https:\/\/www.sgn-berlin.de\/\",\"logo\":{\"@type\":\"ImageObject\",\"inLanguage\":\"en-US\",\"@id\":\"https:\/\/www.sgn-berlin.de\/#\/schema\/logo\/image\/\",\"url\":\"https:\/\/www.sgn-berlin.de\/wp-content\/uploads\/2022\/05\/Bildschirmfoto-2022-05-31-um-15.48.37.png\",\"contentUrl\":\"https:\/\/www.sgn-berlin.de\/wp-content\/uploads\/2022\/05\/Bildschirmfoto-2022-05-31-um-15.48.37.png\",\"width\":228,\"height\":107,\"caption\":\"Dr. med. Sybille G\u00f6rlitz-Novakovic | Fach\u00e4rztin f\u00fcr Gyn\u00e4kologie und Geburtshilfe\"},\"image\":{\"@id\":\"https:\/\/www.sgn-berlin.de\/#\/schema\/logo\/image\/\"}}]}<\/script>\n<!-- \/ Yoast SEO plugin. -->","yoast_head_json":{"title":"About me | Curriculum vitae | Dr. med. G\u00f6rlitz-Novakovic Berlin","description":"Dr. med. Sybille G\u00f6rlitz-Novakovic | Specialist in gynecology and obstetrics | Berlin Charlottenburg | T +49 (0) 30 30 10 91 93","robots":{"index":"index","follow":"follow","max-snippet":"max-snippet:-1","max-image-preview":"max-image-preview:large","max-video-preview":"max-video-preview:-1"},"canonical":"https:\/\/www.sgn-berlin.de\/en\/curriculum-vitae\/","og_locale":"en_US","og_type":"article","og_title":"About me | Curriculum vitae | Dr. med. G\u00f6rlitz-Novakovic Berlin","og_description":"Dr. med. Sybille G\u00f6rlitz-Novakovic | Specialist in gynecology and obstetrics | Berlin Charlottenburg | T +49 (0) 30 30 10 91 93","og_url":"https:\/\/www.sgn-berlin.de\/en\/curriculum-vitae\/","og_site_name":"SGN Berlin","article_modified_time":"2021-02-02T09:19:59+00:00","og_image":[{"url":"https:\/\/www.sgn-berlin.de\/wp-content\/uploads\/2017\/04\/Dr-med-Sybille-Goerlitz-Novakovic-460x624.jpg","type":"","width":"","height":""}],"twitter_card":"summary_large_image","twitter_misc":{"Est. reading time":"1 minute"},"schema":{"@context":"https:\/\/schema.org","@graph":[{"@type":"WebPage","@id":"https:\/\/www.sgn-berlin.de\/en\/curriculum-vitae\/","url":"https:\/\/www.sgn-berlin.de\/en\/curriculum-vitae\/","name":"About me | Curriculum vitae | Dr. med. G\u00f6rlitz-Novakovic Berlin","isPartOf":{"@id":"https:\/\/www.sgn-berlin.de\/#website"},"primaryImageOfPage":{"@id":"https:\/\/www.sgn-berlin.de\/en\/curriculum-vitae\/#primaryimage"},"image":{"@id":"https:\/\/www.sgn-berlin.de\/en\/curriculum-vitae\/#primaryimage"},"thumbnailUrl":"https:\/\/www.sgn-berlin.de\/wp-content\/uploads\/2017\/04\/Dr-med-Sybille-Goerlitz-Novakovic-460x624.jpg","datePublished":"2021-01-03T12:06:06+00:00","dateModified":"2021-02-02T09:19:59+00:00","description":"Dr. med. Sybille G\u00f6rlitz-Novakovic | Specialist in gynecology and obstetrics | Berlin Charlottenburg | T +49 (0) 30 30 10 91 93","breadcrumb":{"@id":"https:\/\/www.sgn-berlin.de\/en\/curriculum-vitae\/#breadcrumb"},"inLanguage":"en-US","potentialAction":[{"@type":"ReadAction","target":["https:\/\/www.sgn-berlin.de\/en\/curriculum-vitae\/"]}]},{"@type":"ImageObject","inLanguage":"en-US","@id":"https:\/\/www.sgn-berlin.de\/en\/curriculum-vitae\/#primaryimage","url":"https:\/\/www.sgn-berlin.de\/wp-content\/uploads\/2017\/04\/Dr-med-Sybille-Goerlitz-Novakovic.jpg","contentUrl":"https:\/\/www.sgn-berlin.de\/wp-content\/uploads\/2017\/04\/Dr-med-Sybille-Goerlitz-Novakovic.jpg","width":920,"height":1248,"caption":"Dr. med. Sybille Goerlitz-Novakovic Fachaerztin f\u00fcr Gynaekologie und Geburtshilfe"},{"@type":"BreadcrumbList","@id":"https:\/\/www.sgn-berlin.de\/en\/curriculum-vitae\/#breadcrumb","itemListElement":[{"@type":"ListItem","position":1,"name":"Home","item":"https:\/\/www.sgn-berlin.de\/en\/"},{"@type":"ListItem","position":2,"name":"Welcome to our gynaecological practice","item":"https:\/\/www.sgn-berlin.de\/en\/"},{"@type":"ListItem","position":3,"name":"Curriculum vitae"}]},{"@type":"WebSite","@id":"https:\/\/www.sgn-berlin.de\/#website","url":"https:\/\/www.sgn-berlin.de\/","name":"SGN Berlin","description":"","publisher":{"@id":"https:\/\/www.sgn-berlin.de\/#organization"},"potentialAction":[{"@type":"SearchAction","target":{"@type":"EntryPoint","urlTemplate":"https:\/\/www.sgn-berlin.de\/?s={search_term_string}"},"query-input":{"@type":"PropertyValueSpecification","valueRequired":true,"valueName":"search_term_string"}}],"inLanguage":"en-US"},{"@type":"Organization","@id":"https:\/\/www.sgn-berlin.de\/#organization","name":"Dr. med. Sybille G\u00f6rlitz-Novakovic | Fach\u00e4rztin f\u00fcr Gyn\u00e4kologie und Geburtshilfe","url":"https:\/\/www.sgn-berlin.de\/","logo":{"@type":"ImageObject","inLanguage":"en-US","@id":"https:\/\/www.sgn-berlin.de\/#\/schema\/logo\/image\/","url":"https:\/\/www.sgn-berlin.de\/wp-content\/uploads\/2022\/05\/Bildschirmfoto-2022-05-31-um-15.48.37.png","contentUrl":"https:\/\/www.sgn-berlin.de\/wp-content\/uploads\/2022\/05\/Bildschirmfoto-2022-05-31-um-15.48.37.png","width":228,"height":107,"caption":"Dr. med. Sybille G\u00f6rlitz-Novakovic | Fach\u00e4rztin f\u00fcr Gyn\u00e4kologie und Geburtshilfe"},"image":{"@id":"https:\/\/www.sgn-berlin.de\/#\/schema\/logo\/image\/"}}]}},"_links":{"self":[{"href":"https:\/\/www.sgn-berlin.de\/wp-json\/wp\/v2\/pages\/73","targetHints":{"allow":["GET"]}}],"collection":[{"href":"https:\/\/www.sgn-berlin.de\/wp-json\/wp\/v2\/pages"}],"about":[{"href":"https:\/\/www.sgn-berlin.de\/wp-json\/wp\/v2\/types\/page"}],"author":[{"embeddable":true,"href":"https:\/\/www.sgn-berlin.de\/wp-json\/wp\/v2\/users\/1"}],"replies":[{"embeddable":true,"href":"https:\/\/www.sgn-berlin.de\/wp-json\/wp\/v2\/comments?post=73"}],"version-history":[{"count":6,"href":"https:\/\/www.sgn-berlin.de\/wp-json\/wp\/v2\/pages\/73\/revisions"}],"predecessor-version":[{"id":446,"href":"https:\/\/www.sgn-berlin.de\/wp-json\/wp\/v2\/pages\/73\/revisions\/446"}],"up":[{"embeddable":true,"href":"https:\/\/www.sgn-berlin.de\/wp-json\/wp\/v2\/pages\/68"}],"wp:attachment":[{"href":"https:\/\/www.sgn-berlin.de\/wp-json\/wp\/v2\/media?parent=73"}],"curies":[{"name":"wp","href":"https:\/\/api.w.org\/{rel}","templated":true}]}}