{"id":83,"date":"2021-01-03T13:24:29","date_gmt":"2021-01-03T12:24:29","guid":{"rendered":"https:\/\/www.sgn-berlin.de\/?page_id=83"},"modified":"2021-02-02T10:18:53","modified_gmt":"2021-02-02T09:18:53","slug":"our-services","status":"publish","type":"page","link":"https:\/\/www.sgn-berlin.de\/en\/our-services\/","title":{"rendered":"Our services"},"content":{"rendered":"<p>&nbsp;<\/p>\n<div id='gallery-1' class='gallery galleryid-106 gallery-columns-3 gallery-size-medium'><figure class='gallery-item'>\n\t\t\t<div class='gallery-icon landscape'>\n\t\t\t\t<img loading=\"lazy\" decoding=\"async\" width=\"600\" height=\"528\" src=\"https:\/\/www.sgn-berlin.de\/wp-content\/uploads\/2018\/11\/IMG_0037-Bearbeitet_k-600x528.jpg\" class=\"attachment-medium size-medium\" alt=\"Wartezimmer | SGN Berlin\" \/>\n\t\t\t<\/div><\/figure><figure class='gallery-item'>\n\t\t\t<div class='gallery-icon landscape'>\n\t\t\t\t<img loading=\"lazy\" decoding=\"async\" width=\"600\" height=\"528\" src=\"https:\/\/www.sgn-berlin.de\/wp-content\/uploads\/2018\/11\/IMG_0010-Bearbeitet_k-600x528.jpg\" class=\"attachment-medium size-medium\" alt=\"Behandlungsecke | SGN Berlin\" \/>\n\t\t\t<\/div><\/figure><figure class='gallery-item'>\n\t\t\t<div class='gallery-icon landscape'>\n\t\t\t\t<img loading=\"lazy\" decoding=\"async\" width=\"600\" height=\"528\" src=\"https:\/\/www.sgn-berlin.de\/wp-content\/uploads\/2018\/11\/IMG_0111-Bearbeitet_k-600x528.jpg\" class=\"attachment-medium size-medium\" alt=\"Behandlungsstuhl | SGN Berlin\" \/>\n\t\t\t<\/div><\/figure>\n\t\t<\/div>\n\n<p>We offer a comprehensive spectrum of gynaecological and obstetric services. Our goal is to provide you with treatment in the most competent and friendly way possible. Our services include:<\/p>\n<div class=\"accordion\">\n<article id=\"post-119\" class=\"post-119 service type-service status-publish hentry en-US\">\n\t<header class=\"entry-header\">\n\t\t<h2 class=\"entry-title\"><a href=\"https:\/\/www.sgn-berlin.de\/en\/cancer-screening-early-detection-and-follow-up-care\/\" rel=\"bookmark\">Cancer screening, early detection and follow-up care<\/a><\/h2>\t<\/header>\n\n\t<div class=\"entry-content\">\n\t\t<p>An important goal of practice is the early recognition of benign and malignant diseases affecting the female genitalia or breasts. Cancer screening includes vaginal inspection with the so-called PAP smear test and the examination of the breasts via palpation. We also offer oncological follow-up treatments according to medical guidelines.<\/p>\n<p>Upon request, we offer further, modern tests to provide comprehensive cancer screening:<\/p>\n<ul>\n<li>Ultrasound vaginal examination to inspect womb and ovaries<\/li>\n<li>Ultrasound breast examination<\/li>\n<li>Human papilloma virus (HPV) testing<\/li>\n<li>Chlamydia testing<\/li>\n<li>Ultra-sensitive PAP smear test (ThinPrep)<\/li>\n<li>Immunologic faecal occult blood test<\/li>\n<li>Test for bladder cancer<\/li>\n<\/ul>\n<p>Unfortunately, these extra services are not covered by public health insurance.<\/p>\n\t<\/div>\n<\/article><!-- #post-## -->\n\n<article id=\"post-398\" class=\"post-398 service type-service status-publish hentry en-US\">\n\t<header class=\"entry-header\">\n\t\t<h2 class=\"entry-title\"><a href=\"https:\/\/www.sgn-berlin.de\/en\/service\/vaginal-laser-treatment-monalisa-touch\/\" rel=\"bookmark\">Vaginal laser treatment: MonaLisa Touch<\/a><\/h2>\t<\/header>\n\n\t<div class=\"entry-content\">\n\t\t<p>When our oestrogen level falls \u2013 for example, due to menopause or perhaps a treatment we have received (like tamoxifen for breast cancer) \u2013 it sometimes triggers reactions of various kinds. This happens whether we are 25 or 80, and many women suffer the discomfort in silence.<\/p>\n<p>The membrane wall thins out, and that can lead to annoying symptoms like itching, stinging, a dry vagina or urinary incontinence. These problems can be distressing.<\/p>\n<p>Vaginal laser rejuvenation is a fast, safe and convenient method now available to women with the above symptoms, especially if they are finding intercourse painful.<\/p>\n<p>Laser therapy is also an effective way to deal with lichen sclerosus, which causes inflammation of the skin, especially around the vulva.<\/p>\n<p>This procedure is non-invasive. It can be performed by your gynaecologist in about 5 minutes, and it is virtually pain-free. The patient does not need to take hormones, and the laser treatment has no side effects. Up to 90% of symptoms clear up after 3 sessions (see IRCCS, San Raffaele).<\/p>\n\t<\/div>\n<\/article><!-- #post-## -->\n\n<article id=\"post-93\" class=\"post-93 service type-service status-publish hentry en-US\">\n\t<header class=\"entry-header\">\n\t\t<h2 class=\"entry-title\"><a href=\"https:\/\/www.sgn-berlin.de\/en\/service\/prenatal-care\/\" rel=\"bookmark\">Prenatal care<\/a><\/h2>\t<\/header>\n\n\t<div class=\"entry-content\">\n\t\t<p>Pregnancy is a very special time and we are happy to support you through it. Alongside the standard screenings recommended in the national pregnancy guidelines, we offer additional ultrasound, smear and blood tests on request (including infectious serology to exclude or detect infections that could endanger your child, swab test for beta-haemolysing streptococci, and 3D imaging).<\/p>\n\t<\/div>\n<\/article><!-- #post-## -->\n\n<article id=\"post-99\" class=\"post-99 service type-service status-publish hentry en-US\">\n\t<header class=\"entry-header\">\n\t\t<h2 class=\"entry-title\"><a href=\"https:\/\/www.sgn-berlin.de\/en\/service\/contraception\/\" rel=\"bookmark\">Contraception<\/a><\/h2>\t<\/header>\n\n\t<div class=\"entry-content\">\n\t\t<p>Women\u2019s contraceptive needs change over the course of their fertile years. Our goal is to provide you with the best method of contraception according to your wishes and concerns.<\/p>\n<p>Some available methods:<\/p>\n<ul>\n<li>different oral contraceptives (pill)<\/li>\n<li>Nuvaring (ring releasing hormones via the vagina)<\/li>\n<li>contraceptive plaster<\/li>\n<li>three-month injections<\/li>\n<li>hormonal IUD (Mirena, Yaydess)<\/li>\n<li>copper IUD<\/li>\n<\/ul>\n<p>We are happy to offer comprehensive advice regarding all methods.<\/p>\n\t<\/div>\n<\/article><!-- #post-## -->\n\n<article id=\"post-145\" class=\"post-145 service type-service status-publish hentry en-US\">\n\t<header class=\"entry-header\">\n\t\t<h2 class=\"entry-title\"><a href=\"https:\/\/www.sgn-berlin.de\/en\/service\/consultations-for-teenagers-and-young-women\/\" rel=\"bookmark\">Consultations for teenagers and young women<\/a><\/h2>\t<\/header>\n\n\t<div class=\"entry-content\">\n\t\t<p>Teenagers and young women are welcome to come to us and discuss questions about bodily changes, menstruation, sexuality and contraception \u2013 either alone or accompanied by their boyfriend, girlfriend or mother. We take the time for your questions and treat everything we discuss completely confidentially. Your first appointment should let you get to know the practice in a relaxed fashion. The first gynaecological examination comes only later, unless you have any medical complaints.<\/p>\n<p>We would also be pleased to inform you about sexually transmitted diseases and the HPV vaccination.<\/p>\n<p>&nbsp;<\/p>\n<p>&nbsp;<\/p>\n\t<\/div>\n<\/article><!-- #post-## -->\n\n<article id=\"post-149\" class=\"post-149 service type-service status-publish hentry en-US\">\n\t<header class=\"entry-header\">\n\t\t<h2 class=\"entry-title\"><a href=\"https:\/\/www.sgn-berlin.de\/en\/service\/menopause-hormonal-diagnosis-and-therapy\/\" rel=\"bookmark\">Menopause (hormonal diagnosis and therapy)<\/a><\/h2>\t<\/header>\n\n\t<div class=\"entry-content\">\n\t\t<p>The menopause is a phase of life that brings both personal and bodily changes for many women. We are happy to advise and support you during this time. A central bodily change is the reduced hormone production of the ovaries. This can produce certain symptoms. In some cases, a change in daily habits or a herbal therapy is sufficient to alleviate symptoms. In others, hormone replacement therapy may be required.<\/p>\n<p>We will select the right course of treatment for you individually.<\/p>\n\t<\/div>\n<\/article><!-- #post-## -->\n\n<article id=\"post-104\" class=\"post-104 service type-service status-publish hentry en-US\">\n\t<header class=\"entry-header\">\n\t\t<h2 class=\"entry-title\"><a href=\"https:\/\/www.sgn-berlin.de\/en\/service\/psychosomatic-issues\/\" rel=\"bookmark\">Psychosomatic issues<\/a><\/h2>\t<\/header>\n\n\t<div class=\"entry-content\">\n\t\t<p>Genital diseases are usually a major burden for those affected. Women suffering from inflammation, itching, burning or pain in the genital area are often reluctant to speak openly about the problems or to seek help. One of the most common inflammatory skin diseases of the vulva is the so-called lichen sclerosus (LS).<\/p>\n<p>More information here<\/p>\n\t<\/div>\n<\/article><!-- #post-## -->\n\n<article id=\"post-106\" class=\"post-106 service type-service status-publish hentry en-US\">\n\t<header class=\"entry-header\">\n\t\t<h2 class=\"entry-title\"><a href=\"https:\/\/www.sgn-berlin.de\/en\/service\/vaginal-discomfort\/\" rel=\"bookmark\">Vaginal Discomfort<\/a><\/h2>\t<\/header>\n\n\t<div class=\"entry-content\">\n\t\t<p>Before each therapy, the personal discussion between doctor and patient is very important. In my practice in Berlin you can speak to me very openly about your concerns and wishes. Based on your individual findings, I will discreetly and honestly inform you about the therapeutic options for vaginal complaints and inform you from woman to woman in detail about the procedure, the special features and the possible side effects of the MonaLisa Touch\u00ae treatment.<\/p>\n<p>More information here<\/p>\n\t<\/div>\n<\/article><!-- #post-## -->\n<\/div>","protected":false},"excerpt":{"rendered":"<p>&nbsp; We offer a comprehensive spectrum of gynaecological and obstetric services. Our goal is to provide you with treatment in the most competent and friendly way possible. Our services include:<\/p>\n","protected":false},"author":1,"featured_media":0,"parent":68,"menu_order":30,"comment_status":"closed","ping_status":"closed","template":"","meta":{"_locale":"en_US","_original_post":"22","footnotes":""},"class_list":["post-83","page","type-page","status-publish","hentry","en-US"],"yoast_head":"<!-- This site is optimized with the Yoast SEO plugin v26.7 - https:\/\/yoast.com\/wordpress\/plugins\/seo\/ -->\n<title>Our services | Gynecological Practice | Dr. med. SGN Berlin<\/title>\n<meta name=\"description\" content=\"Find out more about our extensive range of services | Specialist in gynecology and obstetrics | praxis@sgn-berlin.de | T +49 (0)30 30 10 91 93\" \/>\n<meta name=\"robots\" content=\"index, follow, max-snippet:-1, max-image-preview:large, max-video-preview:-1\" \/>\n<link rel=\"canonical\" href=\"https:\/\/www.sgn-berlin.de\/en\/our-services\/\" \/>\n<meta property=\"og:locale\" content=\"en_US\" \/>\n<meta property=\"og:type\" content=\"article\" \/>\n<meta property=\"og:title\" content=\"Our services | Gynecological Practice | Dr. med. SGN Berlin\" \/>\n<meta property=\"og:description\" content=\"Find out more about our extensive range of services | Specialist in gynecology and obstetrics | praxis@sgn-berlin.de | T +49 (0)30 30 10 91 93\" \/>\n<meta property=\"og:url\" content=\"https:\/\/www.sgn-berlin.de\/en\/our-services\/\" \/>\n<meta property=\"og:site_name\" content=\"SGN Berlin\" \/>\n<meta property=\"article:modified_time\" content=\"2021-02-02T09:18:53+00:00\" \/>\n<meta property=\"og:image\" content=\"https:\/\/www.sgn-berlin.de\/wp-content\/uploads\/2018\/11\/IMG_0037-Bearbeitet_k-600x528.jpg\" \/>\n<meta name=\"twitter:card\" content=\"summary_large_image\" \/>\n<script type=\"application\/ld+json\" class=\"yoast-schema-graph\">{\"@context\":\"https:\/\/schema.org\",\"@graph\":[{\"@type\":\"WebPage\",\"@id\":\"https:\/\/www.sgn-berlin.de\/en\/our-services\/\",\"url\":\"https:\/\/www.sgn-berlin.de\/en\/our-services\/\",\"name\":\"Our services | Gynecological Practice | Dr. med. SGN Berlin\",\"isPartOf\":{\"@id\":\"https:\/\/www.sgn-berlin.de\/#website\"},\"datePublished\":\"2021-01-03T12:24:29+00:00\",\"dateModified\":\"2021-02-02T09:18:53+00:00\",\"description\":\"Find out more about our extensive range of services | Specialist in gynecology and obstetrics | praxis@sgn-berlin.de | T +49 (0)30 30 10 91 93\",\"breadcrumb\":{\"@id\":\"https:\/\/www.sgn-berlin.de\/en\/our-services\/#breadcrumb\"},\"inLanguage\":\"en-US\",\"potentialAction\":[{\"@type\":\"ReadAction\",\"target\":[\"https:\/\/www.sgn-berlin.de\/en\/our-services\/\"]}]},{\"@type\":\"BreadcrumbList\",\"@id\":\"https:\/\/www.sgn-berlin.de\/en\/our-services\/#breadcrumb\",\"itemListElement\":[{\"@type\":\"ListItem\",\"position\":1,\"name\":\"Home\",\"item\":\"https:\/\/www.sgn-berlin.de\/en\/\"},{\"@type\":\"ListItem\",\"position\":2,\"name\":\"Welcome to our gynaecological practice\",\"item\":\"https:\/\/www.sgn-berlin.de\/en\/\"},{\"@type\":\"ListItem\",\"position\":3,\"name\":\"Our services\"}]},{\"@type\":\"WebSite\",\"@id\":\"https:\/\/www.sgn-berlin.de\/#website\",\"url\":\"https:\/\/www.sgn-berlin.de\/\",\"name\":\"SGN Berlin\",\"description\":\"\",\"publisher\":{\"@id\":\"https:\/\/www.sgn-berlin.de\/#organization\"},\"potentialAction\":[{\"@type\":\"SearchAction\",\"target\":{\"@type\":\"EntryPoint\",\"urlTemplate\":\"https:\/\/www.sgn-berlin.de\/?s={search_term_string}\"},\"query-input\":{\"@type\":\"PropertyValueSpecification\",\"valueRequired\":true,\"valueName\":\"search_term_string\"}}],\"inLanguage\":\"en-US\"},{\"@type\":\"Organization\",\"@id\":\"https:\/\/www.sgn-berlin.de\/#organization\",\"name\":\"Dr. med. Sybille G\u00f6rlitz-Novakovic | Fach\u00e4rztin f\u00fcr Gyn\u00e4kologie und Geburtshilfe\",\"url\":\"https:\/\/www.sgn-berlin.de\/\",\"logo\":{\"@type\":\"ImageObject\",\"inLanguage\":\"en-US\",\"@id\":\"https:\/\/www.sgn-berlin.de\/#\/schema\/logo\/image\/\",\"url\":\"https:\/\/www.sgn-berlin.de\/wp-content\/uploads\/2022\/05\/Bildschirmfoto-2022-05-31-um-15.48.37.png\",\"contentUrl\":\"https:\/\/www.sgn-berlin.de\/wp-content\/uploads\/2022\/05\/Bildschirmfoto-2022-05-31-um-15.48.37.png\",\"width\":228,\"height\":107,\"caption\":\"Dr. med. Sybille G\u00f6rlitz-Novakovic | Fach\u00e4rztin f\u00fcr Gyn\u00e4kologie und Geburtshilfe\"},\"image\":{\"@id\":\"https:\/\/www.sgn-berlin.de\/#\/schema\/logo\/image\/\"}}]}<\/script>\n<!-- \/ Yoast SEO plugin. -->","yoast_head_json":{"title":"Our services | Gynecological Practice | Dr. med. SGN Berlin","description":"Find out more about our extensive range of services | Specialist in gynecology and obstetrics | praxis@sgn-berlin.de | T +49 (0)30 30 10 91 93","robots":{"index":"index","follow":"follow","max-snippet":"max-snippet:-1","max-image-preview":"max-image-preview:large","max-video-preview":"max-video-preview:-1"},"canonical":"https:\/\/www.sgn-berlin.de\/en\/our-services\/","og_locale":"en_US","og_type":"article","og_title":"Our services | Gynecological Practice | Dr. med. SGN Berlin","og_description":"Find out more about our extensive range of services | Specialist in gynecology and obstetrics | praxis@sgn-berlin.de | T +49 (0)30 30 10 91 93","og_url":"https:\/\/www.sgn-berlin.de\/en\/our-services\/","og_site_name":"SGN Berlin","article_modified_time":"2021-02-02T09:18:53+00:00","og_image":[{"url":"https:\/\/www.sgn-berlin.de\/wp-content\/uploads\/2018\/11\/IMG_0037-Bearbeitet_k-600x528.jpg","type":"","width":"","height":""}],"twitter_card":"summary_large_image","schema":{"@context":"https:\/\/schema.org","@graph":[{"@type":"WebPage","@id":"https:\/\/www.sgn-berlin.de\/en\/our-services\/","url":"https:\/\/www.sgn-berlin.de\/en\/our-services\/","name":"Our services | Gynecological Practice | Dr. med. SGN Berlin","isPartOf":{"@id":"https:\/\/www.sgn-berlin.de\/#website"},"datePublished":"2021-01-03T12:24:29+00:00","dateModified":"2021-02-02T09:18:53+00:00","description":"Find out more about our extensive range of services | Specialist in gynecology and obstetrics | praxis@sgn-berlin.de | T +49 (0)30 30 10 91 93","breadcrumb":{"@id":"https:\/\/www.sgn-berlin.de\/en\/our-services\/#breadcrumb"},"inLanguage":"en-US","potentialAction":[{"@type":"ReadAction","target":["https:\/\/www.sgn-berlin.de\/en\/our-services\/"]}]},{"@type":"BreadcrumbList","@id":"https:\/\/www.sgn-berlin.de\/en\/our-services\/#breadcrumb","itemListElement":[{"@type":"ListItem","position":1,"name":"Home","item":"https:\/\/www.sgn-berlin.de\/en\/"},{"@type":"ListItem","position":2,"name":"Welcome to our gynaecological practice","item":"https:\/\/www.sgn-berlin.de\/en\/"},{"@type":"ListItem","position":3,"name":"Our services"}]},{"@type":"WebSite","@id":"https:\/\/www.sgn-berlin.de\/#website","url":"https:\/\/www.sgn-berlin.de\/","name":"SGN Berlin","description":"","publisher":{"@id":"https:\/\/www.sgn-berlin.de\/#organization"},"potentialAction":[{"@type":"SearchAction","target":{"@type":"EntryPoint","urlTemplate":"https:\/\/www.sgn-berlin.de\/?s={search_term_string}"},"query-input":{"@type":"PropertyValueSpecification","valueRequired":true,"valueName":"search_term_string"}}],"inLanguage":"en-US"},{"@type":"Organization","@id":"https:\/\/www.sgn-berlin.de\/#organization","name":"Dr. med. Sybille G\u00f6rlitz-Novakovic | Fach\u00e4rztin f\u00fcr Gyn\u00e4kologie und Geburtshilfe","url":"https:\/\/www.sgn-berlin.de\/","logo":{"@type":"ImageObject","inLanguage":"en-US","@id":"https:\/\/www.sgn-berlin.de\/#\/schema\/logo\/image\/","url":"https:\/\/www.sgn-berlin.de\/wp-content\/uploads\/2022\/05\/Bildschirmfoto-2022-05-31-um-15.48.37.png","contentUrl":"https:\/\/www.sgn-berlin.de\/wp-content\/uploads\/2022\/05\/Bildschirmfoto-2022-05-31-um-15.48.37.png","width":228,"height":107,"caption":"Dr. med. Sybille G\u00f6rlitz-Novakovic | Fach\u00e4rztin f\u00fcr Gyn\u00e4kologie und Geburtshilfe"},"image":{"@id":"https:\/\/www.sgn-berlin.de\/#\/schema\/logo\/image\/"}}]}},"_links":{"self":[{"href":"https:\/\/www.sgn-berlin.de\/wp-json\/wp\/v2\/pages\/83","targetHints":{"allow":["GET"]}}],"collection":[{"href":"https:\/\/www.sgn-berlin.de\/wp-json\/wp\/v2\/pages"}],"about":[{"href":"https:\/\/www.sgn-berlin.de\/wp-json\/wp\/v2\/types\/page"}],"author":[{"embeddable":true,"href":"https:\/\/www.sgn-berlin.de\/wp-json\/wp\/v2\/users\/1"}],"replies":[{"embeddable":true,"href":"https:\/\/www.sgn-berlin.de\/wp-json\/wp\/v2\/comments?post=83"}],"version-history":[{"count":2,"href":"https:\/\/www.sgn-berlin.de\/wp-json\/wp\/v2\/pages\/83\/revisions"}],"predecessor-version":[{"id":749,"href":"https:\/\/www.sgn-berlin.de\/wp-json\/wp\/v2\/pages\/83\/revisions\/749"}],"up":[{"embeddable":true,"href":"https:\/\/www.sgn-berlin.de\/wp-json\/wp\/v2\/pages\/68"}],"wp:attachment":[{"href":"https:\/\/www.sgn-berlin.de\/wp-json\/wp\/v2\/media?parent=83"}],"curies":[{"name":"wp","href":"https:\/\/api.w.org\/{rel}","templated":true}]}}