{"id":123,"date":"2021-01-03T17:39:08","date_gmt":"2021-01-03T16:39:08","guid":{"rendered":"https:\/\/www.sgn-berlin.de\/?page_id=123"},"modified":"2024-01-22T12:34:52","modified_gmt":"2024-01-22T11:34:52","slug":"bienvenue-dans-votre-cabinet-de-gynecologie","status":"publish","type":"page","link":"https:\/\/www.sgn-berlin.de\/","title":{"rendered":"Bienvenue dans votre cabinet de gyn\u00e9cologie"},"content":{"rendered":"<h1 class=\"wp-block-post-title\">Bienvenue dans votre cabinet de gyn\u00e9cologie<\/h1>\r\n\r\n\r\n<div class=\"wp-block-buttons is-layout-flex wp-block-buttons-is-layout-flex\">\r\n<div class=\"wp-block-button\"><a href=\"https:\/\/www.doctolib.de\/gemeinschaftspraxis\/berlin\/frauenarztpraxis-dr-goerlitz-novakovic\" class=\"wp-block-button__link wp-element-button\">Prendre rendez-vous en ligne<\/a><\/div>\r\n<\/div>\r\n","protected":false},"excerpt":{"rendered":"","protected":false},"author":1,"featured_media":224,"parent":0,"menu_order":0,"comment_status":"closed","ping_status":"closed","template":"","meta":{"_locale":"fr_FR","_original_post":"2","footnotes":""},"class_list":["post-123","page","type-page","status-publish","has-post-thumbnail","hentry","fr-FR"],"yoast_head":"<!-- This site is optimized with the Yoast SEO plugin v26.7 - https:\/\/yoast.com\/wordpress\/plugins\/seo\/ -->\n<title>Bienvenue dans votre cabinet de gyn\u00e9cologie - SGN Berlin<\/title>\n<meta name=\"description\" content=\"Dans le bureau du gyn\u00e9cologue du Dr. G\u00f6rlitz-Novakovic, vous trouverez des conseils comp\u00e9tents et fiables sur toutes les questions gyn\u00e9cologiques.\" \/>\n<meta name=\"robots\" content=\"index, follow, max-snippet:-1, max-image-preview:large, max-video-preview:-1\" \/>\n<link rel=\"canonical\" href=\"https:\/\/www.sgn-berlin.de\/\" \/>\n<meta property=\"og:locale\" content=\"fr_FR\" \/>\n<meta property=\"og:type\" content=\"article\" \/>\n<meta property=\"og:title\" content=\"Bienvenue dans votre cabinet de gyn\u00e9cologie - SGN Berlin\" \/>\n<meta property=\"og:description\" content=\"Dans le bureau du gyn\u00e9cologue du Dr. G\u00f6rlitz-Novakovic, vous trouverez des conseils comp\u00e9tents et fiables sur toutes les questions gyn\u00e9cologiques.\" \/>\n<meta property=\"og:url\" content=\"https:\/\/www.sgn-berlin.de\/\" \/>\n<meta property=\"og:site_name\" content=\"SGN Berlin\" \/>\n<meta property=\"article:modified_time\" content=\"2024-01-22T11:34:52+00:00\" \/>\n<meta property=\"og:image\" content=\"https:\/\/www.sgn-berlin.de\/wp-content\/uploads\/2017\/06\/smith-sgn-praxis-home-start-170612.jpg\" \/>\n\t<meta property=\"og:image:width\" content=\"2880\" \/>\n\t<meta property=\"og:image:height\" content=\"1425\" \/>\n\t<meta property=\"og:image:type\" content=\"image\/jpeg\" \/>\n<meta name=\"twitter:card\" content=\"summary_large_image\" \/>\n<meta name=\"twitter:label1\" content=\"Dur\u00e9e de lecture estim\u00e9e\" \/>\n\t<meta name=\"twitter:data1\" content=\"1 minute\" \/>\n<script type=\"application\/ld+json\" class=\"yoast-schema-graph\">{\"@context\":\"https:\/\/schema.org\",\"@graph\":[{\"@type\":\"WebPage\",\"@id\":\"https:\/\/www.sgn-berlin.de\/\",\"url\":\"https:\/\/www.sgn-berlin.de\/\",\"name\":\"Bienvenue dans votre cabinet de gyn\u00e9cologie - SGN Berlin\",\"isPartOf\":{\"@id\":\"https:\/\/www.sgn-berlin.de\/#website\"},\"primaryImageOfPage\":{\"@id\":\"https:\/\/www.sgn-berlin.de\/#primaryimage\"},\"image\":{\"@id\":\"https:\/\/www.sgn-berlin.de\/#primaryimage\"},\"thumbnailUrl\":\"https:\/\/www.sgn-berlin.de\/wp-content\/uploads\/2017\/06\/smith-sgn-praxis-home-start-170612.jpg\",\"datePublished\":\"2021-01-03T16:39:08+00:00\",\"dateModified\":\"2024-01-22T11:34:52+00:00\",\"description\":\"Dans le bureau du gyn\u00e9cologue du Dr. G\u00f6rlitz-Novakovic, vous trouverez des conseils comp\u00e9tents et fiables sur toutes les questions gyn\u00e9cologiques.\",\"breadcrumb\":{\"@id\":\"https:\/\/www.sgn-berlin.de\/#breadcrumb\"},\"inLanguage\":\"fr-FR\",\"potentialAction\":[{\"@type\":\"ReadAction\",\"target\":[\"https:\/\/www.sgn-berlin.de\/\"]}]},{\"@type\":\"ImageObject\",\"inLanguage\":\"fr-FR\",\"@id\":\"https:\/\/www.sgn-berlin.de\/#primaryimage\",\"url\":\"https:\/\/www.sgn-berlin.de\/wp-content\/uploads\/2017\/06\/smith-sgn-praxis-home-start-170612.jpg\",\"contentUrl\":\"https:\/\/www.sgn-berlin.de\/wp-content\/uploads\/2017\/06\/smith-sgn-praxis-home-start-170612.jpg\",\"width\":2880,\"height\":1425,\"caption\":\"Praxis Beratungszimmer | SGN Berlin\"},{\"@type\":\"BreadcrumbList\",\"@id\":\"https:\/\/www.sgn-berlin.de\/#breadcrumb\",\"itemListElement\":[{\"@type\":\"ListItem\",\"position\":1,\"name\":\"Home\",\"item\":\"https:\/\/www.sgn-berlin.de\/fr\/\"},{\"@type\":\"ListItem\",\"position\":2,\"name\":\"Bienvenue dans votre cabinet de gyn\u00e9cologie\"}]},{\"@type\":\"WebSite\",\"@id\":\"https:\/\/www.sgn-berlin.de\/#website\",\"url\":\"https:\/\/www.sgn-berlin.de\/\",\"name\":\"SGN Berlin\",\"description\":\"\",\"publisher\":{\"@id\":\"https:\/\/www.sgn-berlin.de\/#organization\"},\"potentialAction\":[{\"@type\":\"SearchAction\",\"target\":{\"@type\":\"EntryPoint\",\"urlTemplate\":\"https:\/\/www.sgn-berlin.de\/?s={search_term_string}\"},\"query-input\":{\"@type\":\"PropertyValueSpecification\",\"valueRequired\":true,\"valueName\":\"search_term_string\"}}],\"inLanguage\":\"fr-FR\"},{\"@type\":\"Organization\",\"@id\":\"https:\/\/www.sgn-berlin.de\/#organization\",\"name\":\"Dr. med. Sybille G\u00f6rlitz-Novakovic | Fach\u00e4rztin f\u00fcr Gyn\u00e4kologie und Geburtshilfe\",\"url\":\"https:\/\/www.sgn-berlin.de\/\",\"logo\":{\"@type\":\"ImageObject\",\"inLanguage\":\"fr-FR\",\"@id\":\"https:\/\/www.sgn-berlin.de\/#\/schema\/logo\/image\/\",\"url\":\"https:\/\/www.sgn-berlin.de\/wp-content\/uploads\/2022\/05\/Bildschirmfoto-2022-05-31-um-15.48.37.png\",\"contentUrl\":\"https:\/\/www.sgn-berlin.de\/wp-content\/uploads\/2022\/05\/Bildschirmfoto-2022-05-31-um-15.48.37.png\",\"width\":228,\"height\":107,\"caption\":\"Dr. med. Sybille G\u00f6rlitz-Novakovic | Fach\u00e4rztin f\u00fcr Gyn\u00e4kologie und Geburtshilfe\"},\"image\":{\"@id\":\"https:\/\/www.sgn-berlin.de\/#\/schema\/logo\/image\/\"}}]}<\/script>\n<!-- \/ Yoast SEO plugin. -->","yoast_head_json":{"title":"Bienvenue dans votre cabinet de gyn\u00e9cologie - SGN Berlin","description":"Dans le bureau du gyn\u00e9cologue du Dr. G\u00f6rlitz-Novakovic, vous trouverez des conseils comp\u00e9tents et fiables sur toutes les questions gyn\u00e9cologiques.","robots":{"index":"index","follow":"follow","max-snippet":"max-snippet:-1","max-image-preview":"max-image-preview:large","max-video-preview":"max-video-preview:-1"},"canonical":"https:\/\/www.sgn-berlin.de\/","og_locale":"fr_FR","og_type":"article","og_title":"Bienvenue dans votre cabinet de gyn\u00e9cologie - SGN Berlin","og_description":"Dans le bureau du gyn\u00e9cologue du Dr. G\u00f6rlitz-Novakovic, vous trouverez des conseils comp\u00e9tents et fiables sur toutes les questions gyn\u00e9cologiques.","og_url":"https:\/\/www.sgn-berlin.de\/","og_site_name":"SGN Berlin","article_modified_time":"2024-01-22T11:34:52+00:00","og_image":[{"width":2880,"height":1425,"url":"https:\/\/www.sgn-berlin.de\/wp-content\/uploads\/2017\/06\/smith-sgn-praxis-home-start-170612.jpg","type":"image\/jpeg"}],"twitter_card":"summary_large_image","twitter_misc":{"Dur\u00e9e de lecture estim\u00e9e":"1 minute"},"schema":{"@context":"https:\/\/schema.org","@graph":[{"@type":"WebPage","@id":"https:\/\/www.sgn-berlin.de\/","url":"https:\/\/www.sgn-berlin.de\/","name":"Bienvenue dans votre cabinet de gyn\u00e9cologie - SGN Berlin","isPartOf":{"@id":"https:\/\/www.sgn-berlin.de\/#website"},"primaryImageOfPage":{"@id":"https:\/\/www.sgn-berlin.de\/#primaryimage"},"image":{"@id":"https:\/\/www.sgn-berlin.de\/#primaryimage"},"thumbnailUrl":"https:\/\/www.sgn-berlin.de\/wp-content\/uploads\/2017\/06\/smith-sgn-praxis-home-start-170612.jpg","datePublished":"2021-01-03T16:39:08+00:00","dateModified":"2024-01-22T11:34:52+00:00","description":"Dans le bureau du gyn\u00e9cologue du Dr. G\u00f6rlitz-Novakovic, vous trouverez des conseils comp\u00e9tents et fiables sur toutes les questions gyn\u00e9cologiques.","breadcrumb":{"@id":"https:\/\/www.sgn-berlin.de\/#breadcrumb"},"inLanguage":"fr-FR","potentialAction":[{"@type":"ReadAction","target":["https:\/\/www.sgn-berlin.de\/"]}]},{"@type":"ImageObject","inLanguage":"fr-FR","@id":"https:\/\/www.sgn-berlin.de\/#primaryimage","url":"https:\/\/www.sgn-berlin.de\/wp-content\/uploads\/2017\/06\/smith-sgn-praxis-home-start-170612.jpg","contentUrl":"https:\/\/www.sgn-berlin.de\/wp-content\/uploads\/2017\/06\/smith-sgn-praxis-home-start-170612.jpg","width":2880,"height":1425,"caption":"Praxis Beratungszimmer | SGN Berlin"},{"@type":"BreadcrumbList","@id":"https:\/\/www.sgn-berlin.de\/#breadcrumb","itemListElement":[{"@type":"ListItem","position":1,"name":"Home","item":"https:\/\/www.sgn-berlin.de\/fr\/"},{"@type":"ListItem","position":2,"name":"Bienvenue dans votre cabinet de gyn\u00e9cologie"}]},{"@type":"WebSite","@id":"https:\/\/www.sgn-berlin.de\/#website","url":"https:\/\/www.sgn-berlin.de\/","name":"SGN Berlin","description":"","publisher":{"@id":"https:\/\/www.sgn-berlin.de\/#organization"},"potentialAction":[{"@type":"SearchAction","target":{"@type":"EntryPoint","urlTemplate":"https:\/\/www.sgn-berlin.de\/?s={search_term_string}"},"query-input":{"@type":"PropertyValueSpecification","valueRequired":true,"valueName":"search_term_string"}}],"inLanguage":"fr-FR"},{"@type":"Organization","@id":"https:\/\/www.sgn-berlin.de\/#organization","name":"Dr. med. Sybille G\u00f6rlitz-Novakovic | Fach\u00e4rztin f\u00fcr Gyn\u00e4kologie und Geburtshilfe","url":"https:\/\/www.sgn-berlin.de\/","logo":{"@type":"ImageObject","inLanguage":"fr-FR","@id":"https:\/\/www.sgn-berlin.de\/#\/schema\/logo\/image\/","url":"https:\/\/www.sgn-berlin.de\/wp-content\/uploads\/2022\/05\/Bildschirmfoto-2022-05-31-um-15.48.37.png","contentUrl":"https:\/\/www.sgn-berlin.de\/wp-content\/uploads\/2022\/05\/Bildschirmfoto-2022-05-31-um-15.48.37.png","width":228,"height":107,"caption":"Dr. med. Sybille G\u00f6rlitz-Novakovic | Fach\u00e4rztin f\u00fcr Gyn\u00e4kologie und Geburtshilfe"},"image":{"@id":"https:\/\/www.sgn-berlin.de\/#\/schema\/logo\/image\/"}}]}},"_links":{"self":[{"href":"https:\/\/www.sgn-berlin.de\/wp-json\/wp\/v2\/pages\/123","targetHints":{"allow":["GET"]}}],"collection":[{"href":"https:\/\/www.sgn-berlin.de\/wp-json\/wp\/v2\/pages"}],"about":[{"href":"https:\/\/www.sgn-berlin.de\/wp-json\/wp\/v2\/types\/page"}],"author":[{"embeddable":true,"href":"https:\/\/www.sgn-berlin.de\/wp-json\/wp\/v2\/users\/1"}],"replies":[{"embeddable":true,"href":"https:\/\/www.sgn-berlin.de\/wp-json\/wp\/v2\/comments?post=123"}],"version-history":[{"count":21,"href":"https:\/\/www.sgn-berlin.de\/wp-json\/wp\/v2\/pages\/123\/revisions"}],"predecessor-version":[{"id":2028,"href":"https:\/\/www.sgn-berlin.de\/wp-json\/wp\/v2\/pages\/123\/revisions\/2028"}],"wp:featuredmedia":[{"embeddable":true,"href":"https:\/\/www.sgn-berlin.de\/wp-json\/wp\/v2\/media\/224"}],"wp:attachment":[{"href":"https:\/\/www.sgn-berlin.de\/wp-json\/wp\/v2\/media?parent=123"}],"curies":[{"name":"wp","href":"https:\/\/api.w.org\/{rel}","templated":true}]}}