{"id":125,"date":"2021-01-03T17:41:03","date_gmt":"2021-01-03T16:41:03","guid":{"rendered":"https:\/\/www.sgn-berlin.de\/?page_id=125"},"modified":"2021-02-02T10:26:20","modified_gmt":"2021-02-02T09:26:20","slug":"cheres-patientes","status":"publish","type":"page","link":"https:\/\/www.sgn-berlin.de\/fr\/cheres-patientes\/","title":{"rendered":"Ch\u00e8res patientes,"},"content":{"rendered":"<p>Bienvenue ! Notre cabinet de gyn\u00e9cologie et d\u2019obst\u00e9trique vous offre un large spectre de prestations de grande qualit\u00e9. Vous pouvez d\u2019ores et d\u00e9j\u00e0 prendre <a href=\"https:\/\/www.doctolib.de\/gemeinschaftspraxis\/berlin\/frauenarztpraxis-dr-goerlitz-novakovic\">rendez-vous<\/a> ou tout simplement nous envoyer un courriel. Nous parlons fran\u00e7ais, allemand et anglais.<\/p>\n<p>A tr\u00e8s bient\u00f4t\u00a0!<br \/>\nDr. Sybille G\u00f6rlitz-Novakovic et son \u00e9quipe.<\/p>\n<p>&nbsp;<\/p>\n<div id='gallery-1' class='gallery galleryid-125 gallery-columns-3 gallery-size-medium'><figure class='gallery-item'>\n\t\t\t<div class='gallery-icon landscape'>\n\t\t\t\t<img loading=\"lazy\" decoding=\"async\" width=\"600\" height=\"528\" src=\"https:\/\/www.sgn-berlin.de\/wp-content\/uploads\/2018\/11\/IMG_0056-Bearbeitet_k-600x528.jpg\" class=\"attachment-medium size-medium\" alt=\"Wartezimmer | SGN Berlin\" \/>\n\t\t\t<\/div><\/figure><figure class='gallery-item'>\n\t\t\t<div class='gallery-icon landscape'>\n\t\t\t\t<img loading=\"lazy\" decoding=\"async\" width=\"600\" height=\"528\" src=\"https:\/\/www.sgn-berlin.de\/wp-content\/uploads\/2017\/06\/smith-sgn-home-praxisfoto-2-170612-600x528.jpg\" class=\"attachment-medium size-medium\" alt=\"Praxis | SGN Berlin\" \/>\n\t\t\t<\/div><\/figure><figure class='gallery-item'>\n\t\t\t<div class='gallery-icon landscape'>\n\t\t\t\t<img loading=\"lazy\" decoding=\"async\" width=\"600\" height=\"528\" src=\"https:\/\/www.sgn-berlin.de\/wp-content\/uploads\/2017\/06\/smith-sgn-home-praxisfoto-1-170612-600x528.jpg\" class=\"attachment-medium size-medium\" alt=\"Praxis | SGN Berlin\" \/>\n\t\t\t<\/div><\/figure>\n\t\t<\/div>\n\n<p>&nbsp;<\/p>\n<p><a href=\"https:\/\/www.sgn-berlin.de\/Rendezvous\/\">Prendre rendez-vous en ligne<\/a><\/p>\n","protected":false},"excerpt":{"rendered":"<p>Bienvenue ! Notre cabinet de gyn\u00e9cologie et d\u2019obst\u00e9trique vous offre un large spectre de prestations de grande qualit\u00e9. Vous pouvez d\u2019ores et d\u00e9j\u00e0 prendre rendez-vous ou tout simplement nous envoyer un courriel. Nous parlons fran\u00e7ais, allemand et anglais. A tr\u00e8s bient\u00f4t\u00a0! Dr. Sybille G\u00f6rlitz-Novakovic et son \u00e9quipe. &nbsp; &nbsp; Prendre rendez-vous en ligne<\/p>\n","protected":false},"author":1,"featured_media":0,"parent":123,"menu_order":0,"comment_status":"closed","ping_status":"closed","template":"","meta":{"_locale":"fr_FR","_original_post":"8","footnotes":""},"class_list":["post-125","page","type-page","status-publish","hentry","fr-FR"],"yoast_head":"<!-- This site is optimized with the Yoast SEO plugin v26.7 - https:\/\/yoast.com\/wordpress\/plugins\/seo\/ -->\n<title>Pr\u00e9sentation | pratique gyn\u00e9cologue | Dr. med. SGN Berlin<\/title>\n<meta name=\"description\" content=\"Pratique en gyn\u00e9cologie et obst\u00e9trique | Dr. med. Sybille G\u00f6rlitz-Novakovic et son \u00e9quipe | Nous parlons allemand, anglais et fran\u00e7ais!\" \/>\n<meta name=\"robots\" content=\"index, follow, max-snippet:-1, max-image-preview:large, max-video-preview:-1\" \/>\n<link rel=\"canonical\" href=\"https:\/\/www.sgn-berlin.de\/fr\/cheres-patientes\/\" \/>\n<meta property=\"og:locale\" content=\"fr_FR\" \/>\n<meta property=\"og:type\" content=\"article\" \/>\n<meta property=\"og:title\" content=\"Pr\u00e9sentation | pratique gyn\u00e9cologue | Dr. med. SGN Berlin\" \/>\n<meta property=\"og:description\" content=\"Pratique en gyn\u00e9cologie et obst\u00e9trique | Dr. med. Sybille G\u00f6rlitz-Novakovic et son \u00e9quipe | Nous parlons allemand, anglais et fran\u00e7ais!\" \/>\n<meta property=\"og:url\" content=\"https:\/\/www.sgn-berlin.de\/fr\/cheres-patientes\/\" \/>\n<meta property=\"og:site_name\" content=\"SGN Berlin\" \/>\n<meta property=\"article:modified_time\" content=\"2021-02-02T09:26:20+00:00\" \/>\n<meta property=\"og:image\" content=\"https:\/\/www.sgn-berlin.de\/wp-content\/uploads\/2018\/11\/IMG_0056-Bearbeitet_k-600x528.jpg\" \/>\n<meta name=\"twitter:card\" content=\"summary_large_image\" \/>\n<script type=\"application\/ld+json\" class=\"yoast-schema-graph\">{\"@context\":\"https:\/\/schema.org\",\"@graph\":[{\"@type\":\"WebPage\",\"@id\":\"https:\/\/www.sgn-berlin.de\/fr\/cheres-patientes\/\",\"url\":\"https:\/\/www.sgn-berlin.de\/fr\/cheres-patientes\/\",\"name\":\"Pr\u00e9sentation | pratique gyn\u00e9cologue | Dr. med. SGN Berlin\",\"isPartOf\":{\"@id\":\"https:\/\/www.sgn-berlin.de\/#website\"},\"datePublished\":\"2021-01-03T16:41:03+00:00\",\"dateModified\":\"2021-02-02T09:26:20+00:00\",\"description\":\"Pratique en gyn\u00e9cologie et obst\u00e9trique | Dr. med. Sybille G\u00f6rlitz-Novakovic et son \u00e9quipe | Nous parlons allemand, anglais et fran\u00e7ais!\",\"breadcrumb\":{\"@id\":\"https:\/\/www.sgn-berlin.de\/fr\/cheres-patientes\/#breadcrumb\"},\"inLanguage\":\"fr-FR\",\"potentialAction\":[{\"@type\":\"ReadAction\",\"target\":[\"https:\/\/www.sgn-berlin.de\/fr\/cheres-patientes\/\"]}]},{\"@type\":\"BreadcrumbList\",\"@id\":\"https:\/\/www.sgn-berlin.de\/fr\/cheres-patientes\/#breadcrumb\",\"itemListElement\":[{\"@type\":\"ListItem\",\"position\":1,\"name\":\"Home\",\"item\":\"https:\/\/www.sgn-berlin.de\/fr\/\"},{\"@type\":\"ListItem\",\"position\":2,\"name\":\"Bienvenue dans votre cabinet de gyn\u00e9cologie\",\"item\":\"https:\/\/www.sgn-berlin.de\/fr\/\"},{\"@type\":\"ListItem\",\"position\":3,\"name\":\"Ch\u00e8res patientes,\"}]},{\"@type\":\"WebSite\",\"@id\":\"https:\/\/www.sgn-berlin.de\/#website\",\"url\":\"https:\/\/www.sgn-berlin.de\/\",\"name\":\"SGN Berlin\",\"description\":\"\",\"publisher\":{\"@id\":\"https:\/\/www.sgn-berlin.de\/#organization\"},\"potentialAction\":[{\"@type\":\"SearchAction\",\"target\":{\"@type\":\"EntryPoint\",\"urlTemplate\":\"https:\/\/www.sgn-berlin.de\/?s={search_term_string}\"},\"query-input\":{\"@type\":\"PropertyValueSpecification\",\"valueRequired\":true,\"valueName\":\"search_term_string\"}}],\"inLanguage\":\"fr-FR\"},{\"@type\":\"Organization\",\"@id\":\"https:\/\/www.sgn-berlin.de\/#organization\",\"name\":\"Dr. med. Sybille G\u00f6rlitz-Novakovic | Fach\u00e4rztin f\u00fcr Gyn\u00e4kologie und Geburtshilfe\",\"url\":\"https:\/\/www.sgn-berlin.de\/\",\"logo\":{\"@type\":\"ImageObject\",\"inLanguage\":\"fr-FR\",\"@id\":\"https:\/\/www.sgn-berlin.de\/#\/schema\/logo\/image\/\",\"url\":\"https:\/\/www.sgn-berlin.de\/wp-content\/uploads\/2022\/05\/Bildschirmfoto-2022-05-31-um-15.48.37.png\",\"contentUrl\":\"https:\/\/www.sgn-berlin.de\/wp-content\/uploads\/2022\/05\/Bildschirmfoto-2022-05-31-um-15.48.37.png\",\"width\":228,\"height\":107,\"caption\":\"Dr. med. Sybille G\u00f6rlitz-Novakovic | Fach\u00e4rztin f\u00fcr Gyn\u00e4kologie und Geburtshilfe\"},\"image\":{\"@id\":\"https:\/\/www.sgn-berlin.de\/#\/schema\/logo\/image\/\"}}]}<\/script>\n<!-- \/ Yoast SEO plugin. -->","yoast_head_json":{"title":"Pr\u00e9sentation | pratique gyn\u00e9cologue | Dr. med. SGN Berlin","description":"Pratique en gyn\u00e9cologie et obst\u00e9trique | Dr. med. Sybille G\u00f6rlitz-Novakovic et son \u00e9quipe | Nous parlons allemand, anglais et fran\u00e7ais!","robots":{"index":"index","follow":"follow","max-snippet":"max-snippet:-1","max-image-preview":"max-image-preview:large","max-video-preview":"max-video-preview:-1"},"canonical":"https:\/\/www.sgn-berlin.de\/fr\/cheres-patientes\/","og_locale":"fr_FR","og_type":"article","og_title":"Pr\u00e9sentation | pratique gyn\u00e9cologue | Dr. med. SGN Berlin","og_description":"Pratique en gyn\u00e9cologie et obst\u00e9trique | Dr. med. Sybille G\u00f6rlitz-Novakovic et son \u00e9quipe | Nous parlons allemand, anglais et fran\u00e7ais!","og_url":"https:\/\/www.sgn-berlin.de\/fr\/cheres-patientes\/","og_site_name":"SGN Berlin","article_modified_time":"2021-02-02T09:26:20+00:00","og_image":[{"url":"https:\/\/www.sgn-berlin.de\/wp-content\/uploads\/2018\/11\/IMG_0056-Bearbeitet_k-600x528.jpg","type":"","width":"","height":""}],"twitter_card":"summary_large_image","schema":{"@context":"https:\/\/schema.org","@graph":[{"@type":"WebPage","@id":"https:\/\/www.sgn-berlin.de\/fr\/cheres-patientes\/","url":"https:\/\/www.sgn-berlin.de\/fr\/cheres-patientes\/","name":"Pr\u00e9sentation | pratique gyn\u00e9cologue | Dr. med. SGN Berlin","isPartOf":{"@id":"https:\/\/www.sgn-berlin.de\/#website"},"datePublished":"2021-01-03T16:41:03+00:00","dateModified":"2021-02-02T09:26:20+00:00","description":"Pratique en gyn\u00e9cologie et obst\u00e9trique | Dr. med. Sybille G\u00f6rlitz-Novakovic et son \u00e9quipe | Nous parlons allemand, anglais et fran\u00e7ais!","breadcrumb":{"@id":"https:\/\/www.sgn-berlin.de\/fr\/cheres-patientes\/#breadcrumb"},"inLanguage":"fr-FR","potentialAction":[{"@type":"ReadAction","target":["https:\/\/www.sgn-berlin.de\/fr\/cheres-patientes\/"]}]},{"@type":"BreadcrumbList","@id":"https:\/\/www.sgn-berlin.de\/fr\/cheres-patientes\/#breadcrumb","itemListElement":[{"@type":"ListItem","position":1,"name":"Home","item":"https:\/\/www.sgn-berlin.de\/fr\/"},{"@type":"ListItem","position":2,"name":"Bienvenue dans votre cabinet de gyn\u00e9cologie","item":"https:\/\/www.sgn-berlin.de\/fr\/"},{"@type":"ListItem","position":3,"name":"Ch\u00e8res patientes,"}]},{"@type":"WebSite","@id":"https:\/\/www.sgn-berlin.de\/#website","url":"https:\/\/www.sgn-berlin.de\/","name":"SGN Berlin","description":"","publisher":{"@id":"https:\/\/www.sgn-berlin.de\/#organization"},"potentialAction":[{"@type":"SearchAction","target":{"@type":"EntryPoint","urlTemplate":"https:\/\/www.sgn-berlin.de\/?s={search_term_string}"},"query-input":{"@type":"PropertyValueSpecification","valueRequired":true,"valueName":"search_term_string"}}],"inLanguage":"fr-FR"},{"@type":"Organization","@id":"https:\/\/www.sgn-berlin.de\/#organization","name":"Dr. med. Sybille G\u00f6rlitz-Novakovic | Fach\u00e4rztin f\u00fcr Gyn\u00e4kologie und Geburtshilfe","url":"https:\/\/www.sgn-berlin.de\/","logo":{"@type":"ImageObject","inLanguage":"fr-FR","@id":"https:\/\/www.sgn-berlin.de\/#\/schema\/logo\/image\/","url":"https:\/\/www.sgn-berlin.de\/wp-content\/uploads\/2022\/05\/Bildschirmfoto-2022-05-31-um-15.48.37.png","contentUrl":"https:\/\/www.sgn-berlin.de\/wp-content\/uploads\/2022\/05\/Bildschirmfoto-2022-05-31-um-15.48.37.png","width":228,"height":107,"caption":"Dr. med. Sybille G\u00f6rlitz-Novakovic | Fach\u00e4rztin f\u00fcr Gyn\u00e4kologie und Geburtshilfe"},"image":{"@id":"https:\/\/www.sgn-berlin.de\/#\/schema\/logo\/image\/"}}]}},"_links":{"self":[{"href":"https:\/\/www.sgn-berlin.de\/wp-json\/wp\/v2\/pages\/125","targetHints":{"allow":["GET"]}}],"collection":[{"href":"https:\/\/www.sgn-berlin.de\/wp-json\/wp\/v2\/pages"}],"about":[{"href":"https:\/\/www.sgn-berlin.de\/wp-json\/wp\/v2\/types\/page"}],"author":[{"embeddable":true,"href":"https:\/\/www.sgn-berlin.de\/wp-json\/wp\/v2\/users\/1"}],"replies":[{"embeddable":true,"href":"https:\/\/www.sgn-berlin.de\/wp-json\/wp\/v2\/comments?post=125"}],"version-history":[{"count":10,"href":"https:\/\/www.sgn-berlin.de\/wp-json\/wp\/v2\/pages\/125\/revisions"}],"predecessor-version":[{"id":1220,"href":"https:\/\/www.sgn-berlin.de\/wp-json\/wp\/v2\/pages\/125\/revisions\/1220"}],"up":[{"embeddable":true,"href":"https:\/\/www.sgn-berlin.de\/wp-json\/wp\/v2\/pages\/123"}],"wp:attachment":[{"href":"https:\/\/www.sgn-berlin.de\/wp-json\/wp\/v2\/media?parent=125"}],"curies":[{"name":"wp","href":"https:\/\/api.w.org\/{rel}","templated":true}]}}