{"id":127,"date":"2021-01-03T17:46:33","date_gmt":"2021-01-03T16:46:33","guid":{"rendered":"https:\/\/www.sgn-berlin.de\/?page_id=127"},"modified":"2021-02-02T10:26:47","modified_gmt":"2021-02-02T09:26:47","slug":"curriculum-vitae","status":"publish","type":"page","link":"https:\/\/www.sgn-berlin.de\/fr\/curriculum-vitae\/","title":{"rendered":"Curriculum vitae"},"content":{"rendered":"<div class=\"columns columns-2\" data-columns=\"2\">\n<div class=\"column column-1\">\n<p><img loading=\"lazy\" decoding=\"async\" class=\"alignnone wp-image-15 size-medium_large\" src=\"https:\/\/www.sgn-berlin.de\/wp-content\/uploads\/2017\/04\/Dr-med-Sybille-Goerlitz-Novakovic-460x624.jpg\" alt=\"\" width=\"460\" height=\"624\" srcset=\"https:\/\/www.sgn-berlin.de\/wp-content\/uploads\/2017\/04\/Dr-med-Sybille-Goerlitz-Novakovic-460x624.jpg 460w, https:\/\/www.sgn-berlin.de\/wp-content\/uploads\/2017\/04\/Dr-med-Sybille-Goerlitz-Novakovic-755x1024.jpg 755w, https:\/\/www.sgn-berlin.de\/wp-content\/uploads\/2017\/04\/Dr-med-Sybille-Goerlitz-Novakovic.jpg 920w\" sizes=\"auto, (max-width: 460px) 100vw, 460px\" \/><\/p>\n<\/div>\n<div class=\"column column-2\">\n<p><strong>Dr. med. Sybille G\u00f6rlitz-Novakovic<\/strong><\/p>\n<table>\n<tbody>\n<tr>\n<td>1992\u20131998<\/td>\n<td>Etudes de m\u00e9decine, Freie Universit\u00e4t Berlin<\/td>\n<\/tr>\n<tr>\n<td>1998<\/td>\n<td>Sous-assistante, Clinique de radio-oncologie Kantonsspital St. Gallen, Suisse<\/td>\n<\/tr>\n<tr>\n<td>1999<\/td>\n<td>Docteur assistant, Clinique de chirurgie g\u00e9n\u00e9rale Clara-Spital Basel, Suisse<\/td>\n<\/tr>\n<tr>\n<td>1999\u20132001<\/td>\n<td>Docteur en apprentissage, Clinique de chirurgie g\u00e9n\u00e9rale Auguste-Viktoria-Krankenhaus Berlin<\/td>\n<\/tr>\n<tr>\n<td>2001<\/td>\n<td>Docteur assistant, Clinique de radioth\u00e9rapie,\u00a0 Charit\u00e9 Berlin<\/td>\n<\/tr>\n<tr>\n<td>2001\u20132014<\/td>\n<td>Internat \u00e0 la Clinique de gyn\u00e9cologie et d\u2019obst\u00e9trique, Klinikum Ernst von Bergmann, Potsdam<\/td>\n<\/tr>\n<tr>\n<td>2014\u20132015<\/td>\n<td>Docteur assistant, Cabinet gyn\u00e9cologique, Friedrich Schmidt-Bleek, Berlin-Wilmersdorf<\/td>\n<\/tr>\n<tr>\n<td>2016<\/td>\n<td>Divers postes de remplacement en cabinet \u00e0 Berlin<\/td>\n<\/tr>\n<tr>\n<td>Depuis 2017<\/td>\n<td>Cabinet personnel de gyn\u00e9cologie et d\u2019obst\u00e9trique, Berlin-Charlottenburg<\/td>\n<\/tr>\n<tr>\n<td>Autres<\/td>\n<td>2008-2010 S\u00e9jour \u00e0 Paris, mari\u00e9e, 3 filles<\/td>\n<\/tr>\n<tr>\n<td>Adh\u00e9sions<\/td>\n<td>Deutsche Gesellschaft f\u00fcr Gyn\u00e4kologie und<br \/>\nGeburtshilfe (DGGG), Berufsverband der Frauen\u00e4rzte<\/td>\n<\/tr>\n<\/tbody>\n<\/table>\n<\/div>\n<\/div>\n","protected":false},"excerpt":{"rendered":"<p>Dr. med. Sybille G\u00f6rlitz-Novakovic 1992\u20131998 Etudes de m\u00e9decine, Freie Universit\u00e4t Berlin 1998 Sous-assistante, Clinique de radio-oncologie Kantonsspital St. Gallen, Suisse 1999 Docteur assistant, Clinique de chirurgie g\u00e9n\u00e9rale Clara-Spital Basel, Suisse 1999\u20132001 Docteur en apprentissage, Clinique de chirurgie g\u00e9n\u00e9rale Auguste-Viktoria-Krankenhaus Berlin 2001 Docteur assistant, Clinique de radioth\u00e9rapie,\u00a0 Charit\u00e9 Berlin 2001\u20132014 Internat \u00e0 la Clinique de gyn\u00e9cologie [&hellip;]<\/p>\n","protected":false},"author":1,"featured_media":0,"parent":123,"menu_order":10,"comment_status":"closed","ping_status":"closed","template":"","meta":{"_locale":"fr_FR","_original_post":"14","footnotes":""},"class_list":["post-127","page","type-page","status-publish","hentry","fr-FR"],"yoast_head":"<!-- This site is optimized with the Yoast SEO plugin v26.7 - https:\/\/yoast.com\/wordpress\/plugins\/seo\/ -->\n<title>\u00c0 propos de moi | Curriculum vitae | Dr. med. G\u00f6rlitz-Novakovic Berlin<\/title>\n<meta name=\"description\" content=\"Dr. med. Sybille G\u00f6rlitz-Novakovic | Sp\u00e9cialiste en gyn\u00e9cologie et obst\u00e9trique | Berlin Charlottenburg | T +49 (0) 30 30 10 91 93\" \/>\n<meta name=\"robots\" content=\"index, follow, max-snippet:-1, max-image-preview:large, max-video-preview:-1\" \/>\n<link rel=\"canonical\" href=\"https:\/\/www.sgn-berlin.de\/fr\/curriculum-vitae\/\" \/>\n<meta property=\"og:locale\" content=\"fr_FR\" \/>\n<meta property=\"og:type\" content=\"article\" \/>\n<meta property=\"og:title\" content=\"\u00c0 propos de moi | Curriculum vitae | Dr. med. G\u00f6rlitz-Novakovic Berlin\" \/>\n<meta property=\"og:description\" content=\"Dr. med. Sybille G\u00f6rlitz-Novakovic | Sp\u00e9cialiste en gyn\u00e9cologie et obst\u00e9trique | Berlin Charlottenburg | T +49 (0) 30 30 10 91 93\" \/>\n<meta property=\"og:url\" content=\"https:\/\/www.sgn-berlin.de\/fr\/curriculum-vitae\/\" \/>\n<meta property=\"og:site_name\" content=\"SGN Berlin\" \/>\n<meta property=\"article:modified_time\" content=\"2021-02-02T09:26:47+00:00\" \/>\n<meta property=\"og:image\" content=\"https:\/\/www.sgn-berlin.de\/wp-content\/uploads\/2017\/04\/Dr-med-Sybille-Goerlitz-Novakovic-460x624.jpg\" \/>\n<meta name=\"twitter:card\" content=\"summary_large_image\" \/>\n<meta name=\"twitter:label1\" content=\"Dur\u00e9e de lecture estim\u00e9e\" \/>\n\t<meta name=\"twitter:data1\" content=\"1 minute\" \/>\n<script type=\"application\/ld+json\" class=\"yoast-schema-graph\">{\"@context\":\"https:\/\/schema.org\",\"@graph\":[{\"@type\":\"WebPage\",\"@id\":\"https:\/\/www.sgn-berlin.de\/fr\/curriculum-vitae\/\",\"url\":\"https:\/\/www.sgn-berlin.de\/fr\/curriculum-vitae\/\",\"name\":\"\u00c0 propos de moi | Curriculum vitae | Dr. med. G\u00f6rlitz-Novakovic Berlin\",\"isPartOf\":{\"@id\":\"https:\/\/www.sgn-berlin.de\/#website\"},\"primaryImageOfPage\":{\"@id\":\"https:\/\/www.sgn-berlin.de\/fr\/curriculum-vitae\/#primaryimage\"},\"image\":{\"@id\":\"https:\/\/www.sgn-berlin.de\/fr\/curriculum-vitae\/#primaryimage\"},\"thumbnailUrl\":\"https:\/\/www.sgn-berlin.de\/wp-content\/uploads\/2017\/04\/Dr-med-Sybille-Goerlitz-Novakovic-460x624.jpg\",\"datePublished\":\"2021-01-03T16:46:33+00:00\",\"dateModified\":\"2021-02-02T09:26:47+00:00\",\"description\":\"Dr. med. Sybille G\u00f6rlitz-Novakovic | Sp\u00e9cialiste en gyn\u00e9cologie et obst\u00e9trique | Berlin Charlottenburg | T +49 (0) 30 30 10 91 93\",\"breadcrumb\":{\"@id\":\"https:\/\/www.sgn-berlin.de\/fr\/curriculum-vitae\/#breadcrumb\"},\"inLanguage\":\"fr-FR\",\"potentialAction\":[{\"@type\":\"ReadAction\",\"target\":[\"https:\/\/www.sgn-berlin.de\/fr\/curriculum-vitae\/\"]}]},{\"@type\":\"ImageObject\",\"inLanguage\":\"fr-FR\",\"@id\":\"https:\/\/www.sgn-berlin.de\/fr\/curriculum-vitae\/#primaryimage\",\"url\":\"https:\/\/www.sgn-berlin.de\/wp-content\/uploads\/2017\/04\/Dr-med-Sybille-Goerlitz-Novakovic.jpg\",\"contentUrl\":\"https:\/\/www.sgn-berlin.de\/wp-content\/uploads\/2017\/04\/Dr-med-Sybille-Goerlitz-Novakovic.jpg\",\"width\":920,\"height\":1248,\"caption\":\"Dr. med. Sybille Goerlitz-Novakovic Fachaerztin f\u00fcr Gynaekologie und Geburtshilfe\"},{\"@type\":\"BreadcrumbList\",\"@id\":\"https:\/\/www.sgn-berlin.de\/fr\/curriculum-vitae\/#breadcrumb\",\"itemListElement\":[{\"@type\":\"ListItem\",\"position\":1,\"name\":\"Home\",\"item\":\"https:\/\/www.sgn-berlin.de\/fr\/\"},{\"@type\":\"ListItem\",\"position\":2,\"name\":\"Bienvenue dans votre cabinet de gyn\u00e9cologie\",\"item\":\"https:\/\/www.sgn-berlin.de\/fr\/\"},{\"@type\":\"ListItem\",\"position\":3,\"name\":\"Curriculum vitae\"}]},{\"@type\":\"WebSite\",\"@id\":\"https:\/\/www.sgn-berlin.de\/#website\",\"url\":\"https:\/\/www.sgn-berlin.de\/\",\"name\":\"SGN Berlin\",\"description\":\"\",\"publisher\":{\"@id\":\"https:\/\/www.sgn-berlin.de\/#organization\"},\"potentialAction\":[{\"@type\":\"SearchAction\",\"target\":{\"@type\":\"EntryPoint\",\"urlTemplate\":\"https:\/\/www.sgn-berlin.de\/?s={search_term_string}\"},\"query-input\":{\"@type\":\"PropertyValueSpecification\",\"valueRequired\":true,\"valueName\":\"search_term_string\"}}],\"inLanguage\":\"fr-FR\"},{\"@type\":\"Organization\",\"@id\":\"https:\/\/www.sgn-berlin.de\/#organization\",\"name\":\"Dr. med. Sybille G\u00f6rlitz-Novakovic | Fach\u00e4rztin f\u00fcr Gyn\u00e4kologie und Geburtshilfe\",\"url\":\"https:\/\/www.sgn-berlin.de\/\",\"logo\":{\"@type\":\"ImageObject\",\"inLanguage\":\"fr-FR\",\"@id\":\"https:\/\/www.sgn-berlin.de\/#\/schema\/logo\/image\/\",\"url\":\"https:\/\/www.sgn-berlin.de\/wp-content\/uploads\/2022\/05\/Bildschirmfoto-2022-05-31-um-15.48.37.png\",\"contentUrl\":\"https:\/\/www.sgn-berlin.de\/wp-content\/uploads\/2022\/05\/Bildschirmfoto-2022-05-31-um-15.48.37.png\",\"width\":228,\"height\":107,\"caption\":\"Dr. med. Sybille G\u00f6rlitz-Novakovic | Fach\u00e4rztin f\u00fcr Gyn\u00e4kologie und Geburtshilfe\"},\"image\":{\"@id\":\"https:\/\/www.sgn-berlin.de\/#\/schema\/logo\/image\/\"}}]}<\/script>\n<!-- \/ Yoast SEO plugin. -->","yoast_head_json":{"title":"\u00c0 propos de moi | Curriculum vitae | Dr. med. G\u00f6rlitz-Novakovic Berlin","description":"Dr. med. Sybille G\u00f6rlitz-Novakovic | Sp\u00e9cialiste en gyn\u00e9cologie et obst\u00e9trique | Berlin Charlottenburg | T +49 (0) 30 30 10 91 93","robots":{"index":"index","follow":"follow","max-snippet":"max-snippet:-1","max-image-preview":"max-image-preview:large","max-video-preview":"max-video-preview:-1"},"canonical":"https:\/\/www.sgn-berlin.de\/fr\/curriculum-vitae\/","og_locale":"fr_FR","og_type":"article","og_title":"\u00c0 propos de moi | Curriculum vitae | Dr. med. G\u00f6rlitz-Novakovic Berlin","og_description":"Dr. med. Sybille G\u00f6rlitz-Novakovic | Sp\u00e9cialiste en gyn\u00e9cologie et obst\u00e9trique | Berlin Charlottenburg | T +49 (0) 30 30 10 91 93","og_url":"https:\/\/www.sgn-berlin.de\/fr\/curriculum-vitae\/","og_site_name":"SGN Berlin","article_modified_time":"2021-02-02T09:26:47+00:00","og_image":[{"url":"https:\/\/www.sgn-berlin.de\/wp-content\/uploads\/2017\/04\/Dr-med-Sybille-Goerlitz-Novakovic-460x624.jpg","type":"","width":"","height":""}],"twitter_card":"summary_large_image","twitter_misc":{"Dur\u00e9e de lecture estim\u00e9e":"1 minute"},"schema":{"@context":"https:\/\/schema.org","@graph":[{"@type":"WebPage","@id":"https:\/\/www.sgn-berlin.de\/fr\/curriculum-vitae\/","url":"https:\/\/www.sgn-berlin.de\/fr\/curriculum-vitae\/","name":"\u00c0 propos de moi | Curriculum vitae | Dr. med. G\u00f6rlitz-Novakovic Berlin","isPartOf":{"@id":"https:\/\/www.sgn-berlin.de\/#website"},"primaryImageOfPage":{"@id":"https:\/\/www.sgn-berlin.de\/fr\/curriculum-vitae\/#primaryimage"},"image":{"@id":"https:\/\/www.sgn-berlin.de\/fr\/curriculum-vitae\/#primaryimage"},"thumbnailUrl":"https:\/\/www.sgn-berlin.de\/wp-content\/uploads\/2017\/04\/Dr-med-Sybille-Goerlitz-Novakovic-460x624.jpg","datePublished":"2021-01-03T16:46:33+00:00","dateModified":"2021-02-02T09:26:47+00:00","description":"Dr. med. Sybille G\u00f6rlitz-Novakovic | Sp\u00e9cialiste en gyn\u00e9cologie et obst\u00e9trique | Berlin Charlottenburg | T +49 (0) 30 30 10 91 93","breadcrumb":{"@id":"https:\/\/www.sgn-berlin.de\/fr\/curriculum-vitae\/#breadcrumb"},"inLanguage":"fr-FR","potentialAction":[{"@type":"ReadAction","target":["https:\/\/www.sgn-berlin.de\/fr\/curriculum-vitae\/"]}]},{"@type":"ImageObject","inLanguage":"fr-FR","@id":"https:\/\/www.sgn-berlin.de\/fr\/curriculum-vitae\/#primaryimage","url":"https:\/\/www.sgn-berlin.de\/wp-content\/uploads\/2017\/04\/Dr-med-Sybille-Goerlitz-Novakovic.jpg","contentUrl":"https:\/\/www.sgn-berlin.de\/wp-content\/uploads\/2017\/04\/Dr-med-Sybille-Goerlitz-Novakovic.jpg","width":920,"height":1248,"caption":"Dr. med. Sybille Goerlitz-Novakovic Fachaerztin f\u00fcr Gynaekologie und Geburtshilfe"},{"@type":"BreadcrumbList","@id":"https:\/\/www.sgn-berlin.de\/fr\/curriculum-vitae\/#breadcrumb","itemListElement":[{"@type":"ListItem","position":1,"name":"Home","item":"https:\/\/www.sgn-berlin.de\/fr\/"},{"@type":"ListItem","position":2,"name":"Bienvenue dans votre cabinet de gyn\u00e9cologie","item":"https:\/\/www.sgn-berlin.de\/fr\/"},{"@type":"ListItem","position":3,"name":"Curriculum vitae"}]},{"@type":"WebSite","@id":"https:\/\/www.sgn-berlin.de\/#website","url":"https:\/\/www.sgn-berlin.de\/","name":"SGN Berlin","description":"","publisher":{"@id":"https:\/\/www.sgn-berlin.de\/#organization"},"potentialAction":[{"@type":"SearchAction","target":{"@type":"EntryPoint","urlTemplate":"https:\/\/www.sgn-berlin.de\/?s={search_term_string}"},"query-input":{"@type":"PropertyValueSpecification","valueRequired":true,"valueName":"search_term_string"}}],"inLanguage":"fr-FR"},{"@type":"Organization","@id":"https:\/\/www.sgn-berlin.de\/#organization","name":"Dr. med. Sybille G\u00f6rlitz-Novakovic | Fach\u00e4rztin f\u00fcr Gyn\u00e4kologie und Geburtshilfe","url":"https:\/\/www.sgn-berlin.de\/","logo":{"@type":"ImageObject","inLanguage":"fr-FR","@id":"https:\/\/www.sgn-berlin.de\/#\/schema\/logo\/image\/","url":"https:\/\/www.sgn-berlin.de\/wp-content\/uploads\/2022\/05\/Bildschirmfoto-2022-05-31-um-15.48.37.png","contentUrl":"https:\/\/www.sgn-berlin.de\/wp-content\/uploads\/2022\/05\/Bildschirmfoto-2022-05-31-um-15.48.37.png","width":228,"height":107,"caption":"Dr. med. Sybille G\u00f6rlitz-Novakovic | Fach\u00e4rztin f\u00fcr Gyn\u00e4kologie und Geburtshilfe"},"image":{"@id":"https:\/\/www.sgn-berlin.de\/#\/schema\/logo\/image\/"}}]}},"_links":{"self":[{"href":"https:\/\/www.sgn-berlin.de\/wp-json\/wp\/v2\/pages\/127","targetHints":{"allow":["GET"]}}],"collection":[{"href":"https:\/\/www.sgn-berlin.de\/wp-json\/wp\/v2\/pages"}],"about":[{"href":"https:\/\/www.sgn-berlin.de\/wp-json\/wp\/v2\/types\/page"}],"author":[{"embeddable":true,"href":"https:\/\/www.sgn-berlin.de\/wp-json\/wp\/v2\/users\/1"}],"replies":[{"embeddable":true,"href":"https:\/\/www.sgn-berlin.de\/wp-json\/wp\/v2\/comments?post=127"}],"version-history":[{"count":3,"href":"https:\/\/www.sgn-berlin.de\/wp-json\/wp\/v2\/pages\/127\/revisions"}],"predecessor-version":[{"id":444,"href":"https:\/\/www.sgn-berlin.de\/wp-json\/wp\/v2\/pages\/127\/revisions\/444"}],"up":[{"embeddable":true,"href":"https:\/\/www.sgn-berlin.de\/wp-json\/wp\/v2\/pages\/123"}],"wp:attachment":[{"href":"https:\/\/www.sgn-berlin.de\/wp-json\/wp\/v2\/media?parent=127"}],"curies":[{"name":"wp","href":"https:\/\/api.w.org\/{rel}","templated":true}]}}