{"id":129,"date":"2021-01-03T17:48:30","date_gmt":"2021-01-03T16:48:30","guid":{"rendered":"https:\/\/www.sgn-berlin.de\/?page_id=129"},"modified":"2025-01-28T16:11:27","modified_gmt":"2025-01-28T15:11:27","slug":"notre-equipe","status":"publish","type":"page","link":"https:\/\/www.sgn-berlin.de\/fr\/notre-equipe\/","title":{"rendered":"Notre \u00e9quipe"},"content":{"rendered":"<p>Notre \u00e9quipe \u2013 Jaqueline L\u00fcdecke, Jasmin Schonat et Jessica Eichler \u2013 est l\u00e0 pour vous aider.<\/p>\n","protected":false},"excerpt":{"rendered":"<p>Notre \u00e9quipe \u2013 Jaqueline L\u00fcdecke, Jasmin Schonat et Jessica Eichler \u2013 est l\u00e0 pour vous aider.<\/p>\n","protected":false},"author":1,"featured_media":0,"parent":123,"menu_order":20,"comment_status":"closed","ping_status":"closed","template":"","meta":{"_locale":"fr_FR","_original_post":"17","footnotes":""},"class_list":["post-129","page","type-page","status-publish","hentry","fr-FR"],"yoast_head":"<!-- This site is optimized with the Yoast SEO plugin v26.7 - https:\/\/yoast.com\/wordpress\/plugins\/seo\/ -->\n<title>Notre \u00e9quipe | SGN Berlin | Le bureau de votre gyn\u00e9cologue<\/title>\n<meta name=\"description\" content=\"Nos employ\u00e9s Jacqueline L\u00fcdecke, Carola Zweig et Jessica Eichler sont heureuses de vous aider | Berlin Charlottenburg | T +49 (0) 30 30 10 91 93\" \/>\n<meta name=\"robots\" content=\"index, follow, max-snippet:-1, max-image-preview:large, max-video-preview:-1\" \/>\n<link rel=\"canonical\" href=\"https:\/\/www.sgn-berlin.de\/fr\/notre-equipe\/\" \/>\n<meta property=\"og:locale\" content=\"fr_FR\" \/>\n<meta property=\"og:type\" content=\"article\" \/>\n<meta property=\"og:title\" content=\"Notre \u00e9quipe | SGN Berlin | Le bureau de votre gyn\u00e9cologue\" \/>\n<meta property=\"og:description\" content=\"Nos employ\u00e9s Jacqueline L\u00fcdecke, Carola Zweig et Jessica Eichler sont heureuses de vous aider | Berlin Charlottenburg | T +49 (0) 30 30 10 91 93\" \/>\n<meta property=\"og:url\" content=\"https:\/\/www.sgn-berlin.de\/fr\/notre-equipe\/\" \/>\n<meta property=\"og:site_name\" content=\"SGN Berlin\" \/>\n<meta property=\"article:modified_time\" content=\"2025-01-28T15:11:27+00:00\" \/>\n<meta name=\"twitter:card\" content=\"summary_large_image\" \/>\n<meta name=\"twitter:label1\" content=\"Dur\u00e9e de lecture estim\u00e9e\" \/>\n\t<meta name=\"twitter:data1\" content=\"1 minute\" \/>\n<script type=\"application\/ld+json\" class=\"yoast-schema-graph\">{\"@context\":\"https:\/\/schema.org\",\"@graph\":[{\"@type\":\"WebPage\",\"@id\":\"https:\/\/www.sgn-berlin.de\/fr\/notre-equipe\/\",\"url\":\"https:\/\/www.sgn-berlin.de\/fr\/notre-equipe\/\",\"name\":\"Notre \u00e9quipe | SGN Berlin | Le bureau de votre gyn\u00e9cologue\",\"isPartOf\":{\"@id\":\"https:\/\/www.sgn-berlin.de\/#website\"},\"datePublished\":\"2021-01-03T16:48:30+00:00\",\"dateModified\":\"2025-01-28T15:11:27+00:00\",\"description\":\"Nos employ\u00e9s Jacqueline L\u00fcdecke, Carola Zweig et Jessica Eichler sont heureuses de vous aider | Berlin Charlottenburg | T +49 (0) 30 30 10 91 93\",\"breadcrumb\":{\"@id\":\"https:\/\/www.sgn-berlin.de\/fr\/notre-equipe\/#breadcrumb\"},\"inLanguage\":\"fr-FR\",\"potentialAction\":[{\"@type\":\"ReadAction\",\"target\":[\"https:\/\/www.sgn-berlin.de\/fr\/notre-equipe\/\"]}]},{\"@type\":\"BreadcrumbList\",\"@id\":\"https:\/\/www.sgn-berlin.de\/fr\/notre-equipe\/#breadcrumb\",\"itemListElement\":[{\"@type\":\"ListItem\",\"position\":1,\"name\":\"Home\",\"item\":\"https:\/\/www.sgn-berlin.de\/fr\/\"},{\"@type\":\"ListItem\",\"position\":2,\"name\":\"Bienvenue dans votre cabinet de gyn\u00e9cologie\",\"item\":\"https:\/\/www.sgn-berlin.de\/fr\/\"},{\"@type\":\"ListItem\",\"position\":3,\"name\":\"Notre \u00e9quipe\"}]},{\"@type\":\"WebSite\",\"@id\":\"https:\/\/www.sgn-berlin.de\/#website\",\"url\":\"https:\/\/www.sgn-berlin.de\/\",\"name\":\"SGN Berlin\",\"description\":\"\",\"publisher\":{\"@id\":\"https:\/\/www.sgn-berlin.de\/#organization\"},\"potentialAction\":[{\"@type\":\"SearchAction\",\"target\":{\"@type\":\"EntryPoint\",\"urlTemplate\":\"https:\/\/www.sgn-berlin.de\/?s={search_term_string}\"},\"query-input\":{\"@type\":\"PropertyValueSpecification\",\"valueRequired\":true,\"valueName\":\"search_term_string\"}}],\"inLanguage\":\"fr-FR\"},{\"@type\":\"Organization\",\"@id\":\"https:\/\/www.sgn-berlin.de\/#organization\",\"name\":\"Dr. med. Sybille G\u00f6rlitz-Novakovic | Fach\u00e4rztin f\u00fcr Gyn\u00e4kologie und Geburtshilfe\",\"url\":\"https:\/\/www.sgn-berlin.de\/\",\"logo\":{\"@type\":\"ImageObject\",\"inLanguage\":\"fr-FR\",\"@id\":\"https:\/\/www.sgn-berlin.de\/#\/schema\/logo\/image\/\",\"url\":\"https:\/\/www.sgn-berlin.de\/wp-content\/uploads\/2022\/05\/Bildschirmfoto-2022-05-31-um-15.48.37.png\",\"contentUrl\":\"https:\/\/www.sgn-berlin.de\/wp-content\/uploads\/2022\/05\/Bildschirmfoto-2022-05-31-um-15.48.37.png\",\"width\":228,\"height\":107,\"caption\":\"Dr. med. Sybille G\u00f6rlitz-Novakovic | Fach\u00e4rztin f\u00fcr Gyn\u00e4kologie und Geburtshilfe\"},\"image\":{\"@id\":\"https:\/\/www.sgn-berlin.de\/#\/schema\/logo\/image\/\"}}]}<\/script>\n<!-- \/ Yoast SEO plugin. -->","yoast_head_json":{"title":"Notre \u00e9quipe | SGN Berlin | Le bureau de votre gyn\u00e9cologue","description":"Nos employ\u00e9s Jacqueline L\u00fcdecke, Carola Zweig et Jessica Eichler sont heureuses de vous aider | Berlin Charlottenburg | T +49 (0) 30 30 10 91 93","robots":{"index":"index","follow":"follow","max-snippet":"max-snippet:-1","max-image-preview":"max-image-preview:large","max-video-preview":"max-video-preview:-1"},"canonical":"https:\/\/www.sgn-berlin.de\/fr\/notre-equipe\/","og_locale":"fr_FR","og_type":"article","og_title":"Notre \u00e9quipe | SGN Berlin | Le bureau de votre gyn\u00e9cologue","og_description":"Nos employ\u00e9s Jacqueline L\u00fcdecke, Carola Zweig et Jessica Eichler sont heureuses de vous aider | Berlin Charlottenburg | T +49 (0) 30 30 10 91 93","og_url":"https:\/\/www.sgn-berlin.de\/fr\/notre-equipe\/","og_site_name":"SGN Berlin","article_modified_time":"2025-01-28T15:11:27+00:00","twitter_card":"summary_large_image","twitter_misc":{"Dur\u00e9e de lecture estim\u00e9e":"1 minute"},"schema":{"@context":"https:\/\/schema.org","@graph":[{"@type":"WebPage","@id":"https:\/\/www.sgn-berlin.de\/fr\/notre-equipe\/","url":"https:\/\/www.sgn-berlin.de\/fr\/notre-equipe\/","name":"Notre \u00e9quipe | SGN Berlin | Le bureau de votre gyn\u00e9cologue","isPartOf":{"@id":"https:\/\/www.sgn-berlin.de\/#website"},"datePublished":"2021-01-03T16:48:30+00:00","dateModified":"2025-01-28T15:11:27+00:00","description":"Nos employ\u00e9s Jacqueline L\u00fcdecke, Carola Zweig et Jessica Eichler sont heureuses de vous aider | Berlin Charlottenburg | T +49 (0) 30 30 10 91 93","breadcrumb":{"@id":"https:\/\/www.sgn-berlin.de\/fr\/notre-equipe\/#breadcrumb"},"inLanguage":"fr-FR","potentialAction":[{"@type":"ReadAction","target":["https:\/\/www.sgn-berlin.de\/fr\/notre-equipe\/"]}]},{"@type":"BreadcrumbList","@id":"https:\/\/www.sgn-berlin.de\/fr\/notre-equipe\/#breadcrumb","itemListElement":[{"@type":"ListItem","position":1,"name":"Home","item":"https:\/\/www.sgn-berlin.de\/fr\/"},{"@type":"ListItem","position":2,"name":"Bienvenue dans votre cabinet de gyn\u00e9cologie","item":"https:\/\/www.sgn-berlin.de\/fr\/"},{"@type":"ListItem","position":3,"name":"Notre \u00e9quipe"}]},{"@type":"WebSite","@id":"https:\/\/www.sgn-berlin.de\/#website","url":"https:\/\/www.sgn-berlin.de\/","name":"SGN Berlin","description":"","publisher":{"@id":"https:\/\/www.sgn-berlin.de\/#organization"},"potentialAction":[{"@type":"SearchAction","target":{"@type":"EntryPoint","urlTemplate":"https:\/\/www.sgn-berlin.de\/?s={search_term_string}"},"query-input":{"@type":"PropertyValueSpecification","valueRequired":true,"valueName":"search_term_string"}}],"inLanguage":"fr-FR"},{"@type":"Organization","@id":"https:\/\/www.sgn-berlin.de\/#organization","name":"Dr. med. Sybille G\u00f6rlitz-Novakovic | Fach\u00e4rztin f\u00fcr Gyn\u00e4kologie und Geburtshilfe","url":"https:\/\/www.sgn-berlin.de\/","logo":{"@type":"ImageObject","inLanguage":"fr-FR","@id":"https:\/\/www.sgn-berlin.de\/#\/schema\/logo\/image\/","url":"https:\/\/www.sgn-berlin.de\/wp-content\/uploads\/2022\/05\/Bildschirmfoto-2022-05-31-um-15.48.37.png","contentUrl":"https:\/\/www.sgn-berlin.de\/wp-content\/uploads\/2022\/05\/Bildschirmfoto-2022-05-31-um-15.48.37.png","width":228,"height":107,"caption":"Dr. med. Sybille G\u00f6rlitz-Novakovic | Fach\u00e4rztin f\u00fcr Gyn\u00e4kologie und Geburtshilfe"},"image":{"@id":"https:\/\/www.sgn-berlin.de\/#\/schema\/logo\/image\/"}}]}},"_links":{"self":[{"href":"https:\/\/www.sgn-berlin.de\/wp-json\/wp\/v2\/pages\/129","targetHints":{"allow":["GET"]}}],"collection":[{"href":"https:\/\/www.sgn-berlin.de\/wp-json\/wp\/v2\/pages"}],"about":[{"href":"https:\/\/www.sgn-berlin.de\/wp-json\/wp\/v2\/types\/page"}],"author":[{"embeddable":true,"href":"https:\/\/www.sgn-berlin.de\/wp-json\/wp\/v2\/users\/1"}],"replies":[{"embeddable":true,"href":"https:\/\/www.sgn-berlin.de\/wp-json\/wp\/v2\/comments?post=129"}],"version-history":[{"count":5,"href":"https:\/\/www.sgn-berlin.de\/wp-json\/wp\/v2\/pages\/129\/revisions"}],"predecessor-version":[{"id":2250,"href":"https:\/\/www.sgn-berlin.de\/wp-json\/wp\/v2\/pages\/129\/revisions\/2250"}],"up":[{"embeddable":true,"href":"https:\/\/www.sgn-berlin.de\/wp-json\/wp\/v2\/pages\/123"}],"wp:attachment":[{"href":"https:\/\/www.sgn-berlin.de\/wp-json\/wp\/v2\/media?parent=129"}],"curies":[{"name":"wp","href":"https:\/\/api.w.org\/{rel}","templated":true}]}}