{"id":131,"date":"2021-01-03T17:49:36","date_gmt":"2021-01-03T16:49:36","guid":{"rendered":"https:\/\/www.sgn-berlin.de\/?page_id=131"},"modified":"2021-02-02T10:27:52","modified_gmt":"2021-02-02T09:27:52","slug":"nos-prestations","status":"publish","type":"page","link":"https:\/\/www.sgn-berlin.de\/fr\/nos-prestations\/","title":{"rendered":"Nos prestations"},"content":{"rendered":"<p>&nbsp;<\/p>\n<div id='gallery-1' class='gallery galleryid-153 gallery-columns-3 gallery-size-medium'><figure class='gallery-item'>\n\t\t\t<div class='gallery-icon landscape'>\n\t\t\t\t<img loading=\"lazy\" decoding=\"async\" width=\"600\" height=\"528\" src=\"https:\/\/www.sgn-berlin.de\/wp-content\/uploads\/2018\/11\/IMG_0037-Bearbeitet_k-600x528.jpg\" class=\"attachment-medium size-medium\" alt=\"Wartezimmer | SGN Berlin\" \/>\n\t\t\t<\/div><\/figure><figure class='gallery-item'>\n\t\t\t<div class='gallery-icon landscape'>\n\t\t\t\t<img loading=\"lazy\" decoding=\"async\" width=\"600\" height=\"528\" src=\"https:\/\/www.sgn-berlin.de\/wp-content\/uploads\/2018\/11\/IMG_0010-Bearbeitet_k-600x528.jpg\" class=\"attachment-medium size-medium\" alt=\"Behandlungsecke | SGN Berlin\" \/>\n\t\t\t<\/div><\/figure><figure class='gallery-item'>\n\t\t\t<div class='gallery-icon landscape'>\n\t\t\t\t<img loading=\"lazy\" decoding=\"async\" width=\"600\" height=\"528\" src=\"https:\/\/www.sgn-berlin.de\/wp-content\/uploads\/2018\/11\/IMG_0111-Bearbeitet_k-600x528.jpg\" class=\"attachment-medium size-medium\" alt=\"Behandlungsstuhl | SGN Berlin\" \/>\n\t\t\t<\/div><\/figure>\n\t\t<\/div>\n\n<p>Nous vous proposons un large spectre de services en gyn\u00e9cologie et obst\u00e9trique. Nous attachons beaucoup d\u2019importance \u00e0 la qualit\u00e9 de nos soins et de notre accueil. Nos prestations comprennent\u00a0:<\/p>\n<div class=\"accordion\">\n<article id=\"post-133\" class=\"post-133 service type-service status-publish hentry fr-FR\">\n\t<header class=\"entry-header\">\n\t\t<h2 class=\"entry-title\"><a href=\"https:\/\/www.sgn-berlin.de\/fr\/service\/prevention-detection-suivi-de-cancer\/\" rel=\"bookmark\">Pr\u00e9vention, d\u00e9tection et suivi de cancer<\/a><\/h2>\t<\/header>\n\n\t<div class=\"entry-content\">\n\t\t<p>La d\u00e9tection pr\u00e9coce d\u2019affections b\u00e9nignes et malignes des organes g\u00e9nitaux f\u00e9minins et des seins est une de nos priorit\u00e9s. Le d\u00e9pistage du cancer comprend l\u2019examen gyn\u00e9cologique du col de l\u2019ut\u00e9rus \u00e0 l\u2019aide du test PAP par frottis ainsi qu\u2019un examen des seins par palpation. Conform\u00e9ment aux directives m\u00e9dicales, nous assurons \u00e9galement un suivi oncologique.<\/p>\n<p>Nous pouvons \u00e9galement effectuer des tests plus pouss\u00e9s et modernes dans le cadre d\u2019un d\u00e9pistage approfondi du cancer\u00a0:<\/p>\n<ul>\n<li>Examen vaginal par ultrason de l\u2019ut\u00e9rus et des ovaires<\/li>\n<li>Examen des seins par ultrason<\/li>\n<li>Test du papillomavirus (HPV)<\/li>\n<li>Test chlamydia<\/li>\n<li>Test PAP ultra sensitif \u2013 frottis de l\u2019ut\u00e9rus (Thin Prep)<\/li>\n<li>Test immunologique de sang occulte dans les selles<\/li>\n<li>Test du cancer de la vessie<\/li>\n<\/ul>\n<p>Malheureusement, ces examens additionnels ne sont pas couverts par les organismes de s\u00e9curit\u00e9 sociale.<\/p>\n\t<\/div>\n<\/article><!-- #post-## -->\n\n<article id=\"post-395\" class=\"post-395 service type-service status-publish hentry fr-FR\">\n\t<header class=\"entry-header\">\n\t\t<h2 class=\"entry-title\"><a href=\"https:\/\/www.sgn-berlin.de\/fr\/service\/revitalisation-vaginale-grace-au-laser-monalisa-touch\/\" rel=\"bookmark\">Revitalisation vaginale gr\u00e2ce au laser Mona Lisa Touch<\/a><\/h2>\t<\/header>\n\n\t<div class=\"entry-content\">\n\t\t<p>La baisse de s\u00e9cr\u00e9tion des hormones f\u00e9minines, notamment \u00e0 la m\u00e9nopause ou apr\u00e8s un traitement anticanc\u00e9reux (par ex. la prise tamoxif\u00e8ne contre le cancer du sein), favorise l\u2019apparition de multiples sympt\u00f4mes, dont les femmes entre 25 et 80 ans s\u2019accommodent g\u00e9n\u00e9ralement en silence.<\/p>\n<p>L\u2019amincissement de la muqueuse vaginale entra\u00eene des manifestations d\u00e9sagr\u00e9ables, telles que d\u00e9mangeaisons, br\u00fblures, dess\u00e8chement de la muqueuse ou incontinence urinaire, qui peuvent provoquer d\u2019importants d\u00e9sagr\u00e9ments.<\/p>\n<p>Or, le laser vaginal peut soulager ces sympt\u00f4mes, en particulier les douleurs pendant les rapports sexuels, de fa\u00e7on rapide, s\u00fbre et confortable.<\/p>\n<p>Cette m\u00e9thode a \u00e9galement fait ses preuves dans le traitement du lichen scl\u00e9reux, une maladie inflammatoire de la peau g\u00e9n\u00e9ralement localis\u00e9e \u00e0 l\u2019entr\u00e9e du vagin.<\/p>\n<p>Le traitement au laser est une technique non invasive. Quasiment indolore, il peut \u00eatre pratiqu\u00e9 chez le gyn\u00e9cologue et dure environ 5 minutes. Il ne requiert pas l\u2019administration d\u2019hormones et la patiente n&rsquo;est pas incommod\u00e9e. En g\u00e9n\u00e9ral, on observe une r\u00e9duction des sympt\u00f4mes de jusqu&rsquo;\u00e0 90\u00a0% apr\u00e8s 3 s\u00e9ances (cf. IRCCS, San Raffaele).<\/p>\n\t<\/div>\n<\/article><!-- #post-## -->\n\n<article id=\"post-135\" class=\"post-135 service type-service status-publish hentry fr-FR\">\n\t<header class=\"entry-header\">\n\t\t<h2 class=\"entry-title\"><a href=\"https:\/\/www.sgn-berlin.de\/fr\/service\/suivi-de-grossesse\/\" rel=\"bookmark\">Suivi de grossesse<\/a><\/h2>\t<\/header>\n\n\t<div class=\"entry-content\">\n\t\t<p>Nous vous accompagnons tout au long de cette p\u00e9riode si particuli\u00e8re qu\u2019est la grossesse. En compl\u00e9ment des \u00e9chographies prescrites par la maternit\u00e9, nous effectuons sur demande des tests suppl\u00e9mentaires par ultrason, frottis ou prise de sang (tests s\u00e9rologiques permettant de d\u00e9tecter une infection chez l\u2019enfant, tests par pr\u00e9l\u00e8vement des streptocoques b\u00e9ta-h\u00e9molysants, imagerie 3D).<\/p>\n\t<\/div>\n<\/article><!-- #post-## -->\n\n<article id=\"post-137\" class=\"post-137 service type-service status-publish hentry fr-FR\">\n\t<header class=\"entry-header\">\n\t\t<h2 class=\"entry-title\"><a href=\"https:\/\/www.sgn-berlin.de\/fr\/service\/contraception\/\" rel=\"bookmark\">Contraception<\/a><\/h2>\t<\/header>\n\n\t<div class=\"entry-content\">\n\t\t<p>Les attentes d\u2019une femme en mati\u00e8re de contraception varient au cours de ses ann\u00e9es de fertilit\u00e9. Puisque chaque femme est unique, nous nous engageons \u00e0 trouver votre moyen de contraception id\u00e9al, en accord avec vos souhaits et vos convictions.<\/p>\n<p>Quelques m\u00e9thodes possibles :<\/p>\n<ul>\n<li>Contraceptifs oraux (pilule)<\/li>\n<li>Nuvaring (anneau vaginal hormonal)<\/li>\n<li>Timbre contraceptif<\/li>\n<li>Injection hormonale trimestrielle<\/li>\n<li>St\u00e9rilet hormonal (Mirena, Yaydess)<\/li>\n<li>St\u00e9rilet en cuivre (DIU)<\/li>\n<\/ul>\n<p>Venez en parler avec nous! Nous serions ravis de pouvoir vous conseiller en d\u00e9tail sur chacune de ces m\u00e9thodes.<\/p>\n\t<\/div>\n<\/article><!-- #post-## -->\n\n<article id=\"post-142\" class=\"post-142 service type-service status-publish hentry fr-FR\">\n\t<header class=\"entry-header\">\n\t\t<h2 class=\"entry-title\"><a href=\"https:\/\/www.sgn-berlin.de\/fr\/service\/consultations-pour-jeunes-femmes\/\" rel=\"bookmark\">Consultations pour jeunes femmes<\/a><\/h2>\t<\/header>\n\n\t<div class=\"entry-content\">\n\t\t<p>Nous accueillons les jeunes femmes et adolescentes pour discuter de questions relatives aux changements physiques, \u00e0 la menstruation, \u00e0 la sexualit\u00e9 et \u00e0 la contraception, seules ou accompagn\u00e9es d\u2019un(e) ami(e), de leur partenaire ou de leur m\u00e8re. Nous prenons le temps de r\u00e9pondre \u00e0 chacune de vos questions et traitons tous nos \u00e9changes avec la plus grande discr\u00e9tion. Le premier rendez-vous sera principalement l\u2019occasion d\u2019apprendre \u00e0 conna\u00eetre le cabinet pas \u00e0 pas. Le premier examen gyn\u00e9cologique ne se fera, en l\u2019absence de plainte pr\u00e9cise, bien entendu que plus tard.<\/p>\n<p>Nous r\u00e9pondrons \u00e9galement volontiers \u00e0 vos questions sur les infections sexuellement transmissibles et le vaccin contre le papillomavirus.<\/p>\n\t<\/div>\n<\/article><!-- #post-## -->\n\n<article id=\"post-147\" class=\"post-147 service type-service status-publish hentry fr-FR\">\n\t<header class=\"entry-header\">\n\t\t<h2 class=\"entry-title\"><a href=\"https:\/\/www.sgn-berlin.de\/fr\/service\/menopause-diagnostic-hormonal-et-therapie\/\" rel=\"bookmark\">M\u00e9nopause (diagnostic hormonal et th\u00e9rapie)<\/a><\/h2>\t<\/header>\n\n\t<div class=\"entry-content\">\n\t\t<p>Pour beaucoup de femmes, la m\u00e9nopause est une p\u00e9riode charni\u00e8re de la vie avec son lot de bouleversements physiques. Nous serions heureux de vous accompagner dans cette p\u00e9riode. L\u2019arr\u00eat de la production d\u2019hormones par les ovaires est l\u2019\u00e9l\u00e9ment cl\u00e9 des changements corporels, provoquant souvent des troubles. Dans certains cas, des ajustements dans les habitudes de vie ou une th\u00e9rapie \u00e0 base de plantes suffisent \u00e0 all\u00e9ger les sympt\u00f4mes. Dans d\u2019autres cas, il est n\u00e9cessaire de suivre une th\u00e9rapie hormonale.<\/p>\n<p>Nous vous conseillerons le type de traitement le plus adapt\u00e9 pour vous.<\/p>\n\t<\/div>\n<\/article><!-- #post-## -->\n\n<article id=\"post-151\" class=\"post-151 service type-service status-publish hentry fr-FR\">\n\t<header class=\"entry-header\">\n\t\t<h2 class=\"entry-title\"><a href=\"https:\/\/www.sgn-berlin.de\/fr\/service\/psychosomatiques\/\" rel=\"bookmark\">Maladies psychosomatiques<\/a><\/h2>\t<\/header>\n\n\t<div class=\"entry-content\">\n\t\t<p>Les maladies g\u00e9nitales sont g\u00e9n\u00e9ralement un fardeau majeur pour les personnes touch\u00e9es. Les femmes souffrant d&rsquo;inflammation, de d\u00e9mangeaisons, de br\u00fblures ou de douleurs dans la r\u00e9gion g\u00e9nitale sont souvent r\u00e9ticentes \u00e0 parler ouvertement des probl\u00e8mes ou \u00e0 demander de l&rsquo;aide. L&rsquo;une des maladies inflammatoires cutan\u00e9es les plus courantes de la vulve est ce qu&rsquo;on appelle le scl\u00e9rose du lichen (LS).<\/p>\n<p>Plus d&rsquo;informations ici<\/p>\n\t<\/div>\n<\/article><!-- #post-## -->\n\n<article id=\"post-153\" class=\"post-153 service type-service status-publish hentry fr-FR\">\n\t<header class=\"entry-header\">\n\t\t<h2 class=\"entry-title\"><a href=\"https:\/\/www.sgn-berlin.de\/fr\/service\/gene-vaginale\/\" rel=\"bookmark\">G\u00eane vaginale<\/a><\/h2>\t<\/header>\n\n\t<div class=\"entry-content\">\n\t\t<p>Avant chaque th\u00e9rapie, la discussion personnelle entre le m\u00e9decin et le patient est tr\u00e8s importante. Dans ma pratique \u00e0 Berlin, vous pouvez me parler tr\u00e8s ouvertement de vos pr\u00e9occupations et de vos souhaits. Sur la base de vos r\u00e9sultats individuels, je vous informerai discr\u00e8tement et honn\u00eatement sur les options th\u00e9rapeutiques pour les plaintes vaginales et vous informerai de femme \u00e0 femme en d\u00e9tail sur la proc\u00e9dure, les caract\u00e9ristiques sp\u00e9ciales et les effets secondaires possibles du traitement MonaLisa Touch\u00ae.<\/p>\n<p>Plus d&rsquo;informations ici<\/p>\n\t<\/div>\n<\/article><!-- #post-## -->\n<\/div>","protected":false},"excerpt":{"rendered":"<p>&nbsp; Nous vous proposons un large spectre de services en gyn\u00e9cologie et obst\u00e9trique. Nous attachons beaucoup d\u2019importance \u00e0 la qualit\u00e9 de nos soins et de notre accueil. Nos prestations comprennent\u00a0:<\/p>\n","protected":false},"author":1,"featured_media":0,"parent":123,"menu_order":30,"comment_status":"closed","ping_status":"closed","template":"","meta":{"_locale":"fr_FR","_original_post":"22","footnotes":""},"class_list":["post-131","page","type-page","status-publish","hentry","fr-FR"],"yoast_head":"<!-- This site is optimized with the Yoast SEO plugin v26.7 - https:\/\/yoast.com\/wordpress\/plugins\/seo\/ -->\n<title>Nos prestations | Pratique gyn\u00e9cologique | SGN Berlin<\/title>\n<meta name=\"description\" content=\"En savoir plus sur notre large gamme de services ici | Sp\u00e9cialiste en gyn\u00e9cologie et obst\u00e9trique | praxis@sgn-berlin.de | T +49 (0)30 30 10 91 93\" \/>\n<meta name=\"robots\" content=\"index, follow, max-snippet:-1, max-image-preview:large, max-video-preview:-1\" \/>\n<link rel=\"canonical\" href=\"https:\/\/www.sgn-berlin.de\/fr\/nos-prestations\/\" \/>\n<meta property=\"og:locale\" content=\"fr_FR\" \/>\n<meta property=\"og:type\" content=\"article\" \/>\n<meta property=\"og:title\" content=\"Nos prestations | Pratique gyn\u00e9cologique | SGN Berlin\" \/>\n<meta property=\"og:description\" content=\"En savoir plus sur notre large gamme de services ici | Sp\u00e9cialiste en gyn\u00e9cologie et obst\u00e9trique | praxis@sgn-berlin.de | T +49 (0)30 30 10 91 93\" \/>\n<meta property=\"og:url\" content=\"https:\/\/www.sgn-berlin.de\/fr\/nos-prestations\/\" \/>\n<meta property=\"og:site_name\" content=\"SGN Berlin\" \/>\n<meta property=\"article:modified_time\" content=\"2021-02-02T09:27:52+00:00\" \/>\n<meta property=\"og:image\" content=\"https:\/\/www.sgn-berlin.de\/wp-content\/uploads\/2018\/11\/IMG_0037-Bearbeitet_k-600x528.jpg\" \/>\n<meta name=\"twitter:card\" content=\"summary_large_image\" \/>\n<script type=\"application\/ld+json\" class=\"yoast-schema-graph\">{\"@context\":\"https:\/\/schema.org\",\"@graph\":[{\"@type\":\"WebPage\",\"@id\":\"https:\/\/www.sgn-berlin.de\/fr\/nos-prestations\/\",\"url\":\"https:\/\/www.sgn-berlin.de\/fr\/nos-prestations\/\",\"name\":\"Nos prestations | Pratique gyn\u00e9cologique | SGN Berlin\",\"isPartOf\":{\"@id\":\"https:\/\/www.sgn-berlin.de\/#website\"},\"datePublished\":\"2021-01-03T16:49:36+00:00\",\"dateModified\":\"2021-02-02T09:27:52+00:00\",\"description\":\"En savoir plus sur notre large gamme de services ici | Sp\u00e9cialiste en gyn\u00e9cologie et obst\u00e9trique | praxis@sgn-berlin.de | T +49 (0)30 30 10 91 93\",\"breadcrumb\":{\"@id\":\"https:\/\/www.sgn-berlin.de\/fr\/nos-prestations\/#breadcrumb\"},\"inLanguage\":\"fr-FR\",\"potentialAction\":[{\"@type\":\"ReadAction\",\"target\":[\"https:\/\/www.sgn-berlin.de\/fr\/nos-prestations\/\"]}]},{\"@type\":\"BreadcrumbList\",\"@id\":\"https:\/\/www.sgn-berlin.de\/fr\/nos-prestations\/#breadcrumb\",\"itemListElement\":[{\"@type\":\"ListItem\",\"position\":1,\"name\":\"Home\",\"item\":\"https:\/\/www.sgn-berlin.de\/fr\/\"},{\"@type\":\"ListItem\",\"position\":2,\"name\":\"Bienvenue dans votre cabinet de gyn\u00e9cologie\",\"item\":\"https:\/\/www.sgn-berlin.de\/fr\/\"},{\"@type\":\"ListItem\",\"position\":3,\"name\":\"Nos prestations\"}]},{\"@type\":\"WebSite\",\"@id\":\"https:\/\/www.sgn-berlin.de\/#website\",\"url\":\"https:\/\/www.sgn-berlin.de\/\",\"name\":\"SGN Berlin\",\"description\":\"\",\"publisher\":{\"@id\":\"https:\/\/www.sgn-berlin.de\/#organization\"},\"potentialAction\":[{\"@type\":\"SearchAction\",\"target\":{\"@type\":\"EntryPoint\",\"urlTemplate\":\"https:\/\/www.sgn-berlin.de\/?s={search_term_string}\"},\"query-input\":{\"@type\":\"PropertyValueSpecification\",\"valueRequired\":true,\"valueName\":\"search_term_string\"}}],\"inLanguage\":\"fr-FR\"},{\"@type\":\"Organization\",\"@id\":\"https:\/\/www.sgn-berlin.de\/#organization\",\"name\":\"Dr. med. Sybille G\u00f6rlitz-Novakovic | Fach\u00e4rztin f\u00fcr Gyn\u00e4kologie und Geburtshilfe\",\"url\":\"https:\/\/www.sgn-berlin.de\/\",\"logo\":{\"@type\":\"ImageObject\",\"inLanguage\":\"fr-FR\",\"@id\":\"https:\/\/www.sgn-berlin.de\/#\/schema\/logo\/image\/\",\"url\":\"https:\/\/www.sgn-berlin.de\/wp-content\/uploads\/2022\/05\/Bildschirmfoto-2022-05-31-um-15.48.37.png\",\"contentUrl\":\"https:\/\/www.sgn-berlin.de\/wp-content\/uploads\/2022\/05\/Bildschirmfoto-2022-05-31-um-15.48.37.png\",\"width\":228,\"height\":107,\"caption\":\"Dr. med. Sybille G\u00f6rlitz-Novakovic | Fach\u00e4rztin f\u00fcr Gyn\u00e4kologie und Geburtshilfe\"},\"image\":{\"@id\":\"https:\/\/www.sgn-berlin.de\/#\/schema\/logo\/image\/\"}}]}<\/script>\n<!-- \/ Yoast SEO plugin. -->","yoast_head_json":{"title":"Nos prestations | Pratique gyn\u00e9cologique | SGN Berlin","description":"En savoir plus sur notre large gamme de services ici | Sp\u00e9cialiste en gyn\u00e9cologie et obst\u00e9trique | praxis@sgn-berlin.de | T +49 (0)30 30 10 91 93","robots":{"index":"index","follow":"follow","max-snippet":"max-snippet:-1","max-image-preview":"max-image-preview:large","max-video-preview":"max-video-preview:-1"},"canonical":"https:\/\/www.sgn-berlin.de\/fr\/nos-prestations\/","og_locale":"fr_FR","og_type":"article","og_title":"Nos prestations | Pratique gyn\u00e9cologique | SGN Berlin","og_description":"En savoir plus sur notre large gamme de services ici | Sp\u00e9cialiste en gyn\u00e9cologie et obst\u00e9trique | praxis@sgn-berlin.de | T +49 (0)30 30 10 91 93","og_url":"https:\/\/www.sgn-berlin.de\/fr\/nos-prestations\/","og_site_name":"SGN Berlin","article_modified_time":"2021-02-02T09:27:52+00:00","og_image":[{"url":"https:\/\/www.sgn-berlin.de\/wp-content\/uploads\/2018\/11\/IMG_0037-Bearbeitet_k-600x528.jpg","type":"","width":"","height":""}],"twitter_card":"summary_large_image","schema":{"@context":"https:\/\/schema.org","@graph":[{"@type":"WebPage","@id":"https:\/\/www.sgn-berlin.de\/fr\/nos-prestations\/","url":"https:\/\/www.sgn-berlin.de\/fr\/nos-prestations\/","name":"Nos prestations | Pratique gyn\u00e9cologique | SGN Berlin","isPartOf":{"@id":"https:\/\/www.sgn-berlin.de\/#website"},"datePublished":"2021-01-03T16:49:36+00:00","dateModified":"2021-02-02T09:27:52+00:00","description":"En savoir plus sur notre large gamme de services ici | Sp\u00e9cialiste en gyn\u00e9cologie et obst\u00e9trique | praxis@sgn-berlin.de | T +49 (0)30 30 10 91 93","breadcrumb":{"@id":"https:\/\/www.sgn-berlin.de\/fr\/nos-prestations\/#breadcrumb"},"inLanguage":"fr-FR","potentialAction":[{"@type":"ReadAction","target":["https:\/\/www.sgn-berlin.de\/fr\/nos-prestations\/"]}]},{"@type":"BreadcrumbList","@id":"https:\/\/www.sgn-berlin.de\/fr\/nos-prestations\/#breadcrumb","itemListElement":[{"@type":"ListItem","position":1,"name":"Home","item":"https:\/\/www.sgn-berlin.de\/fr\/"},{"@type":"ListItem","position":2,"name":"Bienvenue dans votre cabinet de gyn\u00e9cologie","item":"https:\/\/www.sgn-berlin.de\/fr\/"},{"@type":"ListItem","position":3,"name":"Nos prestations"}]},{"@type":"WebSite","@id":"https:\/\/www.sgn-berlin.de\/#website","url":"https:\/\/www.sgn-berlin.de\/","name":"SGN Berlin","description":"","publisher":{"@id":"https:\/\/www.sgn-berlin.de\/#organization"},"potentialAction":[{"@type":"SearchAction","target":{"@type":"EntryPoint","urlTemplate":"https:\/\/www.sgn-berlin.de\/?s={search_term_string}"},"query-input":{"@type":"PropertyValueSpecification","valueRequired":true,"valueName":"search_term_string"}}],"inLanguage":"fr-FR"},{"@type":"Organization","@id":"https:\/\/www.sgn-berlin.de\/#organization","name":"Dr. med. Sybille G\u00f6rlitz-Novakovic | Fach\u00e4rztin f\u00fcr Gyn\u00e4kologie und Geburtshilfe","url":"https:\/\/www.sgn-berlin.de\/","logo":{"@type":"ImageObject","inLanguage":"fr-FR","@id":"https:\/\/www.sgn-berlin.de\/#\/schema\/logo\/image\/","url":"https:\/\/www.sgn-berlin.de\/wp-content\/uploads\/2022\/05\/Bildschirmfoto-2022-05-31-um-15.48.37.png","contentUrl":"https:\/\/www.sgn-berlin.de\/wp-content\/uploads\/2022\/05\/Bildschirmfoto-2022-05-31-um-15.48.37.png","width":228,"height":107,"caption":"Dr. med. Sybille G\u00f6rlitz-Novakovic | Fach\u00e4rztin f\u00fcr Gyn\u00e4kologie und Geburtshilfe"},"image":{"@id":"https:\/\/www.sgn-berlin.de\/#\/schema\/logo\/image\/"}}]}},"_links":{"self":[{"href":"https:\/\/www.sgn-berlin.de\/wp-json\/wp\/v2\/pages\/131","targetHints":{"allow":["GET"]}}],"collection":[{"href":"https:\/\/www.sgn-berlin.de\/wp-json\/wp\/v2\/pages"}],"about":[{"href":"https:\/\/www.sgn-berlin.de\/wp-json\/wp\/v2\/types\/page"}],"author":[{"embeddable":true,"href":"https:\/\/www.sgn-berlin.de\/wp-json\/wp\/v2\/users\/1"}],"replies":[{"embeddable":true,"href":"https:\/\/www.sgn-berlin.de\/wp-json\/wp\/v2\/comments?post=131"}],"version-history":[{"count":2,"href":"https:\/\/www.sgn-berlin.de\/wp-json\/wp\/v2\/pages\/131\/revisions"}],"predecessor-version":[{"id":750,"href":"https:\/\/www.sgn-berlin.de\/wp-json\/wp\/v2\/pages\/131\/revisions\/750"}],"up":[{"embeddable":true,"href":"https:\/\/www.sgn-berlin.de\/wp-json\/wp\/v2\/pages\/123"}],"wp:attachment":[{"href":"https:\/\/www.sgn-berlin.de\/wp-json\/wp\/v2\/media?parent=131"}],"curies":[{"name":"wp","href":"https:\/\/api.w.org\/{rel}","templated":true}]}}