{"id":159,"date":"2020-04-26T18:15:03","date_gmt":"2020-04-26T16:15:03","guid":{"rendered":"https:\/\/www.sgn-berlin.de\/?page_id=159"},"modified":"2021-02-02T10:28:47","modified_gmt":"2021-02-02T09:28:47","slug":"contact","status":"publish","type":"page","link":"https:\/\/www.sgn-berlin.de\/fr\/contact\/","title":{"rendered":"Contact"},"content":{"rendered":"<div class=\"columns columns-2 active\" data-columns=\"2\">\n<div class=\"column column-1 column-narrow\">\n<p><strong>Dr. med. Sybille G\u00f6rlitz-Novakovic<\/strong><br \/>\nSp\u00e9cialiste en Gyn\u00e9cologie et Obst\u00e9trique<\/p>\n<p>Wilmersdorfer Stra\u00dfe 98\/99<br \/>\n10629 Berlin<\/p>\n<p>T +49 (0)30 30 10 91 93<br \/>\nF +49 (0)30 30 10 91 94<\/p>\n<p style=\"text-align: left;\"><span style=\"color: #000000;\"><a href=\"mailto:praxis@sgn-berlin.de\" target=\"_blank\" rel=\"noopener noreferrer\">praxis@sgn-berlin.de<\/a><\/span><\/p>\n<p>En transports en commun:<br \/>\nU-Bahn: U7, Station Adenauerplatz<br \/>\nS-Bahn: S3, S5, S7, S7, S41, 42, S75, Station Charlottenburg<br \/>\nBus: M49, X34, Station Wilmersdorfer Stra\u00dfe<br \/>\nM310, Station Hindemithplatz<\/p>\n<p>Notre cabinet est accessible aux personnes \u00e0 mobilit\u00e9 r\u00e9duite.<\/p>\n<\/div>\n<div class=\"column column-2 column-wide\">\n<div class=\"gmap-container\">\n<div class=\"gmap-canvas\">https:\/\/www.google.de\/maps\/place\/Wilmersdorfer+Str.+99,+10629+Berlin\/@52.5024061,13.3056974,17z\/data=!3m1!4b1!4m5!3m4!1s0x47a850e7a8f2b5e7:0x69f15e097db245a0!8m2!3d52.5024061!4d13.3078914<\/div>\n<\/div>\n<\/div>\n<\/div>\n","protected":false},"excerpt":{"rendered":"<p>Dr. med. Sybille G\u00f6rlitz-Novakovic Sp\u00e9cialiste en Gyn\u00e9cologie et Obst\u00e9trique Wilmersdorfer Stra\u00dfe 98\/99 10629 Berlin T +49 (0)30 30 10 91 93 F +49 (0)30 30 10 91 94 praxis@sgn-berlin.de En transports en commun: U-Bahn: U7, Station Adenauerplatz S-Bahn: S3, S5, S7, S7, S41, 42, S75, Station Charlottenburg Bus: M49, X34, Station Wilmersdorfer Stra\u00dfe M310, Station [&hellip;]<\/p>\n","protected":false},"author":1,"featured_media":0,"parent":123,"menu_order":50,"comment_status":"closed","ping_status":"closed","template":"","meta":{"_locale":"fr_FR","_original_post":"27","footnotes":""},"class_list":["post-159","page","type-page","status-publish","hentry","fr-FR"],"yoast_head":"<!-- This site is optimized with the Yoast SEO plugin v26.7 - https:\/\/yoast.com\/wordpress\/plugins\/seo\/ -->\n<title>Fran\u00e7ais | Contact | La gyn\u00e9cologue \u00e1 Berlin - SGN Berlin<\/title>\n<meta name=\"description\" content=\"Dr. G\u00f6rlitz-Novakovic, votre m\u00e9decine sp\u00e9cialis\u00e9e dans le domaine Gyn\u00e9cologie \u00e1 Berlin abordera vos probl\u00e8mes de fa\u00e7on individuelle.\" \/>\n<meta name=\"robots\" content=\"index, follow, max-snippet:-1, max-image-preview:large, max-video-preview:-1\" \/>\n<link rel=\"canonical\" href=\"https:\/\/www.sgn-berlin.de\/fr\/contact\/\" \/>\n<meta property=\"og:locale\" content=\"fr_FR\" \/>\n<meta property=\"og:type\" content=\"article\" \/>\n<meta property=\"og:title\" content=\"Fran\u00e7ais | Contact | La gyn\u00e9cologue \u00e1 Berlin - SGN Berlin\" \/>\n<meta property=\"og:description\" content=\"Dr. G\u00f6rlitz-Novakovic, votre m\u00e9decine sp\u00e9cialis\u00e9e dans le domaine Gyn\u00e9cologie \u00e1 Berlin abordera vos probl\u00e8mes de fa\u00e7on individuelle.\" \/>\n<meta property=\"og:url\" content=\"https:\/\/www.sgn-berlin.de\/fr\/contact\/\" \/>\n<meta property=\"og:site_name\" content=\"SGN Berlin\" \/>\n<meta property=\"article:modified_time\" content=\"2021-02-02T09:28:47+00:00\" \/>\n<meta name=\"twitter:card\" content=\"summary_large_image\" \/>\n<script type=\"application\/ld+json\" class=\"yoast-schema-graph\">{\"@context\":\"https:\/\/schema.org\",\"@graph\":[{\"@type\":\"WebPage\",\"@id\":\"https:\/\/www.sgn-berlin.de\/fr\/contact\/\",\"url\":\"https:\/\/www.sgn-berlin.de\/fr\/contact\/\",\"name\":\"Fran\u00e7ais | Contact | La gyn\u00e9cologue \u00e1 Berlin - SGN Berlin\",\"isPartOf\":{\"@id\":\"https:\/\/www.sgn-berlin.de\/#website\"},\"datePublished\":\"2020-04-26T16:15:03+00:00\",\"dateModified\":\"2021-02-02T09:28:47+00:00\",\"description\":\"Dr. G\u00f6rlitz-Novakovic, votre m\u00e9decine sp\u00e9cialis\u00e9e dans le domaine Gyn\u00e9cologie \u00e1 Berlin abordera vos probl\u00e8mes de fa\u00e7on individuelle.\",\"breadcrumb\":{\"@id\":\"https:\/\/www.sgn-berlin.de\/fr\/contact\/#breadcrumb\"},\"inLanguage\":\"fr-FR\",\"potentialAction\":[{\"@type\":\"ReadAction\",\"target\":[\"https:\/\/www.sgn-berlin.de\/fr\/contact\/\"]}]},{\"@type\":\"BreadcrumbList\",\"@id\":\"https:\/\/www.sgn-berlin.de\/fr\/contact\/#breadcrumb\",\"itemListElement\":[{\"@type\":\"ListItem\",\"position\":1,\"name\":\"Home\",\"item\":\"https:\/\/www.sgn-berlin.de\/fr\/\"},{\"@type\":\"ListItem\",\"position\":2,\"name\":\"Bienvenue dans votre cabinet de gyn\u00e9cologie\",\"item\":\"https:\/\/www.sgn-berlin.de\/fr\/\"},{\"@type\":\"ListItem\",\"position\":3,\"name\":\"Contact\"}]},{\"@type\":\"WebSite\",\"@id\":\"https:\/\/www.sgn-berlin.de\/#website\",\"url\":\"https:\/\/www.sgn-berlin.de\/\",\"name\":\"SGN Berlin\",\"description\":\"\",\"publisher\":{\"@id\":\"https:\/\/www.sgn-berlin.de\/#organization\"},\"potentialAction\":[{\"@type\":\"SearchAction\",\"target\":{\"@type\":\"EntryPoint\",\"urlTemplate\":\"https:\/\/www.sgn-berlin.de\/?s={search_term_string}\"},\"query-input\":{\"@type\":\"PropertyValueSpecification\",\"valueRequired\":true,\"valueName\":\"search_term_string\"}}],\"inLanguage\":\"fr-FR\"},{\"@type\":\"Organization\",\"@id\":\"https:\/\/www.sgn-berlin.de\/#organization\",\"name\":\"Dr. med. Sybille G\u00f6rlitz-Novakovic | Fach\u00e4rztin f\u00fcr Gyn\u00e4kologie und Geburtshilfe\",\"url\":\"https:\/\/www.sgn-berlin.de\/\",\"logo\":{\"@type\":\"ImageObject\",\"inLanguage\":\"fr-FR\",\"@id\":\"https:\/\/www.sgn-berlin.de\/#\/schema\/logo\/image\/\",\"url\":\"https:\/\/www.sgn-berlin.de\/wp-content\/uploads\/2022\/05\/Bildschirmfoto-2022-05-31-um-15.48.37.png\",\"contentUrl\":\"https:\/\/www.sgn-berlin.de\/wp-content\/uploads\/2022\/05\/Bildschirmfoto-2022-05-31-um-15.48.37.png\",\"width\":228,\"height\":107,\"caption\":\"Dr. med. Sybille G\u00f6rlitz-Novakovic | Fach\u00e4rztin f\u00fcr Gyn\u00e4kologie und Geburtshilfe\"},\"image\":{\"@id\":\"https:\/\/www.sgn-berlin.de\/#\/schema\/logo\/image\/\"}}]}<\/script>\n<!-- \/ Yoast SEO plugin. -->","yoast_head_json":{"title":"Fran\u00e7ais | Contact | La gyn\u00e9cologue \u00e1 Berlin - SGN Berlin","description":"Dr. G\u00f6rlitz-Novakovic, votre m\u00e9decine sp\u00e9cialis\u00e9e dans le domaine Gyn\u00e9cologie \u00e1 Berlin abordera vos probl\u00e8mes de fa\u00e7on individuelle.","robots":{"index":"index","follow":"follow","max-snippet":"max-snippet:-1","max-image-preview":"max-image-preview:large","max-video-preview":"max-video-preview:-1"},"canonical":"https:\/\/www.sgn-berlin.de\/fr\/contact\/","og_locale":"fr_FR","og_type":"article","og_title":"Fran\u00e7ais | Contact | La gyn\u00e9cologue \u00e1 Berlin - SGN Berlin","og_description":"Dr. G\u00f6rlitz-Novakovic, votre m\u00e9decine sp\u00e9cialis\u00e9e dans le domaine Gyn\u00e9cologie \u00e1 Berlin abordera vos probl\u00e8mes de fa\u00e7on individuelle.","og_url":"https:\/\/www.sgn-berlin.de\/fr\/contact\/","og_site_name":"SGN Berlin","article_modified_time":"2021-02-02T09:28:47+00:00","twitter_card":"summary_large_image","schema":{"@context":"https:\/\/schema.org","@graph":[{"@type":"WebPage","@id":"https:\/\/www.sgn-berlin.de\/fr\/contact\/","url":"https:\/\/www.sgn-berlin.de\/fr\/contact\/","name":"Fran\u00e7ais | Contact | La gyn\u00e9cologue \u00e1 Berlin - SGN Berlin","isPartOf":{"@id":"https:\/\/www.sgn-berlin.de\/#website"},"datePublished":"2020-04-26T16:15:03+00:00","dateModified":"2021-02-02T09:28:47+00:00","description":"Dr. G\u00f6rlitz-Novakovic, votre m\u00e9decine sp\u00e9cialis\u00e9e dans le domaine Gyn\u00e9cologie \u00e1 Berlin abordera vos probl\u00e8mes de fa\u00e7on individuelle.","breadcrumb":{"@id":"https:\/\/www.sgn-berlin.de\/fr\/contact\/#breadcrumb"},"inLanguage":"fr-FR","potentialAction":[{"@type":"ReadAction","target":["https:\/\/www.sgn-berlin.de\/fr\/contact\/"]}]},{"@type":"BreadcrumbList","@id":"https:\/\/www.sgn-berlin.de\/fr\/contact\/#breadcrumb","itemListElement":[{"@type":"ListItem","position":1,"name":"Home","item":"https:\/\/www.sgn-berlin.de\/fr\/"},{"@type":"ListItem","position":2,"name":"Bienvenue dans votre cabinet de gyn\u00e9cologie","item":"https:\/\/www.sgn-berlin.de\/fr\/"},{"@type":"ListItem","position":3,"name":"Contact"}]},{"@type":"WebSite","@id":"https:\/\/www.sgn-berlin.de\/#website","url":"https:\/\/www.sgn-berlin.de\/","name":"SGN Berlin","description":"","publisher":{"@id":"https:\/\/www.sgn-berlin.de\/#organization"},"potentialAction":[{"@type":"SearchAction","target":{"@type":"EntryPoint","urlTemplate":"https:\/\/www.sgn-berlin.de\/?s={search_term_string}"},"query-input":{"@type":"PropertyValueSpecification","valueRequired":true,"valueName":"search_term_string"}}],"inLanguage":"fr-FR"},{"@type":"Organization","@id":"https:\/\/www.sgn-berlin.de\/#organization","name":"Dr. med. Sybille G\u00f6rlitz-Novakovic | Fach\u00e4rztin f\u00fcr Gyn\u00e4kologie und Geburtshilfe","url":"https:\/\/www.sgn-berlin.de\/","logo":{"@type":"ImageObject","inLanguage":"fr-FR","@id":"https:\/\/www.sgn-berlin.de\/#\/schema\/logo\/image\/","url":"https:\/\/www.sgn-berlin.de\/wp-content\/uploads\/2022\/05\/Bildschirmfoto-2022-05-31-um-15.48.37.png","contentUrl":"https:\/\/www.sgn-berlin.de\/wp-content\/uploads\/2022\/05\/Bildschirmfoto-2022-05-31-um-15.48.37.png","width":228,"height":107,"caption":"Dr. med. Sybille G\u00f6rlitz-Novakovic | Fach\u00e4rztin f\u00fcr Gyn\u00e4kologie und Geburtshilfe"},"image":{"@id":"https:\/\/www.sgn-berlin.de\/#\/schema\/logo\/image\/"}}]}},"_links":{"self":[{"href":"https:\/\/www.sgn-berlin.de\/wp-json\/wp\/v2\/pages\/159","targetHints":{"allow":["GET"]}}],"collection":[{"href":"https:\/\/www.sgn-berlin.de\/wp-json\/wp\/v2\/pages"}],"about":[{"href":"https:\/\/www.sgn-berlin.de\/wp-json\/wp\/v2\/types\/page"}],"author":[{"embeddable":true,"href":"https:\/\/www.sgn-berlin.de\/wp-json\/wp\/v2\/users\/1"}],"replies":[{"embeddable":true,"href":"https:\/\/www.sgn-berlin.de\/wp-json\/wp\/v2\/comments?post=159"}],"version-history":[{"count":7,"href":"https:\/\/www.sgn-berlin.de\/wp-json\/wp\/v2\/pages\/159\/revisions"}],"predecessor-version":[{"id":1280,"href":"https:\/\/www.sgn-berlin.de\/wp-json\/wp\/v2\/pages\/159\/revisions\/1280"}],"up":[{"embeddable":true,"href":"https:\/\/www.sgn-berlin.de\/wp-json\/wp\/v2\/pages\/123"}],"wp:attachment":[{"href":"https:\/\/www.sgn-berlin.de\/wp-json\/wp\/v2\/media?parent=159"}],"curies":[{"name":"wp","href":"https:\/\/api.w.org\/{rel}","templated":true}]}}