{"id":283,"date":"2021-01-14T17:04:28","date_gmt":"2021-01-14T16:04:28","guid":{"rendered":"https:\/\/www.sgn-berlin.de\/?page_id=283"},"modified":"2021-02-02T10:29:13","modified_gmt":"2021-02-02T09:29:13","slug":"mentions-legales","status":"publish","type":"page","link":"https:\/\/www.sgn-berlin.de\/fr\/mentions-legales\/","title":{"rendered":"Mentions l\u00e9gales"},"content":{"rendered":"<div class=\"columns columns-2\" data-columns=\"2\">\n<div class=\"column column-1\">\n<h2>Impressum<\/h2>\n<p>Dr. med. Sybille G\u00f6rlitz-Novakovic<br \/>\nFach\u00e4rztin f\u00fcr Gyn\u00e4kologie und Geburtshilfe<\/p>\n<p>Wilmersdorfer Stra\u00dfe 98\/99<br \/>\n10627 Berlin<\/p>\n<p>T +49 (0)30 30 10 91 93<br \/>\nF +49 (0)30 30 10 91 94<\/p>\n<p>praxis@sgn-berlin.de<\/p>\n<p>Zust\u00e4ndige Aufsichtsbeh\u00f6rde:<br \/>\nKassen\u00e4rztliche Vereinigung Berlin,<br \/>\nMasurenallee 6 A, 14057 Berlin<br \/>\nwww.kvberlin.de<\/p>\n<p>Zust\u00e4ndige Kammer:<br \/>\n\u00c4rztekammer Berlin, Friedrichstr. 16, 10969 Berlin<br \/>\nwww.aerztekammer-berlin.de,<\/p>\n<p>Berufsbezeichnung: \u00c4rztin f\u00fcr Frauenheilkunde, Doktor<br \/>\nder Medizin, verliehen durch den Fachbereich der Medizin,<br \/>\nFreie Universit\u00e4t Berlin (Bundesrepublik Deutschland)<\/p>\n<p>Berufsrechtliche Regelungen:<br \/>\n\u2013 Berufsordnung der \u00c4rztekammer Berlin<br \/>\n\u2013 Approbationsordnung f\u00fcr \u00c4rzte<br \/>\n\u2013 Berliner Kammergesetz<br \/>\nInformationen zu den berufsrechtlichen Regelungen erhalten Sie bei der \u00c4rztekammer Berlin<\/p>\n<p>Inhaltlich verantwortlich gem\u00e4\u00df \u00a7 5 Telemediengesetz (TMG): Dr. med. Sybille G\u00f6rlitz-Novakovic (Anschrift wie oben)<\/p>\n<p>Haftungshinweis: Trotz sorgf\u00e4ltiger inhaltlicher Kontrolle \u00fcbernehmen wir keine Haftung f\u00fcr die Inhalte externer Links. F\u00fcr den Inhalt der verlinkten Seiten sind ausschlie\u00dflich deren Betreiber verantwortlich.<\/p>\n<p>Konzeption, Design und technische Umsetzung: <a href=\"http:\/\/www.smithberlin.com\">smithberlin.com<\/a><\/p>\n<\/div>\n<div class=\"column column-2\">\n<h2>Datenschutz<\/h2>\n<p>Mit dem Besuch unseres Internetauftritts oder der Kontaktaufnahme per e-Mail mit unserer Praxis, erkl\u00e4ren Sie sich einverstanden, dass Sie uns damit personenbezogene Daten (z.B. IP-Adresse, Name, Anschrift, e-Mail-Adresse) \u00fcberlassen, die zum Teil automatisch auf einem Server verarbeitet werden.<\/p>\n<p>Wir verpflichten uns, Ihre Daten vertraulich zu behandeln. Wir verwenden die uns \u00fcbermittelten Daten nur zur Beantwortung ihrer Anfragen oder zur Erf\u00fcllung von vertraglich zu erbrin-genden Leistungen und geben keine pers\u00f6nlichen Daten an Dritte weiter.<\/p>\n<p>Eine Haftung f\u00fcr eventuelle Datenschutzverletzungen in anderen Angeboten, auf die ich einen Link gesetzt haben, \u00fcbernehme ich nicht. Bitte beachten Sie die dort aufge-f\u00fchrten Erkl\u00e4rungen zum Datenschutz. Wir behalten uns<br \/>\ndas Recht vor, diese Richtlinien jederzeit unter Beachtung der datenschutzrechtlichen Vorgaben zu \u00e4ndern.<\/p>\n<p>Beachten Sie bitte, dass die \u00dcbermittlung von pers\u00f6nlichen Daten, wie z.B. durch die Versendung einer e-Mail, ungesch\u00fctzt \u00fcber das Internet erfolgt und von Dritten eingesehen werden k\u00f6nnte. Wir \u00fcbernehmen deshalb keine Garantie f\u00fcr die Vertraulichkeit dieser Daten\u00fcbermittlung.<\/p>\n<\/div>\n<\/div>\n","protected":false},"excerpt":{"rendered":"<p>Impressum Dr. med. Sybille G\u00f6rlitz-Novakovic Fach\u00e4rztin f\u00fcr Gyn\u00e4kologie und Geburtshilfe Wilmersdorfer Stra\u00dfe 98\/99 10627 Berlin T +49 (0)30 30 10 91 93 F +49 (0)30 30 10 91 94 praxis@sgn-berlin.de Zust\u00e4ndige Aufsichtsbeh\u00f6rde: Kassen\u00e4rztliche Vereinigung Berlin, Masurenallee 6 A, 14057 Berlin www.kvberlin.de Zust\u00e4ndige Kammer: \u00c4rztekammer Berlin, Friedrichstr. 16, 10969 Berlin www.aerztekammer-berlin.de, Berufsbezeichnung: \u00c4rztin f\u00fcr Frauenheilkunde, Doktor [&hellip;]<\/p>\n","protected":false},"author":1,"featured_media":0,"parent":0,"menu_order":0,"comment_status":"closed","ping_status":"closed","template":"","meta":{"_locale":"fr_FR","_original_post":"48","footnotes":""},"class_list":["post-283","page","type-page","status-publish","hentry","fr-FR"],"yoast_head":"<!-- This site is optimized with the Yoast SEO plugin v26.7 - https:\/\/yoast.com\/wordpress\/plugins\/seo\/ -->\n<title>Mentions l\u00e9gales &amp; protection des donn\u00e9es | SGN Berlin<\/title>\n<meta name=\"description\" content=\"Dr. med. Sybille G\u00f6rlitz-Novakovic | Sp\u00e9cialiste en gyn\u00e9cologie et obst\u00e9trique | Wilmersdorfer Str. 98\/99 10629 Berlin | T +49 (0) 30 30 10 91 93\" \/>\n<meta name=\"robots\" content=\"index, follow, max-snippet:-1, max-image-preview:large, max-video-preview:-1\" \/>\n<link rel=\"canonical\" href=\"https:\/\/www.sgn-berlin.de\/fr\/mentions-legales\/\" \/>\n<meta property=\"og:locale\" content=\"fr_FR\" \/>\n<meta property=\"og:type\" content=\"article\" \/>\n<meta property=\"og:title\" content=\"Mentions l\u00e9gales &amp; protection des donn\u00e9es | SGN Berlin\" \/>\n<meta property=\"og:description\" content=\"Dr. med. Sybille G\u00f6rlitz-Novakovic | Sp\u00e9cialiste en gyn\u00e9cologie et obst\u00e9trique | Wilmersdorfer Str. 98\/99 10629 Berlin | T +49 (0) 30 30 10 91 93\" \/>\n<meta property=\"og:url\" content=\"https:\/\/www.sgn-berlin.de\/fr\/mentions-legales\/\" \/>\n<meta property=\"og:site_name\" content=\"SGN Berlin\" \/>\n<meta property=\"article:modified_time\" content=\"2021-02-02T09:29:13+00:00\" \/>\n<meta name=\"twitter:card\" content=\"summary_large_image\" \/>\n<meta name=\"twitter:label1\" content=\"Dur\u00e9e de lecture estim\u00e9e\" \/>\n\t<meta name=\"twitter:data1\" content=\"2 minutes\" \/>\n<script type=\"application\/ld+json\" class=\"yoast-schema-graph\">{\"@context\":\"https:\/\/schema.org\",\"@graph\":[{\"@type\":\"WebPage\",\"@id\":\"https:\/\/www.sgn-berlin.de\/fr\/mentions-legales\/\",\"url\":\"https:\/\/www.sgn-berlin.de\/fr\/mentions-legales\/\",\"name\":\"Mentions l\u00e9gales & protection des donn\u00e9es | SGN Berlin\",\"isPartOf\":{\"@id\":\"https:\/\/www.sgn-berlin.de\/#website\"},\"datePublished\":\"2021-01-14T16:04:28+00:00\",\"dateModified\":\"2021-02-02T09:29:13+00:00\",\"description\":\"Dr. med. Sybille G\u00f6rlitz-Novakovic | Sp\u00e9cialiste en gyn\u00e9cologie et obst\u00e9trique | Wilmersdorfer Str. 98\/99 10629 Berlin | T +49 (0) 30 30 10 91 93\",\"breadcrumb\":{\"@id\":\"https:\/\/www.sgn-berlin.de\/fr\/mentions-legales\/#breadcrumb\"},\"inLanguage\":\"fr-FR\",\"potentialAction\":[{\"@type\":\"ReadAction\",\"target\":[\"https:\/\/www.sgn-berlin.de\/fr\/mentions-legales\/\"]}]},{\"@type\":\"BreadcrumbList\",\"@id\":\"https:\/\/www.sgn-berlin.de\/fr\/mentions-legales\/#breadcrumb\",\"itemListElement\":[{\"@type\":\"ListItem\",\"position\":1,\"name\":\"Home\",\"item\":\"https:\/\/www.sgn-berlin.de\/fr\/\"},{\"@type\":\"ListItem\",\"position\":2,\"name\":\"Mentions l\u00e9gales\"}]},{\"@type\":\"WebSite\",\"@id\":\"https:\/\/www.sgn-berlin.de\/#website\",\"url\":\"https:\/\/www.sgn-berlin.de\/\",\"name\":\"SGN Berlin\",\"description\":\"\",\"publisher\":{\"@id\":\"https:\/\/www.sgn-berlin.de\/#organization\"},\"potentialAction\":[{\"@type\":\"SearchAction\",\"target\":{\"@type\":\"EntryPoint\",\"urlTemplate\":\"https:\/\/www.sgn-berlin.de\/?s={search_term_string}\"},\"query-input\":{\"@type\":\"PropertyValueSpecification\",\"valueRequired\":true,\"valueName\":\"search_term_string\"}}],\"inLanguage\":\"fr-FR\"},{\"@type\":\"Organization\",\"@id\":\"https:\/\/www.sgn-berlin.de\/#organization\",\"name\":\"Dr. med. Sybille G\u00f6rlitz-Novakovic | Fach\u00e4rztin f\u00fcr Gyn\u00e4kologie und Geburtshilfe\",\"url\":\"https:\/\/www.sgn-berlin.de\/\",\"logo\":{\"@type\":\"ImageObject\",\"inLanguage\":\"fr-FR\",\"@id\":\"https:\/\/www.sgn-berlin.de\/#\/schema\/logo\/image\/\",\"url\":\"https:\/\/www.sgn-berlin.de\/wp-content\/uploads\/2022\/05\/Bildschirmfoto-2022-05-31-um-15.48.37.png\",\"contentUrl\":\"https:\/\/www.sgn-berlin.de\/wp-content\/uploads\/2022\/05\/Bildschirmfoto-2022-05-31-um-15.48.37.png\",\"width\":228,\"height\":107,\"caption\":\"Dr. med. Sybille G\u00f6rlitz-Novakovic | Fach\u00e4rztin f\u00fcr Gyn\u00e4kologie und Geburtshilfe\"},\"image\":{\"@id\":\"https:\/\/www.sgn-berlin.de\/#\/schema\/logo\/image\/\"}}]}<\/script>\n<!-- \/ Yoast SEO plugin. -->","yoast_head_json":{"title":"Mentions l\u00e9gales & protection des donn\u00e9es | SGN Berlin","description":"Dr. med. Sybille G\u00f6rlitz-Novakovic | Sp\u00e9cialiste en gyn\u00e9cologie et obst\u00e9trique | Wilmersdorfer Str. 98\/99 10629 Berlin | T +49 (0) 30 30 10 91 93","robots":{"index":"index","follow":"follow","max-snippet":"max-snippet:-1","max-image-preview":"max-image-preview:large","max-video-preview":"max-video-preview:-1"},"canonical":"https:\/\/www.sgn-berlin.de\/fr\/mentions-legales\/","og_locale":"fr_FR","og_type":"article","og_title":"Mentions l\u00e9gales & protection des donn\u00e9es | SGN Berlin","og_description":"Dr. med. Sybille G\u00f6rlitz-Novakovic | Sp\u00e9cialiste en gyn\u00e9cologie et obst\u00e9trique | Wilmersdorfer Str. 98\/99 10629 Berlin | T +49 (0) 30 30 10 91 93","og_url":"https:\/\/www.sgn-berlin.de\/fr\/mentions-legales\/","og_site_name":"SGN Berlin","article_modified_time":"2021-02-02T09:29:13+00:00","twitter_card":"summary_large_image","twitter_misc":{"Dur\u00e9e de lecture estim\u00e9e":"2 minutes"},"schema":{"@context":"https:\/\/schema.org","@graph":[{"@type":"WebPage","@id":"https:\/\/www.sgn-berlin.de\/fr\/mentions-legales\/","url":"https:\/\/www.sgn-berlin.de\/fr\/mentions-legales\/","name":"Mentions l\u00e9gales & protection des donn\u00e9es | SGN Berlin","isPartOf":{"@id":"https:\/\/www.sgn-berlin.de\/#website"},"datePublished":"2021-01-14T16:04:28+00:00","dateModified":"2021-02-02T09:29:13+00:00","description":"Dr. med. Sybille G\u00f6rlitz-Novakovic | Sp\u00e9cialiste en gyn\u00e9cologie et obst\u00e9trique | Wilmersdorfer Str. 98\/99 10629 Berlin | T +49 (0) 30 30 10 91 93","breadcrumb":{"@id":"https:\/\/www.sgn-berlin.de\/fr\/mentions-legales\/#breadcrumb"},"inLanguage":"fr-FR","potentialAction":[{"@type":"ReadAction","target":["https:\/\/www.sgn-berlin.de\/fr\/mentions-legales\/"]}]},{"@type":"BreadcrumbList","@id":"https:\/\/www.sgn-berlin.de\/fr\/mentions-legales\/#breadcrumb","itemListElement":[{"@type":"ListItem","position":1,"name":"Home","item":"https:\/\/www.sgn-berlin.de\/fr\/"},{"@type":"ListItem","position":2,"name":"Mentions l\u00e9gales"}]},{"@type":"WebSite","@id":"https:\/\/www.sgn-berlin.de\/#website","url":"https:\/\/www.sgn-berlin.de\/","name":"SGN Berlin","description":"","publisher":{"@id":"https:\/\/www.sgn-berlin.de\/#organization"},"potentialAction":[{"@type":"SearchAction","target":{"@type":"EntryPoint","urlTemplate":"https:\/\/www.sgn-berlin.de\/?s={search_term_string}"},"query-input":{"@type":"PropertyValueSpecification","valueRequired":true,"valueName":"search_term_string"}}],"inLanguage":"fr-FR"},{"@type":"Organization","@id":"https:\/\/www.sgn-berlin.de\/#organization","name":"Dr. med. Sybille G\u00f6rlitz-Novakovic | Fach\u00e4rztin f\u00fcr Gyn\u00e4kologie und Geburtshilfe","url":"https:\/\/www.sgn-berlin.de\/","logo":{"@type":"ImageObject","inLanguage":"fr-FR","@id":"https:\/\/www.sgn-berlin.de\/#\/schema\/logo\/image\/","url":"https:\/\/www.sgn-berlin.de\/wp-content\/uploads\/2022\/05\/Bildschirmfoto-2022-05-31-um-15.48.37.png","contentUrl":"https:\/\/www.sgn-berlin.de\/wp-content\/uploads\/2022\/05\/Bildschirmfoto-2022-05-31-um-15.48.37.png","width":228,"height":107,"caption":"Dr. med. Sybille G\u00f6rlitz-Novakovic | Fach\u00e4rztin f\u00fcr Gyn\u00e4kologie und Geburtshilfe"},"image":{"@id":"https:\/\/www.sgn-berlin.de\/#\/schema\/logo\/image\/"}}]}},"_links":{"self":[{"href":"https:\/\/www.sgn-berlin.de\/wp-json\/wp\/v2\/pages\/283","targetHints":{"allow":["GET"]}}],"collection":[{"href":"https:\/\/www.sgn-berlin.de\/wp-json\/wp\/v2\/pages"}],"about":[{"href":"https:\/\/www.sgn-berlin.de\/wp-json\/wp\/v2\/types\/page"}],"author":[{"embeddable":true,"href":"https:\/\/www.sgn-berlin.de\/wp-json\/wp\/v2\/users\/1"}],"replies":[{"embeddable":true,"href":"https:\/\/www.sgn-berlin.de\/wp-json\/wp\/v2\/comments?post=283"}],"version-history":[{"count":4,"href":"https:\/\/www.sgn-berlin.de\/wp-json\/wp\/v2\/pages\/283\/revisions"}],"predecessor-version":[{"id":425,"href":"https:\/\/www.sgn-berlin.de\/wp-json\/wp\/v2\/pages\/283\/revisions\/425"}],"wp:attachment":[{"href":"https:\/\/www.sgn-berlin.de\/wp-json\/wp\/v2\/media?parent=283"}],"curies":[{"name":"wp","href":"https:\/\/api.w.org\/{rel}","templated":true}]}}